{"id":11328,"date":"2017-09-15T14:06:51","date_gmt":"2017-09-15T13:06:51","guid":{"rendered":"http:\/\/www.ordineavvocatipescara.it\/?page_id=11328"},"modified":"2017-09-15T14:06:51","modified_gmt":"2017-09-15T13:06:51","slug":"informativa-12217-deposito-telematico-istanze-pss","status":"publish","type":"page","link":"https:\/\/www.ordineavvocatipescara.it\/index.php\/informativa-12217-deposito-telematico-istanze-pss\/","title":{"rendered":"Informativa 122\/17 (DEPOSITO TELEMATICO ISTANZE PSS)"},"content":{"rendered":"<p><span style=\"color: #000080;\"><strong>\u00a0<\/strong><\/span><\/p>\n<p><span style=\"color: #000080;\"><strong>Lettera informativa n.122\/17 del 15.09.2017 <\/strong><\/span><\/p>\n<p><span style=\"color: #000080;\"><strong>\u00a0<\/strong><\/span><\/p>\n<p><span style=\"color: #ff0000;\"><strong>\u00a01.DEPOSITO TELEMATICO ISTANZE PATROCINIO A SPESE DELLO STATO \u2013PRESENTAZIONE DELLA PIATTAFORMA INFORMATICA<\/strong><\/span><\/p>\n<p style=\"text-align: justify;\"><span style=\"color: #000080;\">Si informano gli iscritti che, nell\u2019ottica della progressiva e obbligatoria digitalizzazione dei documenti cartacei prevista per le Pubbliche Amministrazioni dal D. Lgs. 179\/2016, anche presso l\u2019Ordine di Pescara <strong>sar\u00e0 attivata a breve la modalit\u00e0 telematica per il deposito delle istanze di ammissione al patrocinio a spese dello Stato.<\/strong> La nuova piattaforma informatica, accessibile tramite il sistema \u201c<em>Riconosco\u201d,<\/em> consentir\u00e0 di depositare, monitorare, integrare le istanze &#8211; e ricevere il provvedimento &#8211; direttamente da studio.<\/span><\/p>\n<p style=\"text-align: justify;\"><span style=\"color: #000080;\">Allo scopo di illustrare agli iscritti il funzionamento della nuova piattaforma \u00e8 stato organizzato un evento formativo che si terr\u00e0 <strong>gioved\u00ec<\/strong> <strong>21 settembre, presso l\u2019Aula Riunioni del Tribunale di Pescara,<\/strong> <strong>dalle ore 10.30 alle 13.00 e sar\u00e0 ripetuto nella stessa giornata dalle 14.30 alle 16.30.<\/strong><\/span><\/p>\n<p style=\"text-align: justify;\"><span style=\"color: #000080;\">Non occorre prenotazione. La registrazione dei partecipanti avverr\u00e0 direttamente all\u2019evento, sino ad esaurimento dei posti disponibili (circa 90 posti per ciascuna sessione).<\/span><\/p>\n<p style=\"text-align: justify;\"><span style=\"color: #000080;\"><strong>CREDITI FORMATIVI: 2 <\/strong><\/span><\/p>\n<p><span style=\"color: #000080;\"><strong>\u00a0<\/strong><\/span><\/p>\n<p>&nbsp;<\/p>\n<p>&nbsp;<\/p>\n","protected":false},"excerpt":{"rendered":"<p>\u00a0 Lettera informativa n.122\/17 del 15.09.2017 \u00a0 \u00a01.DEPOSITO TELEMATICO ISTANZE PATROCINIO A SPESE DELLO STATO \u2013PRESENTAZIONE DELLA PIATTAFORMA INFORMATICA Si informano gli iscritti che, nell\u2019ottica della progressiva e obbligatoria digitalizzazione dei documenti cartacei prevista per le Pubbliche Amministrazioni dal D. Lgs. 179\/2016, anche presso l\u2019Ordine di Pescara sar\u00e0 attivata a breve la modalit\u00e0 telematica per [&hellip;]<\/p>\n","protected":false},"author":3,"featured_media":0,"parent":0,"menu_order":0,"comment_status":"closed","ping_status":"closed","template":"","meta":[],"_links":{"self":[{"href":"https:\/\/www.ordineavvocatipescara.it\/index.php\/wp-json\/wp\/v2\/pages\/11328"}],"collection":[{"href":"https:\/\/www.ordineavvocatipescara.it\/index.php\/wp-json\/wp\/v2\/pages"}],"about":[{"href":"https:\/\/www.ordineavvocatipescara.it\/index.php\/wp-json\/wp\/v2\/types\/page"}],"author":[{"embeddable":true,"href":"https:\/\/www.ordineavvocatipescara.it\/index.php\/wp-json\/wp\/v2\/users\/3"}],"replies":[{"embeddable":true,"href":"https:\/\/www.ordineavvocatipescara.it\/index.php\/wp-json\/wp\/v2\/comments?post=11328"}],"version-history":[{"count":1,"href":"https:\/\/www.ordineavvocatipescara.it\/index.php\/wp-json\/wp\/v2\/pages\/11328\/revisions"}],"predecessor-version":[{"id":11329,"href":"https:\/\/www.ordineavvocatipescara.it\/index.php\/wp-json\/wp\/v2\/pages\/11328\/revisions\/11329"}],"wp:attachment":[{"href":"https:\/\/www.ordineavvocatipescara.it\/index.php\/wp-json\/wp\/v2\/media?parent=11328"}],"curies":[{"name":"wp","href":"https:\/\/api.w.org\/{rel}","templated":true}]}}