{"id":11994,"date":"2018-03-01T11:50:08","date_gmt":"2018-03-01T10:50:08","guid":{"rendered":"http:\/\/www.ordineavvocatipescara.it\/?page_id=11994"},"modified":"2018-03-01T11:50:08","modified_gmt":"2018-03-01T10:50:08","slug":"informativa-2518-rinvio-spettacolo-toghe-in-palcoscenico","status":"publish","type":"page","link":"https:\/\/www.ordineavvocatipescara.it\/index.php\/informativa-2518-rinvio-spettacolo-toghe-in-palcoscenico\/","title":{"rendered":"Informativa 25\/18 (RINVIO SPETTACOLO TOGHE IN PALCOSCENICO)"},"content":{"rendered":"<p><span style=\"color: #000080;\"><strong>Lettera informativa n. 25\/18 del 01.03.2018<\/strong><\/span><\/p>\n<p>&nbsp;<\/p>\n<p><span style=\"color: #ff0000;\"><strong>1.<\/strong><strong>RINVIO SPETTACOLO \u201cTOGHE IN PALCOSCENICO\u201d<\/strong><\/span><\/p>\n<p><span style=\"color: #000080;\">Per sopravvenute esigenze organizzative, lo spettacolo della compagnia \u201cToghe in Palcoscenico\u201d, previsto per domani 2 marzo 2018, alle ore 21, presso il cinema teatro Circus di Pescara, <strong>\u00e8<\/strong> <strong>rinviato ad altra data<\/strong>, che sar\u00e0 comunicata con adeguato preavviso.<\/span><\/p>\n<p><span style=\"color: #000080;\">I biglietti gi\u00e0 emessi saranno validi per l\u2019ingresso.<\/span><\/p>\n<p><span style=\"color: #000080;\"><strong>\u00a0<\/strong><\/span><\/p>\n<p><span style=\"color: #000080;\"><strong>\u00a0<\/strong><\/span><\/p>\n","protected":false},"excerpt":{"rendered":"<p>Lettera informativa n. 25\/18 del 01.03.2018 &nbsp; 1.RINVIO SPETTACOLO \u201cTOGHE IN PALCOSCENICO\u201d Per sopravvenute esigenze organizzative, lo spettacolo della compagnia \u201cToghe in Palcoscenico\u201d, previsto per domani 2 marzo 2018, alle ore 21, presso il cinema teatro Circus di Pescara, \u00e8 rinviato ad altra data, che sar\u00e0 comunicata con adeguato preavviso. I biglietti gi\u00e0 emessi saranno [&hellip;]<\/p>\n","protected":false},"author":3,"featured_media":0,"parent":0,"menu_order":0,"comment_status":"closed","ping_status":"closed","template":"","meta":[],"_links":{"self":[{"href":"https:\/\/www.ordineavvocatipescara.it\/index.php\/wp-json\/wp\/v2\/pages\/11994"}],"collection":[{"href":"https:\/\/www.ordineavvocatipescara.it\/index.php\/wp-json\/wp\/v2\/pages"}],"about":[{"href":"https:\/\/www.ordineavvocatipescara.it\/index.php\/wp-json\/wp\/v2\/types\/page"}],"author":[{"embeddable":true,"href":"https:\/\/www.ordineavvocatipescara.it\/index.php\/wp-json\/wp\/v2\/users\/3"}],"replies":[{"embeddable":true,"href":"https:\/\/www.ordineavvocatipescara.it\/index.php\/wp-json\/wp\/v2\/comments?post=11994"}],"version-history":[{"count":1,"href":"https:\/\/www.ordineavvocatipescara.it\/index.php\/wp-json\/wp\/v2\/pages\/11994\/revisions"}],"predecessor-version":[{"id":11995,"href":"https:\/\/www.ordineavvocatipescara.it\/index.php\/wp-json\/wp\/v2\/pages\/11994\/revisions\/11995"}],"wp:attachment":[{"href":"https:\/\/www.ordineavvocatipescara.it\/index.php\/wp-json\/wp\/v2\/media?parent=11994"}],"curies":[{"name":"wp","href":"https:\/\/api.w.org\/{rel}","templated":true}]}}