{"id":15465,"date":"2020-03-05T13:06:10","date_gmt":"2020-03-05T12:06:10","guid":{"rendered":"https:\/\/www.ordineavvocatipescara.it\/?page_id=15465"},"modified":"2020-03-05T13:06:10","modified_gmt":"2020-03-05T12:06:10","slug":"informativa-31-20-astensione-ocf-6-20-marzo","status":"publish","type":"page","link":"https:\/\/www.ordineavvocatipescara.it\/index.php\/informativa-31-20-astensione-ocf-6-20-marzo\/","title":{"rendered":"Informativa 31\/20 (ASTENSIONE OCF 6-20 MARZO)"},"content":{"rendered":"<p><span style=\"color: #000080;\"><strong>\u00a0<\/strong><\/span><\/p>\n<p><span style=\"color: #000080;\"><strong>Lettera informativa n. 31\/20 del 05.03.2020<\/strong><\/span><\/p>\n<p>&nbsp;<\/p>\n<p><span style=\"color: #000080;\"><strong>\u00a0<\/strong><\/span><span style=\"color: #000080;\"><strong>\u00a0<\/strong><\/span><\/p>\n<p><strong><span style=\"color: #ff0000;\">1.OCF \u2013 ASTENSIONE UDIENZE 6-20 MARZO 2020<\/span><\/strong><\/p>\n<p><span style=\"color: #000080;\">L\u2019Ufficio di Coordinamento dell\u2019Organismo Congressuale Forense, nella seduta del 4 marzo 2020, ha indetto <strong>l\u2019astensione dalle udienze e da tutte le attivit\u00e0 giudiziarie, in ogni settore della Giurisdizione, per il periodo di quindici giorni con decorrenza dal 06.03.2020 e fino al 20.03.2020<\/strong>, in conformit\u00e0 alle disposizioni del codice di autoregolamentazione, con esclusione espressa delle udienze e delle attivit\u00e0 giudiziarie relativi alle attivit\u00e0 indispensabili come previste e disciplinate dagli artt. 4, 5 e 6 del \u201c<em>Codice di autoregolamentazione delle astensioni dalle udienze degli Avvocati<\/em>\u201d.<\/span><\/p>\n<p><span style=\"color: #000080;\">ALLEGATI:<\/span><\/p>\n<p><span style=\"color: #000080;\"><em>Delibera OCF astensione<\/em> <a href=\"https:\/\/www.ordineavvocatipescara.it\/wp-content\/uploads\/2020\/03\/OCF-delibera-di-astensione-4.3.2020-1.pdf\">clicca qui<\/a><br \/>\n<\/span><\/p>\n<p><span style=\"color: #000080;\"><em>Vademecum OCF astensione<\/em> <a href=\"https:\/\/www.ordineavvocatipescara.it\/wp-content\/uploads\/2020\/03\/OCF-vademecum-astensione-e-modelli-adesione.pdf\">clicca qui<\/a><br \/>\n<\/span><\/p>\n<p><span style=\"color: #000080;\"><em>Codice Autoregolamentazione<\/em> <a href=\"https:\/\/www.ordineavvocatipescara.it\/wp-content\/uploads\/2020\/03\/codice-autoregolamentazione.pdf\">clicca qui<\/a><br \/>\n<\/span><\/p>\n<p>&nbsp;<\/p>\n","protected":false},"excerpt":{"rendered":"<p>\u00a0 Lettera informativa n. 31\/20 del 05.03.2020 &nbsp; \u00a0\u00a0 1.OCF \u2013 ASTENSIONE UDIENZE 6-20 MARZO 2020 L\u2019Ufficio di Coordinamento dell\u2019Organismo Congressuale Forense, nella seduta del 4 marzo 2020, ha indetto l\u2019astensione dalle udienze e da tutte le attivit\u00e0 giudiziarie, in ogni settore della Giurisdizione, per il periodo di quindici giorni con decorrenza dal 06.03.2020 e [&hellip;]<\/p>\n","protected":false},"author":3,"featured_media":0,"parent":0,"menu_order":0,"comment_status":"closed","ping_status":"closed","template":"","meta":[],"_links":{"self":[{"href":"https:\/\/www.ordineavvocatipescara.it\/index.php\/wp-json\/wp\/v2\/pages\/15465"}],"collection":[{"href":"https:\/\/www.ordineavvocatipescara.it\/index.php\/wp-json\/wp\/v2\/pages"}],"about":[{"href":"https:\/\/www.ordineavvocatipescara.it\/index.php\/wp-json\/wp\/v2\/types\/page"}],"author":[{"embeddable":true,"href":"https:\/\/www.ordineavvocatipescara.it\/index.php\/wp-json\/wp\/v2\/users\/3"}],"replies":[{"embeddable":true,"href":"https:\/\/www.ordineavvocatipescara.it\/index.php\/wp-json\/wp\/v2\/comments?post=15465"}],"version-history":[{"count":2,"href":"https:\/\/www.ordineavvocatipescara.it\/index.php\/wp-json\/wp\/v2\/pages\/15465\/revisions"}],"predecessor-version":[{"id":15470,"href":"https:\/\/www.ordineavvocatipescara.it\/index.php\/wp-json\/wp\/v2\/pages\/15465\/revisions\/15470"}],"wp:attachment":[{"href":"https:\/\/www.ordineavvocatipescara.it\/index.php\/wp-json\/wp\/v2\/media?parent=15465"}],"curies":[{"name":"wp","href":"https:\/\/api.w.org\/{rel}","templated":true}]}}