{"id":15581,"date":"2020-03-11T14:45:54","date_gmt":"2020-03-11T13:45:54","guid":{"rendered":"https:\/\/www.ordineavvocatipescara.it\/?page_id=15581"},"modified":"2020-03-11T14:45:54","modified_gmt":"2020-03-11T13:45:54","slug":"informativa-36-20-emergenza-coronavirus","status":"publish","type":"page","link":"https:\/\/www.ordineavvocatipescara.it\/index.php\/informativa-36-20-emergenza-coronavirus\/","title":{"rendered":"Informativa 36\/20 (EMERGENZA CORONAVIRUS)"},"content":{"rendered":"<p><span style=\"color: #000080;\"><strong>\u00a0<\/strong><\/span><\/p>\n<p><span style=\"color: #000080;\"><strong>Lettera informativa n. 36\/20 del 11.03.2020<\/strong><\/span><\/p>\n<p>&nbsp;<\/p>\n<p>&nbsp;<\/p>\n<p><strong><span style=\"color: #ff0000;\">1.EMERGENZA CORONAVIRUS<\/span><\/strong><\/p>\n<p><span style=\"color: #000080;\"><em>(Si ricorda che tutti i provvedimenti, e relativi aggiornamenti, sono disponibili sul sito dell\u2019Ordine, nella sezione dedicata \u201cCoronavirus- Informazioni\u201d accessibile dalla homepage del sito)<\/em><\/span><\/p>\n<p><span style=\"color: #000080;\"><strong>\u00a0<\/strong><\/span><\/p>\n<p><span style=\"color: #000080;\"><strong>PALAZZO DI GIUSTIZIA<\/strong><\/span><\/p>\n<p><span style=\"color: #000080;\"><strong>\u00a0<\/strong><\/span><span style=\"color: #000080;\">I recenti eventi, tali da richiedere un intervento di sanificazione all\u2019interno del Palazzo di Giustizia, hanno determinato l\u2019esigenza di un\u2019ulteriore riduzione del personale amministrativo, secondo quanto comunicato dal Presidente del Tribunale, il quale segnala il pericolo di un sovraccarico capace di determinare seri disservizi del sistema del PCT.<\/span><\/p>\n<p><span style=\"color: #000080;\">Per quanto sopra, <strong>si invitano i Colleghi a voler evitare il deposito telematico di atti non in scadenza<\/strong>.<\/span><\/p>\n<p>&nbsp;<\/p>\n<p><span style=\"color: #000080;\"><strong>SEGRETERIA COA<\/strong><\/span><\/p>\n<p><span style=\"color: #000080;\">A causa dei medesimi eventi, nei prossimi giorni non sar\u00e0 pi\u00f9 possibile garantire la reperibilit\u00e0 telefonica degli uffici dell\u2019Ordine, ferma restando la possibilit\u00e0 di inviare comunicazioni a mezzo PEC <a style=\"color: #000080;\" href=\"mailto:segreteria@ordineavvocatipescarapec.it\">segreteria@ordineavvocatipescarapec.it<\/a> o email <a style=\"color: #000080;\" href=\"mailto:segreteria@ordineavvocatipescara.it\">segreteria@ordineavvocatipescara.it<\/a>, alle quali, ove necessario, sar\u00e0 dato pronto riscontro.<\/span><\/p>\n<p><span style=\"color: #000080;\"><strong><em>\u00a0<\/em><\/strong><\/span><\/p>\n<p>&nbsp;<\/p>\n<p>&nbsp;<\/p>\n","protected":false},"excerpt":{"rendered":"<p>\u00a0 Lettera informativa n. 36\/20 del 11.03.2020 &nbsp; &nbsp; 1.EMERGENZA CORONAVIRUS (Si ricorda che tutti i provvedimenti, e relativi aggiornamenti, sono disponibili sul sito dell\u2019Ordine, nella sezione dedicata \u201cCoronavirus- Informazioni\u201d accessibile dalla homepage del sito) \u00a0 PALAZZO DI GIUSTIZIA \u00a0I recenti eventi, tali da richiedere un intervento di sanificazione all\u2019interno del Palazzo di Giustizia, hanno [&hellip;]<\/p>\n","protected":false},"author":3,"featured_media":0,"parent":0,"menu_order":0,"comment_status":"closed","ping_status":"closed","template":"","meta":[],"_links":{"self":[{"href":"https:\/\/www.ordineavvocatipescara.it\/index.php\/wp-json\/wp\/v2\/pages\/15581"}],"collection":[{"href":"https:\/\/www.ordineavvocatipescara.it\/index.php\/wp-json\/wp\/v2\/pages"}],"about":[{"href":"https:\/\/www.ordineavvocatipescara.it\/index.php\/wp-json\/wp\/v2\/types\/page"}],"author":[{"embeddable":true,"href":"https:\/\/www.ordineavvocatipescara.it\/index.php\/wp-json\/wp\/v2\/users\/3"}],"replies":[{"embeddable":true,"href":"https:\/\/www.ordineavvocatipescara.it\/index.php\/wp-json\/wp\/v2\/comments?post=15581"}],"version-history":[{"count":2,"href":"https:\/\/www.ordineavvocatipescara.it\/index.php\/wp-json\/wp\/v2\/pages\/15581\/revisions"}],"predecessor-version":[{"id":15584,"href":"https:\/\/www.ordineavvocatipescara.it\/index.php\/wp-json\/wp\/v2\/pages\/15581\/revisions\/15584"}],"wp:attachment":[{"href":"https:\/\/www.ordineavvocatipescara.it\/index.php\/wp-json\/wp\/v2\/media?parent=15581"}],"curies":[{"name":"wp","href":"https:\/\/api.w.org\/{rel}","templated":true}]}}