{"id":16369,"date":"2020-04-29T11:39:16","date_gmt":"2020-04-29T10:39:16","guid":{"rendered":"https:\/\/www.ordineavvocatipescara.it\/?page_id=16369"},"modified":"2020-07-03T17:17:55","modified_gmt":"2020-07-03T16:17:55","slug":"prospetto-informativa-per-i-praticanti-nel-periodo-emergenza-covid-19","status":"publish","type":"page","link":"https:\/\/www.ordineavvocatipescara.it\/index.php\/prospetto-informativa-per-i-praticanti-nel-periodo-emergenza-covid-19\/","title":{"rendered":"PROSPETTO INFORMATIVO PER I PRATICANTI NEL PERIODO EMERGENZA COVID-19"},"content":{"rendered":"<p style=\"text-align: center;\"><span style=\"font-size: 14pt;\"><strong><span style=\"color: #000080;\">PROSPETTO INFORMATIVO PER I PRATICANTI NEL PERIODO COVID-19<\/span><\/strong><\/span><\/p>\n<p>&nbsp;<\/p>\n<p style=\"text-align: left;\"><span style=\"font-size: 14pt;\"><strong><span style=\"color: #3366ff;\">1) Iscrizione alla pratica forense<\/span><\/strong><\/span><\/p>\n<p style=\"text-align: justify;\"><span style=\"color: #808080;\">Durante il periodo di emergenza sanitaria Covid-19 l\u2019iscrizione al Registro dei Praticanti avviene in <span style=\"color: #ff0000;\">modalit\u00e0 telematica<\/span>, <span style=\"color: #ff0000;\">(*)<\/span> mediante la procedura dettagliatamente prevista e disciplinata dalla <a style=\"color: #808080;\" href=\"https:\/\/www.ordineavvocatipescara.it\/wp-content\/uploads\/2020\/04\/estratto-verbale-2.4.20-iscrizione-Registro-Praticanti.pdf\">delibera COA del 2 aprile 2020<\/a>. <\/span><\/p>\n<p style=\"text-align: justify;\"><span style=\"font-family: courier new, courier, monospace; color: #0000ff;\"><em><span style=\"color: #ff0000;\">(*NOTA: modalit\u00e0 non pi\u00f9 in vigore dal 3 luglio 2020)<\/span><\/em><\/span><\/p>\n<p style=\"text-align: justify;\">\nSi precisa che in virt\u00f9 del D.L. 08.04.2020 N. 22 (cd. Decreto Scuola), per cui per i laureati nell\u2019ultima sessione dell\u2019anno accademico 2018\/2019 la pratica \u00e8 ridotta a 16 mesi, \u00e8 possibile \u2013 al fine di sostenere nel dicembre 2021 l\u2019esame scritto di abilitazione all\u2019esercizio della professione forense \u2013 iscriversi alla pratica entro il termine del 10 luglio 2020 (<em>cfr. art. 2, comma 2, d.m. n. 48\/2016<\/em>).<br \/>\nTale agevolazione \u2013 consistente nella proroga, al fine di cui sopra, dal 10 maggio al 10 luglio 2020 del termine di iscrizione alla pratica forense \u2013 <strong><span style=\"color: #000080;\">\u00e8 applicabile esclusivamente a chi si laurea nell\u2019ultima sessione dell\u2019a.a. 2018\/19,<\/span><\/strong> ossia la sessione straordinaria che va da febbraio 2020 al 15\/06\/2020 (termine cos\u00ec prorogato dal medesimo d.l. n. 22\/2020).<\/p>\n<p>&nbsp;<\/p>\n<p style=\"text-align: justify;\"><span style=\"font-size: 14pt;\"><strong><span style=\"color: #3366ff;\">2) Svolgimento della pratica forense<\/span><\/strong><\/span><\/p>\n<p style=\"text-align: justify;\">Durante il periodo di emergenza sanitaria Covid-19 &#8211; in attesa di pubblicazione di apposito decreto ministeriale volto ad individuare modalit\u00e0 di svolgimento del tirocinio forense diverse da quelle ordinarie, ivi comprese quelle c.d. a distanza, secondo quanto previsto dall\u2019art. 6, comma 2, d.l. n. 22\/2020 (c.d. decreto scuola), e considerando l\u2019attuale sospensione dell\u2019attivit\u00e0 giudiziaria ordinaria e pi\u00f9 in generale l\u2019evidente rallentamento che subir\u00e0 la stessa anche per i prossimi mesi con connessa limitazione della attivit\u00e0 presso gli studi legali \u2013 lo svolgimento della pratica forense avverr\u00e0 preferibilmente con modalit\u00e0 da remoto, anche con riferimento alla partecipazione alle udienze, cos\u00ec come deliberato dal CNF con provvedimento n. 168 del 20.03.2020, nonch\u00e9 attraverso lo svolgimento di ricerche ed approfondimenti giuridici e la redazione di atti giudiziari.<\/p>\n<p style=\"text-align: justify; vertical-align: baseline; margin: 10.2pt 0cm 10.2pt 0cm;\"><span style=\"font-size: 10pt; font-family: verdana, geneva, sans-serif; color: #55606e;\">Si precisa inoltre che, ai sensi dell\u2019art. 6, comma 3, D.L. n. 22\/2020 cit., il semestre di tirocinio professionale all\u2019interno del quale ricade il periodo di sospensione delle udienze dovuto alla emergenza COVID-19, \u00e8 da considerarsi svolto positivamente anche nel caso in cui il praticante non abbia assistito al numero minimo di 20 udienze di cui all\u2019art. 8, comma 4, Decr. Min n. 70\/2016.\u00a0<\/span><\/p>\n<p style=\"text-align: justify; vertical-align: baseline; margin: 10.2pt 0cm 10.2pt 0cm;\"><span style=\"font-size: 10pt; font-family: verdana, geneva, sans-serif; color: #000000;\">\u00a0<\/span><\/p>\n<p>&nbsp;<\/p>\n<p style=\"text-align: justify;\"><span style=\"font-size: 14pt; color: #808080;\"><strong>3) Fine 1\u00b0 e 2\u00b0 semestre-fine pratica: consegna libretto e verifiche <\/strong><span style=\"color: #ff0000; font-size: 10pt;\">(*)<\/span><strong><br \/>\n<\/strong><\/span><\/p>\n<p style=\"text-align: justify;\"><span style=\"color: #808080;\">Durante il periodo di emergenza sanitaria Covid-19, la consegna del libretto e la relativa verifica di fine semestre avverranno mediante la procedura dettagliatamente prevista e disciplinata dalla <a style=\"color: #808080;\" href=\"https:\/\/www.ordineavvocatipescara.it\/wp-content\/uploads\/2020\/04\/estratto-verbale-coa-24.04.2020-verifica-semestri.pdf\">delibera COA del 24 aprile 2020<\/a>. <\/span><\/p>\n<p style=\"text-align: justify;\"><span style=\"color: #808080;\"><span style=\"font-family: courier new, courier, monospace; color: #ff0000;\"><em>(*NOTA: modalit\u00e0 non pi\u00f9 in vigore dal 3 luglio 2020)<\/em><\/span><br \/>\n<\/span><\/p>\n<p>&nbsp;<\/p>\n<p style=\"text-align: justify;\"><span style=\"font-size: 14pt;\"><strong><span style=\"color: #3366ff;\">4) Rilascio certificato di compiuta pratica<\/span><\/strong><\/span><br \/>\nIl rilascio del certificato di compiuta pratica avverr\u00e0 dopo il 15 settembre 2020.<\/p>\n<p>&nbsp;<\/p>\n<p style=\"text-align: justify;\"><span style=\"font-size: 14pt;\"><strong><span style=\"color: #3366ff;\">5) Scuola Forense<\/span><\/strong><\/span><\/p>\n<p style=\"text-align: justify;\">Durante il periodo di emergenza sanitaria Covid-19 le lezioni della Scuola Forense si terranno regolarmente ma in modalit\u00e0 on-line (aula virtuale), come da <span style=\"color: #0000ff;\"><a style=\"color: #0000ff;\" href=\"https:\/\/www.ordineavvocatipescara.it\/wp-content\/uploads\/2020\/04\/AVVISO-SCUOLA-15-APRILE-2020.pdf\">comunicazione del 15 aprile 2020<\/a> <\/span>pubblicata sul sito della Fondazione Forum Aterni \u2013 Scuola Forense.<\/p>\n<p>&nbsp;<\/p>\n","protected":false},"excerpt":{"rendered":"<p>PROSPETTO INFORMATIVO PER I PRATICANTI NEL PERIODO COVID-19 &nbsp; 1) Iscrizione alla pratica forense Durante il periodo di emergenza sanitaria Covid-19 l\u2019iscrizione al Registro dei Praticanti avviene in modalit\u00e0 telematica, (*) mediante la procedura dettagliatamente prevista e disciplinata dalla delibera COA del 2 aprile 2020. (*NOTA: modalit\u00e0 non pi\u00f9 in vigore dal 3 luglio 2020) [&hellip;]<\/p>\n","protected":false},"author":3,"featured_media":0,"parent":0,"menu_order":0,"comment_status":"closed","ping_status":"closed","template":"","meta":[],"_links":{"self":[{"href":"https:\/\/www.ordineavvocatipescara.it\/index.php\/wp-json\/wp\/v2\/pages\/16369"}],"collection":[{"href":"https:\/\/www.ordineavvocatipescara.it\/index.php\/wp-json\/wp\/v2\/pages"}],"about":[{"href":"https:\/\/www.ordineavvocatipescara.it\/index.php\/wp-json\/wp\/v2\/types\/page"}],"author":[{"embeddable":true,"href":"https:\/\/www.ordineavvocatipescara.it\/index.php\/wp-json\/wp\/v2\/users\/3"}],"replies":[{"embeddable":true,"href":"https:\/\/www.ordineavvocatipescara.it\/index.php\/wp-json\/wp\/v2\/comments?post=16369"}],"version-history":[{"count":11,"href":"https:\/\/www.ordineavvocatipescara.it\/index.php\/wp-json\/wp\/v2\/pages\/16369\/revisions"}],"predecessor-version":[{"id":17031,"href":"https:\/\/www.ordineavvocatipescara.it\/index.php\/wp-json\/wp\/v2\/pages\/16369\/revisions\/17031"}],"wp:attachment":[{"href":"https:\/\/www.ordineavvocatipescara.it\/index.php\/wp-json\/wp\/v2\/media?parent=16369"}],"curies":[{"name":"wp","href":"https:\/\/api.w.org\/{rel}","templated":true}]}}