{"id":17132,"date":"2020-07-09T14:53:53","date_gmt":"2020-07-09T13:53:53","guid":{"rendered":"https:\/\/www.ordineavvocatipescara.it\/?page_id=17132"},"modified":"2020-07-13T16:55:45","modified_gmt":"2020-07-13T15:55:45","slug":"accesso-unep","status":"publish","type":"page","link":"https:\/\/www.ordineavvocatipescara.it\/index.php\/accesso-unep\/","title":{"rendered":"ACCESSO UNEP"},"content":{"rendered":"<p><em>Provvedimenti periodo emergenziale<\/em> &#8211; <span style=\"font-size: 14pt;\">ACCESSO UNEP<\/span><\/p>\n<p>&nbsp;<\/p>\n<p><span style=\"font-family: arial black, sans-serif; font-size: 10pt; color: #0000ff;\">i provvedimenti pi\u00f9 recenti<\/span><\/p>\n<ul>\n<li><span style=\"color: #0000ff;\">U.N.E.P. PESCARA<\/span>&#8211; Modalit\u00e0 Accesso (a parziale rettifica) 09.07.2020 <a href=\"https:\/\/www.ordineavvocatipescara.it\/wp-content\/uploads\/2020\/07\/accesso-UNEP-09.07.2020.pdf\">CLICCA QUI<\/a><\/li>\n<li>U.N.E.P. PESCARA- Modalit\u00e0 Accesso 01.07.2020 <a href=\"https:\/\/www.ordineavvocatipescara.it\/wp-content\/uploads\/2020\/07\/accesso-UNEP.pdf\">CLICCA QUI<\/a><\/li>\n<li><span style=\"color: #3366ff;\"><em>(utilit\u00e0)<\/em> <span style=\"font-family: arial black, sans-serif;\"><strong><em><span style=\"color: #0000ff;\">link<\/span> <\/em><\/strong><\/span>prenotazione notifiche ATTI NON URGENTI e PIGNORAMENTI A PAGAMENTO ED ESENTI:<\/span> <a href=\"http:\/\/tribunalepescara.sitiwebgiustizia.it\/PrenCancInformazioni.aspx\">CLICCA QUI<em>\u00a0<\/em><\/a><\/li>\n<\/ul>\n<p>&nbsp;<\/p>\n<p style=\"text-align: justify;\"><span style=\"font-family: tahoma, arial, helvetica, sans-serif; font-size: 10pt; color: #333399;\"><em>(tutti i provvedimenti, anche i meno recenti, sono consultabili nella pagina principale\u00a0 <\/em><span style=\"color: #0000ff;\">PROVVEDIMENTI PERIODO EMERGENZIALE<\/span><em><span style=\"color: #0000ff;\">,<\/span> sotto il titolo <\/em><span style=\"color: #0000ff;\">Elenco Provvedimenti,<\/span><em> cliccando sul link corrispondente a ciascun ufficio, in ordine alfabetico)<\/em><\/span><\/p>\n","protected":false},"excerpt":{"rendered":"<p>Provvedimenti periodo emergenziale &#8211; ACCESSO UNEP &nbsp; i provvedimenti pi\u00f9 recenti U.N.E.P. PESCARA&#8211; Modalit\u00e0 Accesso (a parziale rettifica) 09.07.2020 CLICCA QUI U.N.E.P. PESCARA- Modalit\u00e0 Accesso 01.07.2020 CLICCA QUI (utilit\u00e0) link prenotazione notifiche ATTI NON URGENTI e PIGNORAMENTI A PAGAMENTO ED ESENTI: CLICCA QUI\u00a0 &nbsp; (tutti i provvedimenti, anche i meno recenti, sono consultabili nella pagina [&hellip;]<\/p>\n","protected":false},"author":3,"featured_media":0,"parent":0,"menu_order":0,"comment_status":"closed","ping_status":"closed","template":"","meta":[],"_links":{"self":[{"href":"https:\/\/www.ordineavvocatipescara.it\/index.php\/wp-json\/wp\/v2\/pages\/17132"}],"collection":[{"href":"https:\/\/www.ordineavvocatipescara.it\/index.php\/wp-json\/wp\/v2\/pages"}],"about":[{"href":"https:\/\/www.ordineavvocatipescara.it\/index.php\/wp-json\/wp\/v2\/types\/page"}],"author":[{"embeddable":true,"href":"https:\/\/www.ordineavvocatipescara.it\/index.php\/wp-json\/wp\/v2\/users\/3"}],"replies":[{"embeddable":true,"href":"https:\/\/www.ordineavvocatipescara.it\/index.php\/wp-json\/wp\/v2\/comments?post=17132"}],"version-history":[{"count":15,"href":"https:\/\/www.ordineavvocatipescara.it\/index.php\/wp-json\/wp\/v2\/pages\/17132\/revisions"}],"predecessor-version":[{"id":17233,"href":"https:\/\/www.ordineavvocatipescara.it\/index.php\/wp-json\/wp\/v2\/pages\/17132\/revisions\/17233"}],"wp:attachment":[{"href":"https:\/\/www.ordineavvocatipescara.it\/index.php\/wp-json\/wp\/v2\/media?parent=17132"}],"curies":[{"name":"wp","href":"https:\/\/api.w.org\/{rel}","templated":true}]}}