{"id":17457,"date":"2020-09-14T12:25:38","date_gmt":"2020-09-14T11:25:38","guid":{"rendered":"https:\/\/www.ordineavvocatipescara.it\/?page_id=17457"},"modified":"2026-05-07T14:33:05","modified_gmt":"2026-05-07T13:33:05","slug":"organismo-di-composizione-della-crisi-da-sovraindebitamento","status":"publish","type":"page","link":"https:\/\/www.ordineavvocatipescara.it\/index.php\/organismo-di-composizione-della-crisi-da-sovraindebitamento\/","title":{"rendered":"Organismo di Composizione della Crisi da Sovraindebitamento"},"content":{"rendered":"<div id=\"wrap_all\">\n<div id=\"main\" class=\"all_colors\" data-scroll-offset=\"110\">\n<div class=\"container_wrap container_wrap_first main_color sidebar_right\">\n<div class=\"container\">\n<p>&nbsp;<\/p>\n<article class=\"post-entry post-entry-type-page post-entry-9\">\n<div class=\"entry-content-wrapper clearfix\">\n<div class=\"entry-content\">\n<p style=\"text-align: center;\"><span style=\"font-size: 12pt;\"><strong><span style=\"color: #000080; font-family: georgia, palatino, serif;\">ORGANISMO DI COMPOSIZIONE DELLA CRISI DA SOVRAINDEBITAMENTO<\/span><\/strong><\/span><\/p>\n<p style=\"text-align: center;\"><span style=\"font-size: 12pt;\"><strong><span style=\"color: #000080; font-family: georgia, palatino, serif;\"> dell&#8217;Ordine degli Avvocati di Pescara<\/span><\/strong><\/span><\/p>\n<p>&nbsp;<\/p>\n<p style=\"padding-left: 40px; text-align: center;\"><span style=\"font-size: 10pt; font-family: georgia, palatino, serif; color: #000080;\">REFERENTE: Avv. Guido Cappuccilli<br \/>\n<\/span><\/p>\n<p style=\"padding-left: 40px; text-align: center;\"><span style=\"font-size: 10pt; font-family: georgia, palatino, serif; color: #000080;\">SEGRETARIO: Avv. Giselda Canonico<\/span><\/p>\n<\/div>\n<\/div>\n<\/article>\n<p>&nbsp;<\/p>\n<article class=\"post-entry post-entry-type-page post-entry-9\">\n<div class=\"entry-content-wrapper clearfix\">\n<div class=\"entry-content\">\n<p><span style=\"font-size: 10pt;\"><strong><span style=\"color: #000080;\">ELENCO GESTORI <\/span><\/strong><em><span style=\"color: #000080;\">(agg. PDG 14.08.25): <\/span><\/em><\/span><a href=\"https:\/\/www.ordineavvocatipescara.it\/wp-content\/uploads\/2025\/09\/elenco_gestori_crisi-per-sito-aggiornato-pdg-14.8.25.xls\">elenco_gestori_crisi<\/a><\/p>\n<p>&nbsp;<\/p>\n<p><span style=\"font-size: 14pt;\"><strong><span style=\"color: #333333;\">SEGRETERIA<\/span><\/strong><\/span><\/p>\n<p><strong><span style=\"font-size: 10pt; color: #333399;\">ORARI: <\/span><\/strong><\/p>\n<ul>\n<li><span style=\"font-size: 10pt; color: #333333;\">MATTINA: dal luned\u00ec al venerd\u00ec ore 10.00-12.00<\/span><\/li>\n<li style=\"text-align: left;\"><span style=\"font-size: 10pt; color: #333333;\">POMERIGGIO: marted\u00ec e gioved\u00ec ore 15.00-17.00<\/span><\/li>\n<\/ul>\n<p><span style=\"font-size: 10pt; color: #333333;\"><strong><span style=\"color: #333399;\">CONTATTI<\/span><\/strong>: Palazzo di Giustizia \u2013 Settore civile \u2013 Ingresso 8 \u2013 Piano I \u2013 Stanza 135<\/span><\/p>\n<ul>\n<li><span style=\"font-size: 10pt; color: #333333;\">Tel. \/ Fax: 085.4503418<\/span><\/li>\n<li><span style=\"font-size: 10pt; color: #333333;\">PEC: composizionecrisi@ordineavvocatipescarapec.it<\/span><\/li>\n<li><span style=\"font-size: 10pt;\">MAIL: segreteria@occavvocatipescara.it<\/span><\/li>\n<\/ul>\n<\/div>\n<\/div>\n<\/article>\n<article><\/article>\n<article class=\"post-entry post-entry-type-page post-entry-9\"><\/article>\n<p>&nbsp;<\/p>\n<p><strong><span style=\"font-size: 14pt; color: #000000;\">MODULISTICA<\/span><\/strong><\/p>\n<ul>\n<li>modello <span style=\"color: #000000;\">DOMANDA <\/span>OCC <a href=\"https:\/\/www.ordineavvocatipescara.it\/wp-content\/uploads\/2026\/05\/2026-OCC-Nuovo-Modulo-Domanda_.docx\">formato word<\/a><\/li>\n<li>modello istanza <span style=\"color: #000000;\">PROCEDURA FAMILIARE ex art. 66 C.C.I.I. <a href=\"https:\/\/www.ordineavvocatipescara.it\/wp-content\/uploads\/2026\/05\/modulo-presentazione-istanza-procedura-familiare-ex-art.-66-CCII.docx\">formato word<\/a><\/span><\/li>\n<li><a href=\"https:\/\/www.ordineavvocatipescara.it\/wp-content\/uploads\/2020\/10\/Informativa-Privacy-OCC-Ordine-Avvocati-Pescara.pdf\"><em><span style=\"font-size: 10pt;\"><span style=\"font-size: 12pt;\"><span style=\"font-size: 10pt;\"><span style=\"color: #333399;\">Informativa Privacy OCC Ordine Avvocati Pescara<\/span><\/span><\/span><\/span><\/em><\/a><\/li>\n<\/ul>\n<p>&nbsp;<\/p>\n<p><strong><span style=\"font-size: 14pt; color: #000000;\">DOCUMENTI:<\/span><\/strong><\/p>\n<ul>\n<li><span style=\"font-family: arial black, sans-serif; color: #ff0000;\">Vademecum OCC <a href=\"https:\/\/www.ordineavvocatipescara.it\/wp-content\/uploads\/2026\/01\/Vademecum-OCC-Ordine-Avvocati-Pescara-agg.pdf\"><span style=\"font-family: georgia, palatino, serif;\">formato pdf<\/span><\/a><\/span><\/li>\n<li><span style=\"color: #333333;\">Regolamento OCC <em><span style=\"font-size: 10pt;\">(agg. 16.02.23)<\/span><\/em> <a href=\"https:\/\/www.ordineavvocatipescara.it\/wp-content\/uploads\/2023\/03\/regolamento-OCC-modificato-delibera-16.02.2023.pdf\">formato pdf<\/a><\/span><\/li>\n<\/ul>\n<div class=\"entry-content-wrapper clearfix\">\n<p style=\"padding-left: 40px;\">\n<\/div>\n<p>&nbsp;<\/p>\n<\/div>\n<\/div>\n<\/div>\n<\/div>\n","protected":false},"excerpt":{"rendered":"<p>&nbsp; ORGANISMO DI COMPOSIZIONE DELLA CRISI DA SOVRAINDEBITAMENTO dell&#8217;Ordine degli Avvocati di Pescara &nbsp; REFERENTE: Avv. Guido Cappuccilli SEGRETARIO: Avv. Giselda Canonico &nbsp; ELENCO GESTORI (agg. PDG 14.08.25): elenco_gestori_crisi &nbsp; SEGRETERIA ORARI: MATTINA: dal luned\u00ec al venerd\u00ec ore 10.00-12.00 POMERIGGIO: marted\u00ec e gioved\u00ec ore 15.00-17.00 CONTATTI: Palazzo di Giustizia \u2013 Settore civile \u2013 Ingresso 8 [&hellip;]<\/p>\n","protected":false},"author":3,"featured_media":0,"parent":0,"menu_order":0,"comment_status":"closed","ping_status":"closed","template":"","meta":[],"_links":{"self":[{"href":"https:\/\/www.ordineavvocatipescara.it\/index.php\/wp-json\/wp\/v2\/pages\/17457"}],"collection":[{"href":"https:\/\/www.ordineavvocatipescara.it\/index.php\/wp-json\/wp\/v2\/pages"}],"about":[{"href":"https:\/\/www.ordineavvocatipescara.it\/index.php\/wp-json\/wp\/v2\/types\/page"}],"author":[{"embeddable":true,"href":"https:\/\/www.ordineavvocatipescara.it\/index.php\/wp-json\/wp\/v2\/users\/3"}],"replies":[{"embeddable":true,"href":"https:\/\/www.ordineavvocatipescara.it\/index.php\/wp-json\/wp\/v2\/comments?post=17457"}],"version-history":[{"count":51,"href":"https:\/\/www.ordineavvocatipescara.it\/index.php\/wp-json\/wp\/v2\/pages\/17457\/revisions"}],"predecessor-version":[{"id":30655,"href":"https:\/\/www.ordineavvocatipescara.it\/index.php\/wp-json\/wp\/v2\/pages\/17457\/revisions\/30655"}],"wp:attachment":[{"href":"https:\/\/www.ordineavvocatipescara.it\/index.php\/wp-json\/wp\/v2\/media?parent=17457"}],"curies":[{"name":"wp","href":"https:\/\/api.w.org\/{rel}","templated":true}]}}