{"id":19,"date":"2011-04-23T18:23:42","date_gmt":"2011-04-23T18:23:42","guid":{"rendered":"http:\/\/localhost\/wp_ordine\/?page_id=19"},"modified":"2026-04-15T17:25:50","modified_gmt":"2026-04-15T16:25:50","slug":"orario-e-recapiti","status":"publish","type":"page","link":"https:\/\/www.ordineavvocatipescara.it\/index.php\/orario-e-recapiti\/","title":{"rendered":"Segreteria"},"content":{"rendered":"<p>Gli uffici della Segreteria sono aperti al pubblico:<\/p>\n<ul>\n<li><strong><span style=\"color: #333399;\">\u00a0LUNED\u00cc, MARTED\u00cc, MERCOLED\u00cc E VENERD\u00cc dalle ore 10.00 alle ore 12.30 <\/span><\/strong><span style=\"color: #000080;\">(gioved\u00ec chiuso)<\/span><\/li>\n<\/ul>\n<p><strong><span style=\"color: #333399;\">Addette alla Segreteria:<\/span><\/strong> Isabella Di Sabatino, Simonetta Santangelo, Irene Papa<\/p>\n<p><strong><span style=\"color: #0000ff;\">CONTATTI:<\/span><\/strong><\/p>\n<p><strong><span style=\"color: #0000ff;\">Telefono<\/span><span style=\"color: #0000ff;\">:<\/span><\/strong> 085-690990-693965-4503352 |<strong><span style=\"color: #0000ff;\"> Fax:<\/span><\/strong> 085-690990<\/p>\n<p><strong><span style=\"color: #0000ff;\">e-mail<\/span><span style=\"color: #0000ff;\">:<\/span><\/strong> <a href=\"mailto:segreteria@ordineavvocatipescara.it\">segreteria@ordineavvocatipescara.it<\/a> | <a href=\"mailto:presidenza@ordineavvocatipescara.it\">presidenza@ordineavvocatipescara.it<\/a><\/p>\n<p><strong><span style=\"color: #0000ff;\">PEC<\/span><span style=\"color: #333399;\">:<\/span><\/strong>\u00a0<a href=\"mailto:segreteria@ordineavvocatipescarapec.it\">segreteria@ordineavvocatipescarapec.it<\/a><\/p>\n\n","protected":false},"excerpt":{"rendered":"<p>Gli uffici della Segreteria sono aperti al pubblico: \u00a0LUNED\u00cc, MARTED\u00cc, MERCOLED\u00cc E VENERD\u00cc dalle ore 10.00 alle ore 12.30 (gioved\u00ec chiuso) Addette alla Segreteria: Isabella Di Sabatino, Simonetta Santangelo, Irene Papa CONTATTI: Telefono: 085-690990-693965-4503352 | Fax: 085-690990 e-mail: segreteria@ordineavvocatipescara.it | presidenza@ordineavvocatipescara.it PEC:\u00a0segreteria@ordineavvocatipescarapec.it<\/p>\n","protected":false},"author":1,"featured_media":0,"parent":0,"menu_order":0,"comment_status":"closed","ping_status":"closed","template":"","meta":[],"_links":{"self":[{"href":"https:\/\/www.ordineavvocatipescara.it\/index.php\/wp-json\/wp\/v2\/pages\/19"}],"collection":[{"href":"https:\/\/www.ordineavvocatipescara.it\/index.php\/wp-json\/wp\/v2\/pages"}],"about":[{"href":"https:\/\/www.ordineavvocatipescara.it\/index.php\/wp-json\/wp\/v2\/types\/page"}],"author":[{"embeddable":true,"href":"https:\/\/www.ordineavvocatipescara.it\/index.php\/wp-json\/wp\/v2\/users\/1"}],"replies":[{"embeddable":true,"href":"https:\/\/www.ordineavvocatipescara.it\/index.php\/wp-json\/wp\/v2\/comments?post=19"}],"version-history":[{"count":95,"href":"https:\/\/www.ordineavvocatipescara.it\/index.php\/wp-json\/wp\/v2\/pages\/19\/revisions"}],"predecessor-version":[{"id":30466,"href":"https:\/\/www.ordineavvocatipescara.it\/index.php\/wp-json\/wp\/v2\/pages\/19\/revisions\/30466"}],"wp:attachment":[{"href":"https:\/\/www.ordineavvocatipescara.it\/index.php\/wp-json\/wp\/v2\/media?parent=19"}],"curies":[{"name":"wp","href":"https:\/\/api.w.org\/{rel}","templated":true}]}}