{"id":3950,"date":"2013-01-14T13:13:02","date_gmt":"2013-01-14T12:13:02","guid":{"rendered":"http:\/\/www.ordineavvocatipescara.it\/?page_id=3950"},"modified":"2013-01-14T13:14:59","modified_gmt":"2013-01-14T12:14:59","slug":"lettera-informativa-14-01-13-n-613","status":"publish","type":"page","link":"https:\/\/www.ordineavvocatipescara.it\/index.php\/lettera-informativa-14-01-13-n-613\/","title":{"rendered":"Lettera informativa n. 6\/13 del 14.01.13"},"content":{"rendered":"<p class=\"MsoNormal\" style=\"margin: 0cm 0cm 0pt;\"><strong style=\"mso-bidi-font-weight: normal;\"><span style=\"font-family: Verdana; color: navy; font-size: 10pt;\">\u00a0<\/span><\/strong><\/p>\n<p class=\"MsoNormal\" style=\"margin: 0cm 0cm 0pt;\"><strong><span style=\"font-family: Verdana; color: navy; font-size: 10pt; mso-bidi-font-weight: normal;\">Lettera informativa n. 6\/13 del 14.01.2013<\/span><\/strong><\/p>\n<p class=\"MsoNormal\" style=\"margin: 0cm 0cm 0pt;\"><span style=\"color: black;\"><span style=\"font-size: small;\"><span style=\"font-family: Times New Roman;\">\u00a0<\/span><\/span><\/span><\/p>\n<p class=\"MsoNormal\" style=\"margin: 0cm 0cm 0pt;\"><span style=\"color: black;\"><span style=\"font-size: small;\"><span style=\"font-family: Times New Roman;\">\u00a0<\/span><\/span><\/span><\/p>\n<p class=\"MsoNormal\" style=\"margin: 0cm 0cm 0pt;\"><strong><span style=\"font-family: Verdana; color: red; font-size: 10pt; mso-bidi-font-weight: normal;\">1.CORTE D\u2019APPELLO L\u2019AQUILA \u2013 RUOLI UDIENZE 15 E 17 GENNAIO 2013<\/span><\/strong><\/p>\n<p class=\"newstitle\" style=\"text-align: justify; margin: 0cm 0cm 0pt; tab-stops: 45.8pt 91.6pt 137.4pt 183.2pt 229.0pt 274.8pt 320.6pt 366.4pt 412.2pt 458.0pt 503.8pt 549.6pt 595.4pt 641.2pt 687.0pt 732.8pt;\"><span style=\"font-family: Verdana; color: navy; font-size: 10pt; mso-bidi-font-size: 12.0pt;\">Con riferimento alle udienze in oggetto, si trasmettono i seguenti documenti:<\/span><\/p>\n<p class=\"newstitle\" style=\"text-align: justify; margin: 0cm 0cm 0pt; tab-stops: 45.8pt 91.6pt 137.4pt 183.2pt 229.0pt 274.8pt 320.6pt 366.4pt 412.2pt 458.0pt 503.8pt 549.6pt 595.4pt 641.2pt 687.0pt 732.8pt;\"><strong><span style=\"font-family: Verdana; color: navy; font-size: 10pt; mso-bidi-font-weight: normal; mso-bidi-font-size: 12.0pt;\">\u00a0<\/span><\/strong><\/p>\n<p class=\"newstitle\" style=\"text-align: justify; margin: 0cm 0cm 0pt; tab-stops: 45.8pt 91.6pt 137.4pt 183.2pt 229.0pt 274.8pt 320.6pt 366.4pt 412.2pt 458.0pt 503.8pt 549.6pt 595.4pt 641.2pt 687.0pt 732.8pt;\"><strong><span style=\"font-family: Verdana; color: navy; font-size: 10pt; mso-bidi-font-weight: normal; mso-bidi-font-size: 12.0pt;\">15 gennaio 2013:<\/span><\/strong><\/p>\n<p class=\"newstitle\" style=\"text-align: justify; margin: 0cm 0cm 0pt; tab-stops: 45.8pt 91.6pt 137.4pt 183.2pt 229.0pt 274.8pt 320.6pt 366.4pt 412.2pt 458.0pt 503.8pt 549.6pt 595.4pt 641.2pt 687.0pt 732.8pt;\"><strong><span style=\"font-family: Verdana; color: navy; font-size: 10pt; mso-bidi-font-weight: normal; mso-bidi-font-size: 12.0pt;\"><span style=\"mso-tab-count: 1;\">\u00a0\u00a0\u00a0\u00a0\u00a0\u00a0\u00a0\u00a0\u00a0\u00a0\u00a0\u00a0\u00a0\u00a0 <\/span><\/span><\/strong><span style=\"font-family: Verdana; color: navy; font-size: 10pt; mso-bidi-font-size: 12.0pt;\">&#8211; provvedimento 15.01.13 <em><span style=\"font-family: Verdana; mso-bidi-font-style: normal;\">(<a href=\"http:\/\/www.ordineavvocatipescara.it\/wp-content\/uploads\/2013\/01\/provvedimento-udienza-15-gennaio-2013.pdf\">clicca qui<\/a>)<\/span><\/em><\/span><\/p>\n<p class=\"newstitle\" style=\"text-align: justify; margin: 0cm 0cm 0pt; tab-stops: 45.8pt 91.6pt 137.4pt 183.2pt 229.0pt 274.8pt 320.6pt 366.4pt 412.2pt 458.0pt 503.8pt 549.6pt 595.4pt 641.2pt 687.0pt 732.8pt;\"><em><span style=\"font-family: Verdana; color: navy; font-size: 10pt; mso-bidi-font-size: 12.0pt; mso-bidi-font-style: normal;\"><span style=\"mso-tab-count: 1;\">\u00a0\u00a0\u00a0\u00a0\u00a0\u00a0\u00a0\u00a0\u00a0\u00a0\u00a0 <\/span>&#8211; <\/span><\/em><span style=\"font-family: Verdana; color: navy; font-size: 10pt; mso-bidi-font-size: 12.0pt;\">fasce orarie 15.01.13 <em><span style=\"font-family: Verdana; mso-bidi-font-style: normal;\">(<a href=\"http:\/\/www.ordineavvocatipescara.it\/wp-content\/uploads\/2013\/01\/fasce-orarie-udienza-15gennaio-2013.pdf\">clicca qui<\/a>)<\/span><\/em><\/span><\/p>\n<p class=\"newstitle\" style=\"text-align: justify; margin: 0cm 0cm 0pt; tab-stops: 45.8pt 91.6pt 137.4pt 183.2pt 229.0pt 274.8pt 320.6pt 366.4pt 412.2pt 458.0pt 503.8pt 549.6pt 595.4pt 641.2pt 687.0pt 732.8pt;\"><strong><span style=\"font-family: Verdana; color: navy; font-size: 10pt; mso-bidi-font-weight: normal; mso-bidi-font-size: 12.0pt;\"><span style=\"mso-tab-count: 1;\">\u00a0\u00a0\u00a0\u00a0\u00a0\u00a0\u00a0\u00a0\u00a0\u00a0\u00a0\u00a0\u00a0\u00a0 <\/span><\/span><\/strong><span style=\"font-family: Verdana; color: navy; font-size: 10pt; mso-bidi-font-size: 12.0pt;\">&#8211; ruolo separazioni e divorzi 15.01.13 <em><span style=\"font-family: Verdana; mso-bidi-font-style: normal;\">(<a href=\"http:\/\/www.ordineavvocatipescara.it\/wp-content\/uploads\/2013\/01\/R-SEP-E-DIV-15.1.pdf\">clicca qui<\/a>)<\/span><\/em><\/span><\/p>\n<p class=\"newstitle\" style=\"text-align: justify; margin: 0cm 0cm 0pt; tab-stops: 45.8pt 91.6pt 137.4pt 183.2pt 229.0pt 274.8pt 320.6pt 366.4pt 412.2pt 458.0pt 503.8pt 549.6pt 595.4pt 641.2pt 687.0pt 732.8pt;\"><span style=\"font-family: Verdana; color: navy; font-size: 10pt; mso-bidi-font-size: 12.0pt;\"><span style=\"mso-tab-count: 1;\">\u00a0\u00a0\u00a0\u00a0\u00a0\u00a0\u00a0\u00a0\u00a0\u00a0\u00a0 <\/span>&#8211; ruolo collegiale 15.01.13 <em><span style=\"font-family: Verdana; mso-bidi-font-style: normal;\">(<a href=\"http:\/\/www.ordineavvocatipescara.it\/wp-content\/uploads\/2013\/01\/R-COLL-15.1.pdf\">clicca qui<\/a>)<\/span><\/em><\/span><\/p>\n<p class=\"newstitle\" style=\"text-align: justify; margin: 0cm 0cm 0pt; tab-stops: 45.8pt 91.6pt 137.4pt 183.2pt 229.0pt 274.8pt 320.6pt 366.4pt 412.2pt 458.0pt 503.8pt 549.6pt 595.4pt 641.2pt 687.0pt 732.8pt;\"><span style=\"font-family: Verdana; color: navy; font-size: 10pt; mso-bidi-font-size: 12.0pt;\"><span style=\"mso-tab-count: 1;\">\u00a0\u00a0\u00a0\u00a0\u00a0\u00a0\u00a0\u00a0\u00a0\u00a0\u00a0 <\/span>&#8211; ruolo camerale 15.01.13 <em><span style=\"font-family: Verdana; mso-bidi-font-style: normal;\">(<a href=\"http:\/\/www.ordineavvocatipescara.it\/wp-content\/uploads\/2013\/01\/R-CAM-15.1.pdf\">clicca qui<\/a>)<\/span><\/em><\/span><\/p>\n<p class=\"newstitle\" style=\"text-align: justify; margin: 0cm 0cm 0pt; tab-stops: 45.8pt 91.6pt 137.4pt 183.2pt 229.0pt 274.8pt 320.6pt 366.4pt 412.2pt 458.0pt 503.8pt 549.6pt 595.4pt 641.2pt 687.0pt 732.8pt;\"><em><span style=\"font-family: Verdana; color: navy; font-size: 10pt; mso-bidi-font-size: 12.0pt; mso-bidi-font-style: normal;\">\u00a0<\/span><\/em><\/p>\n<p class=\"newstitle\" style=\"text-align: justify; margin: 0cm 0cm 0pt; tab-stops: 45.8pt 91.6pt 137.4pt 183.2pt 229.0pt 274.8pt 320.6pt 366.4pt 412.2pt 458.0pt 503.8pt 549.6pt 595.4pt 641.2pt 687.0pt 732.8pt;\"><strong><span style=\"font-family: Verdana; color: navy; font-size: 10pt; mso-bidi-font-weight: normal; mso-bidi-font-size: 12.0pt;\">17 gennaio 2013:<\/span><\/strong><\/p>\n<p class=\"newstitle\" style=\"text-align: justify; margin: 0cm 0cm 0pt; tab-stops: 45.8pt 91.6pt 137.4pt 183.2pt 229.0pt 274.8pt 320.6pt 366.4pt 412.2pt 458.0pt 503.8pt 549.6pt 595.4pt 641.2pt 687.0pt 732.8pt;\"><strong><span style=\"font-family: Verdana; color: navy; font-size: 10pt; mso-bidi-font-weight: normal; mso-bidi-font-size: 12.0pt;\"><span style=\"mso-tab-count: 1;\">\u00a0\u00a0\u00a0\u00a0\u00a0\u00a0\u00a0\u00a0\u00a0\u00a0\u00a0\u00a0\u00a0\u00a0 <\/span><\/span><\/strong><span style=\"font-family: Verdana; color: navy; font-size: 10pt; mso-bidi-font-size: 12.0pt;\">&#8211; udienza assistenza e previdenza 17.01.13 <em><span style=\"font-family: Verdana; mso-bidi-font-style: normal;\">(<a href=\"http:\/\/www.ordineavvocatipescara.it\/wp-content\/uploads\/2013\/01\/R-PREV-E-ASS-17.1.pdf\">clicca qui<\/a>)<\/span><\/em><\/span><\/p>\n<p class=\"newstitle\" style=\"text-align: justify; margin: 0cm 0cm 0pt; tab-stops: 45.8pt 91.6pt 137.4pt 183.2pt 229.0pt 274.8pt 320.6pt 366.4pt 412.2pt 458.0pt 503.8pt 549.6pt 595.4pt 641.2pt 687.0pt 732.8pt;\"><em><span style=\"font-family: Verdana; color: navy; font-size: 10pt; mso-bidi-font-size: 12.0pt; mso-bidi-font-style: normal;\">\u00a0<\/span><\/em><\/p>\n<p class=\"newstitle\" style=\"text-align: justify; margin: 0cm 0cm 0pt; tab-stops: 45.8pt 91.6pt 137.4pt 183.2pt 229.0pt 274.8pt 320.6pt 366.4pt 412.2pt 458.0pt 503.8pt 549.6pt 595.4pt 641.2pt 687.0pt 732.8pt;\"><span style=\"font-family: Verdana; color: navy; font-size: 10pt;\">Per ragioni di tutela della <em><span style=\"font-family: Verdana; mso-bidi-font-style: normal;\">privacy<\/span><\/em>, i nomi delle parti sono stati oscurati.<\/span><\/p>\n<p class=\"MsoNormal\" style=\"margin: 0cm 0cm 0pt;\"><span style=\"color: black;\"><span style=\"font-size: small;\"><span style=\"font-family: Times New Roman;\">\u00a0<\/span><\/span><\/span><\/p>\n<p class=\"MsoNormal\" style=\"margin: 0cm 0cm 0pt;\"><span style=\"color: black; mso-bidi-font-size: 12.0pt;\"><span style=\"font-family: Times New Roman; font-size: small;\">\u00a0<\/span><\/span><\/p>\n<p class=\"MsoNormal\" style=\"margin: 0cm 0cm 0pt; mso-layout-grid-align: none;\"><strong><span style=\"font-family: Verdana; color: red; font-size: 10pt; mso-bidi-font-family: 'Verdana,Bold';\">2. TRIBUNALE DI PESCARA \u2013 ISCRIZIONI A RUOLO SEZIONI DISTACCATE<\/span><\/strong><\/p>\n<p class=\"MsoNormal\" style=\"margin: 0cm 0cm 0pt; mso-layout-grid-align: none;\"><span style=\"font-family: Verdana; color: navy; font-size: 10pt; mso-bidi-font-family: Verdana;\">Si trasmette in allegato il provvedimento 11.01.13 del Presidente della Sezione Civile del Tribunale di Pescara in merito alla iscrizione a ruolo e trattazione delle nuove cause dinanzi alle Sezioni distaccate di Penne e S. Valentino, <strong style=\"mso-bidi-font-weight: normal;\">a partire dal 14 gennaio 2013<\/strong>.<\/span><\/p>\n<p class=\"MsoNormal\" style=\"margin: 0cm 0cm 0pt; mso-layout-grid-align: none;\"><span style=\"font-family: Verdana; color: navy; font-size: 10pt; mso-bidi-font-family: Verdana;\">Si segnala che il COA, nella seduta del 10.01.13, ha deliberato di comunicare agli iscritti l\u2019opportunit\u00e0 di incardinare le cause di competenza delle Sezioni distaccate presso la Sede centrale, atteso che, in ogni caso, la trattazione sar\u00e0 ivi effettuata. (<a href=\"http:\/\/www.ordineavvocatipescara.it\/wp-content\/uploads\/2013\/01\/TR-SEZ-STACC.-11.1.13.pdf\">clicca qui per scaricare l&#8217;allegato<\/a>)<\/span><\/p>\n<p class=\"MsoNormal\" style=\"margin: 0cm 0cm 0pt; mso-layout-grid-align: none;\"><span style=\"font-family: Verdana; color: navy; font-size: 10pt; mso-bidi-font-family: Verdana;\">\u00a0<\/span><\/p>\n<p class=\"MsoNormal\" style=\"margin: 0cm 0cm 0pt; mso-layout-grid-align: none;\"><span style=\"font-family: Verdana; color: navy; font-size: 10pt; mso-bidi-font-family: Verdana;\">\u00a0<\/span><\/p>\n<p class=\"MsoNormal\" style=\"margin: 0cm 0cm 0pt; mso-layout-grid-align: none;\"><span style=\"color: black;\"><span style=\"font-family: Times New Roman; font-size: small;\">\u00a0<\/span><\/span><strong><span style=\"font-family: Verdana; color: red; font-size: 10pt; mso-bidi-font-family: 'Verdana,Bold';\">3. ACCESSI IN CANCELLERIA<\/span><\/strong><\/p>\n<p class=\"MsoNormal\" style=\"margin: 0cm 0cm 0pt; mso-layout-grid-align: none;\"><strong><span style=\"font-family: Verdana; color: navy; font-size: 10pt; font-weight: normal; mso-bidi-font-family: 'Verdana,Bold'; mso-bidi-font-weight: bold;\">Su segnalazione del personale amministrativo, si raccomanda agli iscritti di limitare gli accessi in cancelleria alle sole attivit\u00e0 per le quali ci\u00f2 \u00e8 indispensabile, utilizzando invece il sistema Polisweb per l\u2019assunzione delle informazioni.<\/span><\/strong><\/p>\n<p class=\"MsoNormal\" style=\"margin: 0cm 0cm 0pt; mso-layout-grid-align: none;\"><strong><span style=\"font-family: Verdana; color: navy; font-size: 10pt; font-weight: normal; mso-bidi-font-family: 'Verdana,Bold'; mso-bidi-font-weight: bold;\">Si raccomanda, altres\u00ec, il rispetto degli orari degli sportelli.<\/span><\/strong><\/p>\n<p class=\"MsoNormal\" style=\"margin: 0cm 0cm 0pt; mso-layout-grid-align: none;\"><span style=\"color: navy;\"><span style=\"font-size: small;\"><span style=\"font-family: Times New Roman;\">\u00a0<\/span><\/span><\/span><\/p>\n","protected":false},"excerpt":{"rendered":"<p>\u00a0 Lettera informativa n. 6\/13 del 14.01.2013 \u00a0 \u00a0 1.CORTE D\u2019APPELLO L\u2019AQUILA \u2013 RUOLI UDIENZE 15 E 17 GENNAIO 2013 Con riferimento alle udienze in oggetto, si trasmettono i seguenti documenti: \u00a0 15 gennaio 2013: \u00a0\u00a0\u00a0\u00a0\u00a0\u00a0\u00a0\u00a0\u00a0\u00a0\u00a0\u00a0\u00a0\u00a0 &#8211; provvedimento 15.01.13 (clicca qui) \u00a0\u00a0\u00a0\u00a0\u00a0\u00a0\u00a0\u00a0\u00a0\u00a0\u00a0 &#8211; fasce orarie 15.01.13 (clicca qui) \u00a0\u00a0\u00a0\u00a0\u00a0\u00a0\u00a0\u00a0\u00a0\u00a0\u00a0\u00a0\u00a0\u00a0 &#8211; ruolo separazioni e divorzi 15.01.13 [&hellip;]<\/p>\n","protected":false},"author":3,"featured_media":0,"parent":0,"menu_order":0,"comment_status":"closed","ping_status":"closed","template":"","meta":[],"_links":{"self":[{"href":"https:\/\/www.ordineavvocatipescara.it\/index.php\/wp-json\/wp\/v2\/pages\/3950"}],"collection":[{"href":"https:\/\/www.ordineavvocatipescara.it\/index.php\/wp-json\/wp\/v2\/pages"}],"about":[{"href":"https:\/\/www.ordineavvocatipescara.it\/index.php\/wp-json\/wp\/v2\/types\/page"}],"author":[{"embeddable":true,"href":"https:\/\/www.ordineavvocatipescara.it\/index.php\/wp-json\/wp\/v2\/users\/3"}],"replies":[{"embeddable":true,"href":"https:\/\/www.ordineavvocatipescara.it\/index.php\/wp-json\/wp\/v2\/comments?post=3950"}],"version-history":[{"count":2,"href":"https:\/\/www.ordineavvocatipescara.it\/index.php\/wp-json\/wp\/v2\/pages\/3950\/revisions"}],"predecessor-version":[{"id":3959,"href":"https:\/\/www.ordineavvocatipescara.it\/index.php\/wp-json\/wp\/v2\/pages\/3950\/revisions\/3959"}],"wp:attachment":[{"href":"https:\/\/www.ordineavvocatipescara.it\/index.php\/wp-json\/wp\/v2\/media?parent=3950"}],"curies":[{"name":"wp","href":"https:\/\/api.w.org\/{rel}","templated":true}]}}