{"id":4395,"date":"2013-04-03T11:27:03","date_gmt":"2013-04-03T10:27:03","guid":{"rendered":"http:\/\/www.ordineavvocatipescara.it\/?page_id=4395"},"modified":"2013-04-18T12:37:28","modified_gmt":"2013-04-18T11:37:28","slug":"lettera-informativa-n-5913-del-04-04-13","status":"publish","type":"page","link":"https:\/\/www.ordineavvocatipescara.it\/index.php\/lettera-informativa-n-5913-del-04-04-13\/","title":{"rendered":"Lettera informativa n. 59\/13 del 03.04.13"},"content":{"rendered":"<p class=\"MsoNormal\" style=\"margin: 0cm 0cm 0pt;\"><strong><span style=\"font-family: Verdana; color: navy; font-size: 10pt; mso-bidi-font-weight: normal;\">\u00a0<\/span><\/strong><\/p>\n<p class=\"MsoNormal\" style=\"margin: 0cm 0cm 0pt;\"><strong><span style=\"font-family: Verdana; color: navy; font-size: 10pt; mso-bidi-font-weight: normal;\">Lettera informativa n. 59\/13 del 03.04.2013<\/span><\/strong><\/p>\n<p class=\"MsoNormal\" style=\"margin: 0cm 0cm 0pt;\"><span style=\"color: black; font-size: 10pt;\"><span style=\"font-family: Times New Roman;\">\u00a0<\/span><\/span><\/p>\n<p class=\"MsoNormal\" style=\"margin: 0cm 0cm 0pt;\"><span style=\"color: black; font-size: 10pt;\"><span style=\"font-family: Times New Roman;\">\u00a0<\/span><\/span><\/p>\n<p class=\"MsoNormal\" style=\"margin: 0cm 0cm 0pt;\"><strong><span style=\"font-family: Verdana; color: red; font-size: 10pt; mso-bidi-font-weight: normal;\">\u00a0<\/span><\/strong><\/p>\n<p class=\"MsoNormal\" style=\"margin: 0cm 0cm 0pt;\"><strong><span style=\"font-family: Verdana; color: red; font-size: 10pt; mso-bidi-font-weight: normal;\">1.TRIBUNALE DI PESCARA \u2013 SERVIZIO RICHIESTA COPIE E CERTIFICATI ON-LINE<\/span><\/strong><\/p>\n<p class=\"MsoNormal\" style=\"margin: 0cm 0cm 0pt;\"><strong><span style=\"font-family: Verdana; color: navy; font-size: 10pt; font-weight: normal;\">Si trasmette in allegato la nota 20.03.13 con la quale il Presidente del Tribunale ha disposto l\u2019operativit\u00e0 <\/span><\/strong><strong><span style=\"font-family: Verdana; color: navy; font-size: 10pt; mso-bidi-font-weight: normal;\">sino al 31.12.2013<\/span><\/strong><strong><span style=\"font-family: Verdana; color: navy; font-size: 10pt; font-weight: normal;\"> dei servizi richiesta copie e rilascio certificati attivati sul sito web del Tribunale per gli atti della cancelleria fallimentare.<\/span><\/strong><\/p>\n<p class=\"MsoNormal\" style=\"margin: 0cm 0cm 0pt;\"><strong><em style=\"mso-bidi-font-style: normal;\"><span style=\"font-family: Verdana; color: navy; font-size: 10pt; font-weight: normal;\">(<a href=\"http:\/\/www.ordineavvocatipescara.it\/wp-content\/uploads\/2013\/04\/nota-trib-20.3.13.pdf\">clicca qui per scaricare l&#8217;allegato<\/a>)<\/span><\/em><\/strong><strong style=\"mso-bidi-font-weight: normal;\"><em style=\"mso-bidi-font-style: normal;\"><\/em><\/strong><\/p>\n<p class=\"MsoNormal\" style=\"margin: 0cm 0cm 0pt;\"><strong><span style=\"font-family: Verdana; color: red; font-size: 10pt; mso-bidi-font-weight: normal;\">\u00a0<\/span><\/strong><\/p>\n<p class=\"MsoNormal\" style=\"margin: 0cm 0cm 0pt;\"><strong><span style=\"font-family: Verdana; color: red; font-size: 10pt; mso-bidi-font-weight: normal;\">\u00a0<\/span><\/strong><\/p>\n<p class=\"MsoNormal\" style=\"margin: 0cm 0cm 0pt;\"><strong><span style=\"font-family: Verdana; color: red; font-size: 10pt; mso-bidi-font-weight: normal;\">2. CORTE D\u2019APPELLO L\u2019AQUILA \u2013 RUOLO UDIENZA LAVORO 4 APRILE 2013<\/span><\/strong><\/p>\n<p class=\"newstitle\" style=\"text-align: justify; margin: 0cm 0cm 0pt; tab-stops: 45.8pt 91.6pt 137.4pt 183.2pt 229.0pt 274.8pt 320.6pt 366.4pt 412.2pt 458.0pt 503.8pt 549.6pt 595.4pt 641.2pt 687.0pt 732.8pt;\"><span style=\"font-family: Verdana; color: navy; font-size: 10pt;\">Con riferimento all\u2019udienza in oggetto, si trasmette il documento allegato. (<em><a href=\"http:\/\/www.ordineavvocatipescara.it\/wp-content\/uploads\/2013\/04\/r-lavoro-4.4.pdf\">clicca qui<\/a><\/em>)<\/span><\/p>\n<p class=\"newstitle\" style=\"text-align: justify; margin: 0cm 0cm 0pt; tab-stops: 45.8pt 91.6pt 137.4pt 183.2pt 229.0pt 274.8pt 320.6pt 366.4pt 412.2pt 458.0pt 503.8pt 549.6pt 595.4pt 641.2pt 687.0pt 732.8pt;\"><span style=\"font-family: Verdana; color: navy; font-size: 10pt;\">\u00a0<\/span><\/p>\n<p class=\"MsoNormal\" style=\"margin: 0cm 0cm 0pt;\"><span style=\"font-family: Verdana; color: navy; font-size: 10pt;\"><span style=\"mso-tab-count: 1;\">\u00a0\u00a0\u00a0\u00a0\u00a0\u00a0\u00a0\u00a0 <\/span><\/span><strong style=\"mso-bidi-font-weight: normal;\"><\/strong><\/p>\n<p class=\"MsoNormal\" style=\"text-align: left; margin: 0cm 0cm 0pt; mso-pagination: widow-orphan;\" align=\"left\"><strong style=\"mso-bidi-font-weight: normal;\"><span style=\"font-family: Verdana; color: red; font-size: 10pt;\">3. SESSIONI FORMATIVE SOFTWARE PCT <\/span><\/strong><\/p>\n<p class=\"MsoNormal\" style=\"text-align: left; margin: 0cm 0cm 0pt 18pt; mso-pagination: widow-orphan;\" align=\"left\"><strong style=\"mso-bidi-font-weight: normal;\"><span style=\"font-family: Verdana; color: red; font-size: 10pt;\">\u00a0<\/span><\/strong><\/p>\n<p class=\"MsoNormal\" style=\"text-indent: -18pt; margin: 0cm 0cm 0pt 36pt; tab-stops: list 36.0pt; mso-pagination: widow-orphan; mso-list: l0 level1 lfo1; mso-layout-grid-align: none;\"><span style=\"font-family: Wingdings; color: navy; font-size: 9pt; mso-bidi-font-family: Wingdings; mso-fareast-font-family: Wingdings;\"><span style=\"mso-list: Ignore;\">\u00a7<span style=\"font: 7pt 'Times New Roman';\">\u00a0\u00a0\u00a0\u00a0\u00a0\u00a0\u00a0\u00a0\u00a0 <\/span><\/span><\/span><strong style=\"mso-bidi-font-weight: normal;\"><span style=\"font-family: Verdana; color: navy; font-size: 10pt; mso-bidi-font-family: Verdana;\">LEXTEAM SRL<\/span><\/strong><\/p>\n<p class=\"MsoNormal\" style=\"margin: 0cm 0cm 0pt; mso-pagination: widow-orphan; mso-layout-grid-align: none;\"><strong><span style=\"font-family: Verdana; color: navy; font-size: 10pt; mso-bidi-font-family: 'Verdana,Bold';\">Marted\u00ec 9 aprile 2013 ore 10\/12.30<\/span><\/strong><span style=\"font-family: Verdana; color: navy; font-size: 10pt; mso-bidi-font-family: Verdana;\"> <strong style=\"mso-bidi-font-weight: normal;\">&#8211; Biblioteca <em style=\"mso-bidi-font-style: normal;\">G.A. Scoponi<\/em> dell\u2019Ordine<\/strong><\/span><\/p>\n<p class=\"MsoNormal\" style=\"margin: 0cm 0cm 0pt; mso-pagination: widow-orphan; mso-layout-grid-align: none;\"><span style=\"font-family: Verdana; color: navy; font-size: 10pt; mso-bidi-font-family: Verdana;\">MODALITA\u2019 DI ISCRIZIONE: presso la Segreteria dell\u2019Ordine, versando la quota di partecipazione richiesta (\u20ac 19,00). Si precisa che <strong style=\"mso-bidi-font-weight: normal;\"><span style=\"text-decoration: underline;\">non<\/span><\/strong> \u00e8 possibile iscriversi direttamente il giorno della sessione, poich\u00e9 occorre previamente raggiungere un numero minimo di partecipanti affinch\u00e9 il corso possa tenersi.<\/span><strong><\/strong><\/p>\n<p class=\"newstitle\" style=\"text-align: justify; line-height: 13.5pt; margin: 0cm 0cm 0pt; tab-stops: 45.8pt 91.6pt 137.4pt 183.2pt 229.0pt 274.8pt 320.6pt 366.4pt 412.2pt 458.0pt 503.8pt 549.6pt 595.4pt 641.2pt 687.0pt 732.8pt;\"><span style=\"font-family: Verdana; color: navy; font-size: 10pt;\">INFO: Per informazioni circa l&#8217;acquisto dei software potr\u00e0 essere contattato il dott. Gabriele Bonito: tel. 0854314991 &#8211; cell. 3465011342 \u2013 e-mail: <a href=\"mailto:gabriele.bonito@lexteam.it\"><span style=\"color: navy;\">gabriele.bonito@lexteam.it<\/span><\/a>.<\/span><\/p>\n<p class=\"MsoNormal\" style=\"margin: 0cm 0cm 0pt; mso-pagination: widow-orphan; mso-layout-grid-align: none;\"><span style=\"font-family: Verdana; color: navy; font-size: 10pt; mso-bidi-font-family: Verdana;\">Prodotto offerto: EasyTelematico. <\/span><\/p>\n<p class=\"MsoNormal\" style=\"margin: 0cm 0cm 0pt; mso-pagination: widow-orphan; mso-layout-grid-align: none;\"><span style=\"font-family: Verdana; color: navy; font-size: 10pt; mso-bidi-font-family: Verdana;\">\u00a0<\/span><\/p>\n<p class=\"MsoNormal\" style=\"text-indent: -18pt; margin: 0cm 0cm 0pt 36pt; tab-stops: list 36.0pt; mso-pagination: widow-orphan; mso-list: l0 level1 lfo1; mso-layout-grid-align: none;\"><span style=\"font-family: Wingdings; color: navy; font-size: 9pt; mso-bidi-font-family: Wingdings; mso-fareast-font-family: Wingdings;\"><span style=\"mso-list: Ignore;\">\u00a7<span style=\"font: 7pt 'Times New Roman';\">\u00a0\u00a0\u00a0\u00a0\u00a0\u00a0\u00a0\u00a0\u00a0 <\/span><\/span><\/span><strong style=\"mso-bidi-font-weight: normal;\"><span style=\"font-family: Verdana; color: navy; font-size: 10pt; mso-bidi-font-family: Verdana;\">GIUFFRE\u2019<\/span><\/strong><strong style=\"mso-bidi-font-weight: normal;\"><\/strong><\/p>\n<p class=\"MsoNormal\" style=\"margin: 0cm 0cm 0pt; mso-pagination: widow-orphan; mso-layout-grid-align: none;\"><span style=\"font-family: Verdana; color: navy; font-size: 10pt; mso-bidi-font-family: 'Verdana,Bold'; mso-bidi-font-weight: bold;\">Prossime date (a scelta):<\/span><\/p>\n<p class=\"MsoNormal\" style=\"margin: 0cm 0cm 0pt; mso-pagination: widow-orphan; mso-layout-grid-align: none;\"><strong><span style=\"font-family: Verdana; color: navy; font-size: 10pt; mso-bidi-font-family: 'Verdana,Bold';\">&#8211; Gioved\u00ec 11 aprile 2013 ore 10.30\/13.00<\/span><\/strong><span style=\"font-family: Verdana; color: navy; font-size: 10pt; mso-bidi-font-family: Verdana;\"> <span style=\"mso-spacerun: yes;\">\u00a0<\/span><strong style=\"mso-bidi-font-weight: normal;\"><\/strong><\/span><\/p>\n<p class=\"MsoNormal\" style=\"margin: 0cm 0cm 0pt; mso-pagination: widow-orphan; mso-layout-grid-align: none;\"><strong><span style=\"font-family: Verdana; color: navy; font-size: 10pt; mso-bidi-font-family: 'Verdana,Bold';\">&#8211; Marted\u00ec 16 aprile 2013 ore 10.30\/13.00<\/span><\/strong><\/p>\n<p class=\"MsoNormal\" style=\"margin: 0cm 0cm 0pt; mso-pagination: widow-orphan; mso-layout-grid-align: none;\"><span style=\"font-family: Verdana; color: navy; font-size: 10pt; mso-bidi-font-family: Verdana;\">Biblioteca <em style=\"mso-bidi-font-style: normal;\">G.A. Scoponi<\/em> dell\u2019Ordine<\/span><\/p>\n<p class=\"MsoNormal\" style=\"margin: 0cm 0cm 0pt; mso-pagination: widow-orphan; mso-layout-grid-align: none;\"><span style=\"font-family: Verdana; color: navy; font-size: 10pt; mso-bidi-font-family: Verdana;\">MODALITA\u2019 DI ISCRIZIONE: per la prenotazione e fatturazione del corso prescelto (\u20ac 15 iva inclusa cad.) contattare l\u2019Agenzia Giuffr\u00e8: Via della Polveriera 6, Pescara \u2013 Tel. 08563865 \u2013 email: <a href=\"mailto:giuffrechietipescara@hotmail.it\">giuffrechietipescara@hotmail.it<\/a>. <\/span><\/p>\n<p class=\"MsoNormal\" style=\"margin: 0cm 0cm 0pt; mso-pagination: widow-orphan; mso-layout-grid-align: none;\"><span style=\"font-family: Verdana; color: navy; font-size: 10pt; mso-bidi-font-family: Verdana;\">Prodotto offerto: Cliens Consolle <\/span><\/p>\n<p class=\"MsoNormal\" style=\"margin: 0cm 0cm 0pt; mso-pagination: widow-orphan; mso-layout-grid-align: none;\"><span style=\"font-family: Verdana; color: navy; font-size: 10pt; mso-bidi-font-family: Verdana;\">\u00a0<\/span><\/p>\n","protected":false},"excerpt":{"rendered":"<p>\u00a0 Lettera informativa n. 59\/13 del 03.04.2013 \u00a0 \u00a0 \u00a0 1.TRIBUNALE DI PESCARA \u2013 SERVIZIO RICHIESTA COPIE E CERTIFICATI ON-LINE Si trasmette in allegato la nota 20.03.13 con la quale il Presidente del Tribunale ha disposto l\u2019operativit\u00e0 sino al 31.12.2013 dei servizi richiesta copie e rilascio certificati attivati sul sito web del Tribunale per gli [&hellip;]<\/p>\n","protected":false},"author":3,"featured_media":0,"parent":0,"menu_order":0,"comment_status":"closed","ping_status":"closed","template":"","meta":[],"_links":{"self":[{"href":"https:\/\/www.ordineavvocatipescara.it\/index.php\/wp-json\/wp\/v2\/pages\/4395"}],"collection":[{"href":"https:\/\/www.ordineavvocatipescara.it\/index.php\/wp-json\/wp\/v2\/pages"}],"about":[{"href":"https:\/\/www.ordineavvocatipescara.it\/index.php\/wp-json\/wp\/v2\/types\/page"}],"author":[{"embeddable":true,"href":"https:\/\/www.ordineavvocatipescara.it\/index.php\/wp-json\/wp\/v2\/users\/3"}],"replies":[{"embeddable":true,"href":"https:\/\/www.ordineavvocatipescara.it\/index.php\/wp-json\/wp\/v2\/comments?post=4395"}],"version-history":[{"count":2,"href":"https:\/\/www.ordineavvocatipescara.it\/index.php\/wp-json\/wp\/v2\/pages\/4395\/revisions"}],"predecessor-version":[{"id":4488,"href":"https:\/\/www.ordineavvocatipescara.it\/index.php\/wp-json\/wp\/v2\/pages\/4395\/revisions\/4488"}],"wp:attachment":[{"href":"https:\/\/www.ordineavvocatipescara.it\/index.php\/wp-json\/wp\/v2\/media?parent=4395"}],"curies":[{"name":"wp","href":"https:\/\/api.w.org\/{rel}","templated":true}]}}