{"id":4829,"date":"2013-06-10T12:36:23","date_gmt":"2013-06-10T11:36:23","guid":{"rendered":"http:\/\/www.ordineavvocatipescara.it\/?page_id=4829"},"modified":"2013-06-10T12:36:23","modified_gmt":"2013-06-10T11:36:23","slug":"lettera-informativa-n-10213-del-10-06-13","status":"publish","type":"page","link":"https:\/\/www.ordineavvocatipescara.it\/index.php\/lettera-informativa-n-10213-del-10-06-13\/","title":{"rendered":"Lettera informativa n. 102\/13 del 10.06.13"},"content":{"rendered":"<p class=\"MsoNormal\" style=\"margin: 0cm 0cm 0pt;\"><strong><span style=\"font-family: Verdana; color: navy; font-size: 10pt; mso-bidi-font-weight: normal;\">\u00a0<\/span><\/strong><\/p>\n<p class=\"MsoNormal\" style=\"margin: 0cm 0cm 0pt;\"><strong><span style=\"font-family: Verdana; color: navy; font-size: 10pt; mso-bidi-font-weight: normal;\">Lettera informativa n. 102\/13 del 10.06.2013<\/span><\/strong><\/p>\n<p class=\"MsoNormal\" style=\"margin: 0cm 0cm 0pt;\"><span style=\"color: black;\"><span style=\"font-size: small;\"><span style=\"font-family: Times New Roman;\">\u00a0<\/span><\/span><\/span><\/p>\n<p class=\"MsoNormal\" style=\"margin: 0cm 0cm 0pt;\"><strong><span style=\"font-family: Verdana; color: red; font-size: 10pt; mso-bidi-font-weight: normal;\">\u00a0<\/span><\/strong><\/p>\n<p class=\"MsoNormal\" style=\"margin: 0cm 0cm 0pt;\"><strong><span style=\"font-family: Verdana; color: red; font-size: 10pt; mso-bidi-font-weight: normal;\">\u00a0<\/span><\/strong><\/p>\n<p class=\"MsoNormal\" style=\"margin: 0cm 0cm 0pt;\"><strong><span style=\"font-family: Verdana; color: red; font-size: 10pt; mso-bidi-font-weight: normal;\">\u00a0<\/span><\/strong><\/p>\n<p class=\"MsoNormal\" style=\"margin: 0cm 0cm 0pt;\"><strong><span style=\"font-family: Verdana; color: red; font-size: 10pt; mso-bidi-font-weight: normal;\">1.BORSA DI STUDIO COA \u2013 CORSO INGLESE GIURIDICO IN GALLES<\/span><\/strong><\/p>\n<p class=\"newstitle\" style=\"text-align: justify; margin: 0cm 0cm 0pt; tab-stops: 45.8pt 91.6pt 137.4pt 183.2pt 229.0pt 274.8pt 320.6pt 366.4pt 412.2pt 458.0pt 503.8pt 549.6pt 595.4pt 641.2pt 687.0pt 732.8pt;\"><span style=\"font-family: Verdana; color: navy; font-size: 10pt;\">Si informano gli iscritti che il Consiglio, nella seduta del 06.06.2013, ha deliberato di istituire una borsa di studio a copertura della quota di partecipazione al XII Corso di Inglese Giuridico e Common Law \u201c<em style=\"mso-bidi-font-style: normal;\">Legal English Summer School for Lawyers\u201d<\/em>, organizzato dalla School of Law dell\u2019Universit\u00e0 di Bangor, che si terr\u00e0 dal 12 al 23 agosto 2013 a Bangor, in Galles.<\/span><\/p>\n<p class=\"newstitle\" style=\"text-align: justify; margin: 0cm 0cm 0pt; tab-stops: 45.8pt 91.6pt 137.4pt 183.2pt 229.0pt 274.8pt 320.6pt 366.4pt 412.2pt 458.0pt 503.8pt 549.6pt 595.4pt 641.2pt 687.0pt 732.8pt;\"><span style=\"font-family: Verdana; color: navy; font-size: 10pt;\">La borsa di studio \u00e8 destinata ad un avvocato che abbia ottenuto l\u2019abilitazione nelle ultime 3 sessioni d\u2019esame (2009-2010-2011) e sar\u00e0 assegnata a chi, fra quanti faranno domanda, risulter\u00e0 aver conseguito il voto pi\u00f9 alto e, in caso di pari votazione, al pi\u00f9 giovane di et\u00e0.<\/span><\/p>\n<p class=\"newstitle\" style=\"text-align: justify; margin: 0cm 0cm 0pt; tab-stops: 45.8pt 91.6pt 137.4pt 183.2pt 229.0pt 274.8pt 320.6pt 366.4pt 412.2pt 458.0pt 503.8pt 549.6pt 595.4pt 641.2pt 687.0pt 732.8pt;\"><strong style=\"mso-bidi-font-weight: normal;\"><span style=\"font-family: Verdana; color: navy; font-size: 10pt;\">Termine per la presentazione delle domande: 20 giugno 2013<\/span><\/strong><span style=\"font-family: Verdana; color: navy; font-size: 10pt;\">.<\/span><\/p>\n<p class=\"MsoNormal\" style=\"text-align: left; margin: 0cm 0cm 0pt; mso-pagination: widow-orphan;\" align=\"left\"><em style=\"mso-bidi-font-style: normal;\"><span style=\"font-family: Verdana; color: navy; font-size: 10pt;\">\u00a0<\/span><\/em><\/p>\n<p class=\"MsoNormal\" style=\"text-align: left; margin: 0cm 0cm 0pt; mso-pagination: widow-orphan;\" align=\"left\"><em style=\"mso-bidi-font-style: normal;\"><span style=\"font-family: Verdana; color: navy; font-size: 10pt;\">ALLEGATI: <\/span><\/em><\/p>\n<p class=\"MsoNormal\" style=\"text-align: left; margin: 0cm 0cm 0pt 18pt; mso-pagination: widow-orphan;\" align=\"left\"><span style=\"font-family: Verdana; color: navy; font-size: 10pt;\">&#8211; modello di domanda (<em><a href=\"http:\/\/www.ordineavvocatipescara.it\/wp-content\/uploads\/2013\/06\/domanda-borsa-di-studio.doc\">CLICCA QUI<\/a><\/em>)<\/span><\/p>\n<p class=\"MsoNormal\" style=\"text-align: left; margin: 0cm 0cm 0pt 18pt; mso-pagination: widow-orphan;\" align=\"left\"><span style=\"font-family: Verdana; color: navy; font-size: 10pt;\">&#8211; programma del corso (<em><a href=\"http:\/\/www.ordineavvocatipescara.it\/wp-content\/uploads\/2013\/06\/Legal-English-Summer-School-2013-Italian-poster.pdf\">CLICCA QUI<\/a><\/em>)<\/span><\/p>\n<p class=\"newstitle\" style=\"text-align: justify; line-height: 13.5pt; margin: auto 0cm auto 18pt; tab-stops: 45.8pt 91.6pt 137.4pt 183.2pt 229.0pt 274.8pt 320.6pt 366.4pt 412.2pt 458.0pt 503.8pt 549.6pt 595.4pt 641.2pt 687.0pt 732.8pt;\"><span style=\"font-family: Verdana; color: navy; font-size: 10pt;\">\u00a0<\/span><\/p>\n<p class=\"MsoNormal\" style=\"margin: 0cm 0cm 0pt; mso-layout-grid-align: none;\"><span style=\"color: black;\"><span style=\"font-size: small;\"><span style=\"font-family: Times New Roman;\">\u00a0<\/span><\/span><\/span><\/p>\n","protected":false},"excerpt":{"rendered":"<p>\u00a0 Lettera informativa n. 102\/13 del 10.06.2013 \u00a0 \u00a0 \u00a0 \u00a0 1.BORSA DI STUDIO COA \u2013 CORSO INGLESE GIURIDICO IN GALLES Si informano gli iscritti che il Consiglio, nella seduta del 06.06.2013, ha deliberato di istituire una borsa di studio a copertura della quota di partecipazione al XII Corso di Inglese Giuridico e Common Law [&hellip;]<\/p>\n","protected":false},"author":3,"featured_media":0,"parent":0,"menu_order":0,"comment_status":"closed","ping_status":"closed","template":"","meta":[],"_links":{"self":[{"href":"https:\/\/www.ordineavvocatipescara.it\/index.php\/wp-json\/wp\/v2\/pages\/4829"}],"collection":[{"href":"https:\/\/www.ordineavvocatipescara.it\/index.php\/wp-json\/wp\/v2\/pages"}],"about":[{"href":"https:\/\/www.ordineavvocatipescara.it\/index.php\/wp-json\/wp\/v2\/types\/page"}],"author":[{"embeddable":true,"href":"https:\/\/www.ordineavvocatipescara.it\/index.php\/wp-json\/wp\/v2\/users\/3"}],"replies":[{"embeddable":true,"href":"https:\/\/www.ordineavvocatipescara.it\/index.php\/wp-json\/wp\/v2\/comments?post=4829"}],"version-history":[{"count":1,"href":"https:\/\/www.ordineavvocatipescara.it\/index.php\/wp-json\/wp\/v2\/pages\/4829\/revisions"}],"predecessor-version":[{"id":4832,"href":"https:\/\/www.ordineavvocatipescara.it\/index.php\/wp-json\/wp\/v2\/pages\/4829\/revisions\/4832"}],"wp:attachment":[{"href":"https:\/\/www.ordineavvocatipescara.it\/index.php\/wp-json\/wp\/v2\/media?parent=4829"}],"curies":[{"name":"wp","href":"https:\/\/api.w.org\/{rel}","templated":true}]}}