{"id":5502,"date":"2013-11-25T14:33:31","date_gmt":"2013-11-25T13:33:31","guid":{"rendered":"http:\/\/www.ordineavvocatipescara.it\/?page_id=5502"},"modified":"2013-11-25T14:45:15","modified_gmt":"2013-11-25T13:45:15","slug":"lettera-informativa-n-17313-del-25-11-13-servizi-cancelleria","status":"publish","type":"page","link":"https:\/\/www.ordineavvocatipescara.it\/index.php\/lettera-informativa-n-17313-del-25-11-13-servizi-cancelleria\/","title":{"rendered":"Lettera informativa n. 173\/13 del 25.11.13 Servizi cancelleria"},"content":{"rendered":"<p class=\"MsoNormal\" style=\"margin: 0cm 0cm 0pt;\"><strong><span style=\"font-family: Verdana; color: navy; font-size: 10pt; mso-bidi-font-weight: normal;\">\u00a0<\/span><\/strong><\/p>\n<p class=\"MsoNormal\" style=\"margin: 0cm 0cm 0pt;\"><strong><span style=\"font-family: Verdana; color: navy; font-size: 10pt; mso-bidi-font-weight: normal;\">Lettera informativa n. 173\/13 del 25.11.2013<\/span><\/strong><\/p>\n<p class=\"MsoNormal\" style=\"margin: 0cm 0cm 0pt;\"><span style=\"color: black;\"><span style=\"font-size: small;\"><span style=\"font-family: Times New Roman;\">\u00a0<\/span><\/span><\/span><\/p>\n<p class=\"MsoNormal\" style=\"margin: 0cm 0cm 0pt;\"><span style=\"font-size: small;\"><span style=\"font-family: Times New Roman;\"><span style=\"color: black;\">\u00a0<\/span><strong><\/strong><\/span><\/span><\/p>\n<ol style=\"margin-top: 0cm;\" type=\"1\">\n<li class=\"MsoNormal\" style=\"margin: 0cm 0cm 0pt; color: red; tab-stops: list 36.0pt; mso-list: l0 level1 lfo1;\"><strong><span style=\"font-family: Verdana; font-size: 10pt; mso-bidi-font-weight: normal;\">ISTITUZIONE SERVIZI GRATUITI DI CANCELLERIA<\/span><\/strong><\/li>\n<\/ol>\n<p class=\"MsoNormal\" style=\"margin: 0cm 0cm 0pt;\"><strong><span style=\"font-family: Verdana; color: navy; font-size: 10pt; font-weight: normal;\">Si informano i Colleghi che il Consiglio, nella seduta del 21.11.2013, al fine di facilitare il deposito degli atti presso gli sportelli della Cancelleria del Tribunale, nonch\u00e9 di incentivare l\u2019utilizzo di strumenti informatici per verificare lo stato dei procedimenti,<span style=\"mso-spacerun: yes;\">\u00a0 <\/span>ha deliberato di attivare, <\/span><\/strong><strong><span style=\"font-family: Verdana; color: navy; font-size: 10pt; mso-bidi-font-weight: normal;\">a partire da luned\u00ec 02 dicembre 2013<\/span><\/strong><strong><span style=\"font-family: Verdana; color: navy; font-size: 10pt; font-weight: normal;\">, i seguenti servizi:<\/span><\/strong><\/p>\n<p class=\"MsoNormal\" style=\"margin: 0cm 0cm 0pt 18pt;\"><strong><span style=\"font-family: Verdana; color: navy; font-size: 10pt; font-weight: normal;\">\u00a0<\/span><\/strong><\/p>\n<ol style=\"margin-top: 0cm;\" type=\"1\">\n<li class=\"MsoNormal\" style=\"margin: 0cm 0cm 0pt; color: navy; tab-stops: list 36.0pt; mso-list: l1 level1 lfo2;\"><strong><span style=\"text-decoration: underline;\"><span style=\"font-family: Verdana; font-size: 10pt; font-weight: normal;\">SERVIZIO GRATUITO DI DEPOSITO MASSIVO DEGLI ATTI<\/span><\/span><\/strong><\/li>\n<\/ol>\n<p class=\"MsoNormal\" style=\"margin: 0cm 0cm 0pt 18pt;\"><strong><span style=\"font-family: Verdana; color: navy; font-size: 10pt; mso-bidi-font-weight: normal;\">In alternativa al deposito diretto<\/span><\/strong><strong><span style=\"font-family: Verdana; color: navy; font-size: 10pt; font-weight: normal;\">, gli atti da depositare presso gli sportelli nn. da 1 a 5 del 4\u00b0 piano della Cancelleria Civile potranno essere consegnati tutti i giorni,<\/span><\/strong><strong><span style=\"font-family: Verdana; color: navy; font-size: 10pt; mso-bidi-font-weight: normal;\"> dal luned\u00ec al venerd\u00ec, dalle ore 10.00 alle 12.00, presso l\u2019Ufficio di Segreteria della Camera di Conciliazione Forense<\/span><\/strong><strong><span style=\"font-family: Verdana; color: navy; font-size: 10pt; font-weight: normal;\"> (stanza 135 &#8211; 1\u00b0 piano sez. Civile \u2013 Blocco C); l\u2019avvenuta consegna sar\u00e0 annotata <\/span><\/strong><span style=\"font-family: Verdana; color: navy; font-size: 10pt;\">nell\u2019apposito Registro cartaceo giornaliero, e sottoscritta dall\u2019avvocato o dal suo collaboratore.<\/span><\/p>\n<p class=\"MsoNormal\" style=\"margin: 0cm 0cm 0pt 18pt;\"><span style=\"font-family: Verdana; color: navy; font-size: 10pt;\">Il personale incaricato <strong><span style=\"font-family: Verdana; font-weight: normal;\">provveder\u00e0<\/span><\/strong>,<strong><span style=\"font-family: Verdana; font-weight: normal;\"> nella stessa giornata, al deposito <\/span><\/strong>degli atti<strong><span style=\"font-family: Verdana; font-weight: normal;\"> presso gli sportelli della cancelleria di competenza, <\/span><\/strong>che ne attesteranno la ricezione in calce alla fotocopia del Registro giornaliero di cui sopra<strong><span style=\"font-family: Verdana; font-weight: normal;\">; il giorno successivo, la copia recante il timbro di deposito sar\u00e0 restituita agli interessati mediante inserimento nelle cassette nominative poste all\u2019interno dell\u2019UNEP. <\/span><\/strong><\/span><\/p>\n<p class=\"MsoNormal\" style=\"margin: 0cm 0cm 0pt 18pt;\"><strong><span style=\"font-family: Verdana; color: navy; font-size: 10pt; font-weight: normal;\">A tal fine, <\/span><\/strong><strong><span style=\"font-family: Verdana; color: navy; font-size: 10pt; mso-bidi-font-weight: normal;\">dovranno essere indicati<\/span><\/strong><strong style=\"mso-bidi-font-weight: normal;\"><span style=\"font-family: Verdana; color: navy; font-size: 10pt;\"> in modo ben visibile nei propri atti:<\/span><\/strong><\/p>\n<p class=\"MsoNormal\" style=\"margin: 0cm 0cm 0pt 18pt;\"><span style=\"font-family: Verdana; color: navy; font-size: 10pt;\">&#8211; il numero di registro generale del procedimento; <\/span><\/p>\n<p class=\"MsoNormal\" style=\"margin: 0cm 0cm 0pt 18pt;\"><span style=\"font-family: Verdana; color: navy; font-size: 10pt;\">&#8211; il Giudice assegnatario;<\/span><\/p>\n<p class=\"MsoNormal\" style=\"margin: 0cm 0cm 0pt 18pt;\"><span style=\"font-family: Verdana; color: navy; font-size: 10pt;\">&#8211; lo sportello di cancelleria di riferimento;<\/span><\/p>\n<p class=\"MsoNormal\" style=\"margin: 0cm 0cm 0pt 18pt;\"><span style=\"font-family: Verdana; color: navy; font-size: 10pt;\">&#8211; il numero della propria cassetta nominativa presso l&#8217;UNEP.<\/span><\/p>\n<p class=\"MsoNormal\" style=\"margin: 0cm 0cm 0pt 18pt;\"><strong style=\"mso-bidi-font-weight: normal;\"><span style=\"font-family: Verdana; color: navy; font-size: 10pt;\">Si precisa che gli atti relativi alla costituzione di parte attrice, di parte convenuta e di altre parti non potranno essere depositati con le predette modalit\u00e0, ma dovranno essere depositati direttamente negli sportelli della cancelleria.<\/span><\/strong><\/p>\n<p class=\"MsoNormal\" style=\"margin: 0cm 0cm 0pt 18pt;\"><strong style=\"mso-bidi-font-weight: normal;\"><span style=\"font-family: Verdana; color: navy; font-size: 10pt;\">\u00a0<\/span><\/strong><\/p>\n<ol style=\"margin-top: 0cm;\" type=\"1\" start=\"2\">\n<li class=\"MsoNormal\" style=\"margin: 0cm 0cm 0pt; color: navy; tab-stops: list 36.0pt; mso-list: l1 level1 lfo2;\"><span style=\"text-decoration: underline;\"><span style=\"font-family: Verdana; font-size: 10pt;\">ACCESSO ALLE INFORMAZIONI SULLO STATO DEI PROCEDIMENTI <\/span><\/span><\/li>\n<\/ol>\n<p class=\"MsoNormal\" style=\"margin: 0cm 0cm 0pt 18pt;\"><strong style=\"mso-bidi-font-weight: normal;\"><span style=\"font-family: Verdana; color: navy; font-size: 10pt;\">Le informazioni sullo stato dei procedimenti civili <\/span><\/strong><span style=\"font-family: Verdana; color: navy; font-size: 10pt;\">non dovranno pi\u00f9 essere richieste agli sportelli di cancelleria. <strong style=\"mso-bidi-font-weight: normal;\">Presso i locali dell&#8217;Ordine, i Colleghi potranno usufruire di un punto di accesso telematico,<\/strong> mediante postazione dotata di PC, per collegarsi direttamente al sistema Polisweb, se in possesso di proprio dispositivo di firma digitale (chiavetta), ovvero al portale del Ministero della Giustizia (http:\/\/pst.giustizia.it) che consente, nella sezione dei Servizi di pubblico accesso, la libera consultazione dello stato del procedimento e dei dati contenuti nei registri di cancelleria, ma con i risultati della ricerca schermati quanto ai nominativi delle parti e dei difensori.<\/span><\/p>\n<p class=\"MsoNormal\" style=\"margin: 0cm 0cm 0pt 18pt;\"><strong><\/strong>\u00a0<\/p>\n<p class=\"MsoNormal\" style=\"margin: 0cm 0cm 0pt 18pt;\"><strong><span style=\"font-family: Verdana; color: navy; font-size: 10pt;\">Si comunica, inoltre, che ogni marted\u00ec, dalle ore 15.30 alle 16.30, a far data da marted\u00ec 3 dicembre 2013, sar\u00e0 ripristinata l&#8217;apertura pomeridiana di due sportelli di cancelleria al 4\u00b0 piano della sezione civile del Tribunale, dove sar\u00e0 possibile depositare atti e accedere ai fascicoli assegnati a tutti gli sportelli.<\/span><\/strong><\/p>\n<p class=\"MsoNormal\" style=\"margin: 0cm 0cm 0pt 18pt;\">\u00a0<\/p>\n<h3 style=\"margin: 0cm 0cm 0pt;\">\u00a0<span style=\"font-family: Verdana; color: navy; font-size: 10pt;\"><strong>\u00a0<\/strong><\/span><\/h3>\n<p class=\"MsoNormal\" style=\"margin: 0cm 0cm 0pt;\"><em style=\"mso-bidi-font-style: normal;\"><span style=\"font-family: Verdana; color: navy; font-size: 10pt;\">(<a href=\"http:\/\/www.ordineavvocatipescara.it\/wp-content\/uploads\/2013\/11\/Delibera-COA-21.11.2013.pdf\">clicca qui per scaricare la delibera COA 21.11.2013<\/a>)<\/span><\/em><\/p>\n<p class=\"MsoNormal\" style=\"margin: 0cm 0cm 0pt 18pt;\"><strong><span style=\"font-family: Verdana; color: navy; font-size: 10pt; font-weight: normal;\">\u00a0<\/span><\/strong><\/p>\n","protected":false},"excerpt":{"rendered":"<p>\u00a0 Lettera informativa n. 173\/13 del 25.11.2013 \u00a0 \u00a0 ISTITUZIONE SERVIZI GRATUITI DI CANCELLERIA Si informano i Colleghi che il Consiglio, nella seduta del 21.11.2013, al fine di facilitare il deposito degli atti presso gli sportelli della Cancelleria del Tribunale, nonch\u00e9 di incentivare l\u2019utilizzo di strumenti informatici per verificare lo stato dei procedimenti,\u00a0 ha deliberato [&hellip;]<\/p>\n","protected":false},"author":3,"featured_media":0,"parent":0,"menu_order":0,"comment_status":"closed","ping_status":"closed","template":"","meta":[],"_links":{"self":[{"href":"https:\/\/www.ordineavvocatipescara.it\/index.php\/wp-json\/wp\/v2\/pages\/5502"}],"collection":[{"href":"https:\/\/www.ordineavvocatipescara.it\/index.php\/wp-json\/wp\/v2\/pages"}],"about":[{"href":"https:\/\/www.ordineavvocatipescara.it\/index.php\/wp-json\/wp\/v2\/types\/page"}],"author":[{"embeddable":true,"href":"https:\/\/www.ordineavvocatipescara.it\/index.php\/wp-json\/wp\/v2\/users\/3"}],"replies":[{"embeddable":true,"href":"https:\/\/www.ordineavvocatipescara.it\/index.php\/wp-json\/wp\/v2\/comments?post=5502"}],"version-history":[{"count":4,"href":"https:\/\/www.ordineavvocatipescara.it\/index.php\/wp-json\/wp\/v2\/pages\/5502\/revisions"}],"predecessor-version":[{"id":5505,"href":"https:\/\/www.ordineavvocatipescara.it\/index.php\/wp-json\/wp\/v2\/pages\/5502\/revisions\/5505"}],"wp:attachment":[{"href":"https:\/\/www.ordineavvocatipescara.it\/index.php\/wp-json\/wp\/v2\/media?parent=5502"}],"curies":[{"name":"wp","href":"https:\/\/api.w.org\/{rel}","templated":true}]}}