{"id":5809,"date":"2014-01-31T18:52:29","date_gmt":"2014-01-31T17:52:29","guid":{"rendered":"http:\/\/www.ordineavvocatipescara.it\/?page_id=5809"},"modified":"2014-01-31T18:52:29","modified_gmt":"2014-01-31T17:52:29","slug":"lettera-informativa-n-1714-del-31-01-14","status":"publish","type":"page","link":"https:\/\/www.ordineavvocatipescara.it\/index.php\/lettera-informativa-n-1714-del-31-01-14\/","title":{"rendered":"Lettera informativa n. 17\/14 del 31.01.14"},"content":{"rendered":"<p class=\"MsoNormal\" style=\"margin: 0cm 0cm 0pt;\"><strong style=\"mso-bidi-font-weight: normal;\"><span style=\"font-family: Verdana; color: navy; font-size: 10pt;\">\u00a0<\/span><\/strong><\/p>\n<p class=\"MsoNormal\" style=\"margin: 0cm 0cm 0pt;\"><strong><span style=\"font-family: Verdana; color: navy; font-size: 10pt; mso-bidi-font-weight: normal;\">Lettera informativa n. 17\/14 del 31.01.2014<\/span><\/strong><\/p>\n<p class=\"MsoNormal\" style=\"margin: 0cm 0cm 0pt;\"><span style=\"color: black; font-size: 10pt;\"><span style=\"font-family: Times New Roman;\">\u00a0<\/span><\/span><\/p>\n<p class=\"MsoNormal\" style=\"margin: 0cm 0cm 0pt;\"><strong><span style=\"font-family: Verdana; color: red; font-size: 10pt; mso-bidi-font-weight: normal;\">\u00a0<\/span><\/strong><\/p>\n<p class=\"MsoNormal\" style=\"margin: 0cm 0cm 0pt;\"><strong><span style=\"font-family: Verdana; color: red; font-size: 10pt; mso-bidi-font-weight: normal;\">1.CORTE D\u2019APPELLO L\u2019AQUILA \u2013 RUOLI UDIENZA 4 FEBBRAIO 2014<\/span><\/strong><\/p>\n<p class=\"newstitle\" style=\"text-align: justify; margin: 0cm 0cm 0pt; tab-stops: 45.8pt 91.6pt 137.4pt 183.2pt 229.0pt 274.8pt 320.6pt 366.4pt 412.2pt 458.0pt 503.8pt 549.6pt 595.4pt 641.2pt 687.0pt 732.8pt;\"><span style=\"font-family: Verdana; color: navy; font-size: 10pt;\">Con riferimento all\u2019udienza in oggetto, si trasmettono i seguenti documenti:<\/span><\/p>\n<p class=\"newstitle\" style=\"text-align: justify; margin: 0cm 0cm 0pt; tab-stops: 45.8pt 91.6pt 137.4pt 183.2pt 229.0pt 274.8pt 320.6pt 366.4pt 412.2pt 458.0pt 503.8pt 549.6pt 595.4pt 641.2pt 687.0pt 732.8pt;\"><strong><span style=\"font-family: Verdana; color: navy; font-size: 10pt; mso-bidi-font-weight: normal;\">\u00a0<\/span><\/strong><\/p>\n<p class=\"newstitle\" style=\"text-align: justify; margin: 0cm 0cm 0pt; tab-stops: 45.8pt 91.6pt 137.4pt 183.2pt 229.0pt 274.8pt 320.6pt 366.4pt 412.2pt 458.0pt 503.8pt 549.6pt 595.4pt 641.2pt 687.0pt 732.8pt;\"><strong><span style=\"font-family: Verdana; color: navy; font-size: 10pt; mso-bidi-font-weight: normal;\">04 febbraio 2014:<\/span><\/strong><em><\/em><\/p>\n<p class=\"newstitle\" style=\"text-align: justify; margin: 0cm 0cm 0pt; tab-stops: 45.8pt 91.6pt 137.4pt 183.2pt 229.0pt 274.8pt 320.6pt 366.4pt 412.2pt 458.0pt 503.8pt 549.6pt 595.4pt 641.2pt 687.0pt 732.8pt;\"><span style=\"font-family: Verdana; color: navy; font-size: 10pt;\"><span style=\"mso-tab-count: 1;\">\u00a0\u00a0\u00a0\u00a0\u00a0\u00a0\u00a0\u00a0\u00a0\u00a0\u00a0 <\/span>&#8211; fasce orarie e rinvii 04.02.14 <em><span style=\"font-family: Verdana; mso-bidi-font-style: normal;\">(<a href=\"http:\/\/www.ordineavvocatipescara.it\/wp-content\/uploads\/2014\/01\/rinvii-e-fasce-orarie-4-2-201420140130_08260627_0098.pdf\">clicca qui<\/a>) <\/span><\/em><\/span><\/p>\n<p class=\"newstitle\" style=\"text-align: justify; margin: 0cm 0cm 0pt; tab-stops: 45.8pt 91.6pt 137.4pt 183.2pt 229.0pt 274.8pt 320.6pt 366.4pt 412.2pt 458.0pt 503.8pt 549.6pt 595.4pt 641.2pt 687.0pt 732.8pt;\"><strong><span style=\"font-family: Verdana; color: navy; font-size: 10pt; mso-bidi-font-weight: normal;\"><span style=\"mso-tab-count: 1;\">\u00a0\u00a0\u00a0\u00a0\u00a0\u00a0\u00a0\u00a0\u00a0\u00a0\u00a0\u00a0\u00a0\u00a0 <\/span><\/span><\/strong><span style=\"font-family: Verdana; color: navy; font-size: 10pt;\">&#8211; ruolo equa riparazione 04.02.14 <em><span style=\"font-family: Verdana; mso-bidi-font-style: normal;\">(<a href=\"http:\/\/www.ordineavvocatipescara.it\/wp-content\/uploads\/2014\/01\/EQUA-RIP-4.2.pdf\">clicca qui<\/a>)<\/span><\/em><\/span><\/p>\n<p class=\"newstitle\" style=\"text-align: justify; margin: 0cm 0cm 0pt; tab-stops: 45.8pt 91.6pt 137.4pt 183.2pt 229.0pt 274.8pt 320.6pt 366.4pt 412.2pt 458.0pt 503.8pt 549.6pt 595.4pt 641.2pt 687.0pt 732.8pt;\"><span style=\"font-family: Verdana; color: navy; font-size: 10pt;\"><span style=\"mso-tab-count: 1;\">\u00a0\u00a0\u00a0\u00a0\u00a0\u00a0\u00a0\u00a0\u00a0\u00a0\u00a0 <\/span><em><span style=\"font-family: Verdana; mso-bidi-font-style: normal;\">&#8211; <\/span><\/em>udienza filtro<span style=\"mso-spacerun: yes;\">\u00a0 <\/span>04.02.14 <em><span style=\"font-family: Verdana; mso-bidi-font-style: normal;\">(<a href=\"http:\/\/www.ordineavvocatipescara.it\/wp-content\/uploads\/2014\/01\/UD-FILTRO-4.2.pdf\">clicca qui<\/a>)<\/span><\/em><\/span><\/p>\n<p class=\"newstitle\" style=\"text-align: justify; margin: 0cm 0cm 0pt; tab-stops: 45.8pt 91.6pt 137.4pt 183.2pt 229.0pt 274.8pt 320.6pt 366.4pt 412.2pt 458.0pt 503.8pt 549.6pt 595.4pt 641.2pt 687.0pt 732.8pt;\"><em><span style=\"font-family: Verdana; color: navy; font-size: 10pt; mso-bidi-font-style: normal;\"><span style=\"mso-tab-count: 1;\">\u00a0\u00a0\u00a0\u00a0\u00a0\u00a0\u00a0\u00a0\u00a0\u00a0\u00a0 <\/span><\/span><\/em><em><span style=\"font-style: normal; font-family: Verdana; color: navy; font-size: 10pt;\">&#8211; ruolo ordinario 04.02.14 <\/span><\/em><em><span style=\"font-family: Verdana; color: navy; font-size: 10pt; mso-bidi-font-style: normal;\">(<a href=\"http:\/\/www.ordineavvocatipescara.it\/wp-content\/uploads\/2014\/01\/R-ORD-4.2.pdf\">clicca qui<\/a>)<\/span><\/em><\/p>\n<p class=\"newstitle\" style=\"text-align: justify; margin: 0cm 0cm 0pt; tab-stops: 45.8pt 91.6pt 137.4pt 183.2pt 229.0pt 274.8pt 320.6pt 366.4pt 412.2pt 458.0pt 503.8pt 549.6pt 595.4pt 641.2pt 687.0pt 732.8pt;\"><span style=\"font-family: Verdana; color: navy; font-size: 10pt;\">\u00a0<\/span><\/p>\n<p class=\"newstitle\" style=\"text-align: justify; margin: 0cm 0cm 0pt; tab-stops: 45.8pt 91.6pt 137.4pt 183.2pt 229.0pt 274.8pt 320.6pt 366.4pt 412.2pt 458.0pt 503.8pt 549.6pt 595.4pt 641.2pt 687.0pt 732.8pt;\"><span style=\"font-family: Verdana; color: navy; font-size: 10pt;\">Per ragioni di tutela della <em><span style=\"font-family: Verdana; mso-bidi-font-style: normal;\">privacy<\/span><\/em>, i nomi delle parti sono stati oscurati.<\/span><\/p>\n<p class=\"newstitle\" style=\"text-align: justify; margin: 0cm 0cm 0pt; tab-stops: 45.8pt 91.6pt 137.4pt 183.2pt 229.0pt 274.8pt 320.6pt 366.4pt 412.2pt 458.0pt 503.8pt 549.6pt 595.4pt 641.2pt 687.0pt 732.8pt;\"><strong style=\"mso-bidi-font-weight: normal;\"><span style=\"font-family: Verdana; color: navy; font-size: 10pt;\">\u00a0<\/span><\/strong><\/p>\n<p class=\"newstitle\" style=\"text-align: justify; margin: 0cm 0cm 0pt; tab-stops: 45.8pt 91.6pt 137.4pt 183.2pt 229.0pt 274.8pt 320.6pt 366.4pt 412.2pt 458.0pt 503.8pt 549.6pt 595.4pt 641.2pt 687.0pt 732.8pt;\"><strong style=\"mso-bidi-font-weight: normal;\"><span style=\"font-family: Verdana; color: navy; font-size: 10pt;\"><span style=\"mso-spacerun: yes;\">\u00a0 <\/span><\/span><\/strong><\/p>\n<p class=\"MsoNormal\" style=\"margin: 0cm 0cm 0pt;\"><strong style=\"mso-bidi-font-weight: normal;\"><span style=\"font-family: Verdana; color: red; font-size: 10pt;\">2. GDP ATRI \u2013 RINVIO UDIENZA 3.02.14<\/span><\/strong><\/p>\n<p class=\"MsoNormal\" style=\"margin: 0cm 0cm 0pt;\"><span style=\"font-family: Verdana; color: navy; font-size: 10pt;\">Si trasmette in allegato la nota 31.01.14 dell\u2019Ufficio del Giudice di Pace di Atri relativa al rinvio d\u2019ufficio dell\u2019udienza civile del 03.02.2014 al 09.06.2014. (<a href=\"http:\/\/www.ordineavvocatipescara.it\/wp-content\/uploads\/2014\/01\/GDP-ATRI-3.2.pdf\">clicca qui<\/a>)<\/span><\/p>\n<p class=\"MsoNormal\" style=\"margin: 0cm 0cm 0pt;\"><span style=\"font-family: Verdana; color: navy; font-size: 10pt;\">\u00a0<\/span><\/p>\n<p class=\"MsoNormal\" style=\"margin: 0cm 0cm 0pt;\"><span style=\"font-family: Verdana; color: navy; font-size: 10pt;\">\u00a0<\/span><\/p>\n<p class=\"MsoNormal\" style=\"margin: 0cm 0cm 0pt;\"><strong style=\"mso-bidi-font-weight: normal;\"><span style=\"font-family: Verdana; color: red; font-size: 10pt;\">3. COMMISSIONE TRIBUTARIA ABRUZZO \u2013 PAGAMENTO CONTRIBUTO UNIFICATO<\/span><\/strong><\/p>\n<p class=\"MsoNormal\" style=\"margin: 0cm 0cm 0pt;\"><span style=\"font-family: Verdana; color: navy; font-size: 10pt;\">Si trasmette in allegato la nota 28.01.14 dell\u2019Ufficio Segreteria della Commissione Tributaria Regionale dell\u2019Abruzzo, avente ad oggetto il pagamento del contributo unificato nel processo tributario mediante versamento sul conto corrente postale della Tesoreria di Viterbo. (<a href=\"http:\/\/www.ordineavvocatipescara.it\/wp-content\/uploads\/2014\/01\/COMM.-TRIB..pdf\">clicca qui<\/a>) <\/span><\/p>\n<p class=\"MsoNormal\" style=\"margin: 0cm 0cm 0pt;\"><span style=\"font-family: Verdana; color: navy; font-size: 10pt;\">\u00a0<\/span><\/p>\n<p class=\"MsoNormal\" style=\"margin: 0cm 0cm 0pt;\"><span style=\"font-family: Verdana; color: navy; font-size: 10pt;\">\u00a0<\/span><\/p>\n<p class=\"MsoNormal\" style=\"margin: 0cm 0cm 0pt;\"><strong style=\"mso-bidi-font-weight: normal;\"><span style=\"font-family: Verdana; color: red; font-size: 10pt;\">4. CASSA FORENSE \u2013 MODALITA\u2019 DI PAGAMENTO CONTRIBUTI MINIMI 2014<\/span><\/strong><\/p>\n<p class=\"MsoNormal\" style=\"margin: 0cm 0cm 0pt;\"><span style=\"font-family: Verdana; color: navy; font-size: 10pt;\">Si trasmette una informativa di Cassa Forense (disponibile anche sul sito <a href=\"http:\/\/www.cassaforense.it\/\">www.cassaforense.it<\/a>), <span style=\"mso-spacerun: yes;\">\u00a0<\/span>relativa alla nuova modalit\u00e0 di pagamento della contribuzione minima ordinaria per l\u2019anno 2014, che prevede la generazione dei bollettini M.Av. direttamente dal sito della Cassa, alla sezione \u201cAccessi Riservati \u2013 Posizione Personale. Si segnala che tale funzionalit\u00e0 sar\u00e0 operativa da luned\u00ec 3 febbraio 2014. (<a href=\"http:\/\/www.ordineavvocatipescara.it\/wp-content\/uploads\/2014\/01\/informativa-riscossione-minimi-2014.pdf\">clicca qui<\/a>)<\/span><\/p>\n<p class=\"MsoNormal\" style=\"text-indent: 35.4pt; margin: 0cm 0cm 0pt;\"><span style=\"font-family: Verdana; color: navy; font-size: 10pt;\">\u00a0<\/span><\/p>\n","protected":false},"excerpt":{"rendered":"<p>\u00a0 Lettera informativa n. 17\/14 del 31.01.2014 \u00a0 \u00a0 1.CORTE D\u2019APPELLO L\u2019AQUILA \u2013 RUOLI UDIENZA 4 FEBBRAIO 2014 Con riferimento all\u2019udienza in oggetto, si trasmettono i seguenti documenti: \u00a0 04 febbraio 2014: \u00a0\u00a0\u00a0\u00a0\u00a0\u00a0\u00a0\u00a0\u00a0\u00a0\u00a0 &#8211; fasce orarie e rinvii 04.02.14 (clicca qui) \u00a0\u00a0\u00a0\u00a0\u00a0\u00a0\u00a0\u00a0\u00a0\u00a0\u00a0\u00a0\u00a0\u00a0 &#8211; ruolo equa riparazione 04.02.14 (clicca qui) \u00a0\u00a0\u00a0\u00a0\u00a0\u00a0\u00a0\u00a0\u00a0\u00a0\u00a0 &#8211; udienza filtro\u00a0 04.02.14 (clicca [&hellip;]<\/p>\n","protected":false},"author":3,"featured_media":0,"parent":0,"menu_order":0,"comment_status":"closed","ping_status":"closed","template":"","meta":[],"_links":{"self":[{"href":"https:\/\/www.ordineavvocatipescara.it\/index.php\/wp-json\/wp\/v2\/pages\/5809"}],"collection":[{"href":"https:\/\/www.ordineavvocatipescara.it\/index.php\/wp-json\/wp\/v2\/pages"}],"about":[{"href":"https:\/\/www.ordineavvocatipescara.it\/index.php\/wp-json\/wp\/v2\/types\/page"}],"author":[{"embeddable":true,"href":"https:\/\/www.ordineavvocatipescara.it\/index.php\/wp-json\/wp\/v2\/users\/3"}],"replies":[{"embeddable":true,"href":"https:\/\/www.ordineavvocatipescara.it\/index.php\/wp-json\/wp\/v2\/comments?post=5809"}],"version-history":[{"count":1,"href":"https:\/\/www.ordineavvocatipescara.it\/index.php\/wp-json\/wp\/v2\/pages\/5809\/revisions"}],"predecessor-version":[{"id":5817,"href":"https:\/\/www.ordineavvocatipescara.it\/index.php\/wp-json\/wp\/v2\/pages\/5809\/revisions\/5817"}],"wp:attachment":[{"href":"https:\/\/www.ordineavvocatipescara.it\/index.php\/wp-json\/wp\/v2\/media?parent=5809"}],"curies":[{"name":"wp","href":"https:\/\/api.w.org\/{rel}","templated":true}]}}