{"id":5893,"date":"2014-02-20T19:30:44","date_gmt":"2014-02-20T18:30:44","guid":{"rendered":"http:\/\/www.ordineavvocatipescara.it\/?page_id=5893"},"modified":"2014-02-20T19:31:33","modified_gmt":"2014-02-20T18:31:33","slug":"lettera-informativa-n-2714-del-20-02-14-news-giurisprudenza-3","status":"publish","type":"page","link":"https:\/\/www.ordineavvocatipescara.it\/index.php\/lettera-informativa-n-2714-del-20-02-14-news-giurisprudenza-3\/","title":{"rendered":"Lettera informativa n. 27\/14 del 20.02.14 News Giurisprudenza 3"},"content":{"rendered":"<p class=\"MsoNormal\" style=\"margin: 0cm 0cm 0pt;\"><strong style=\"mso-bidi-font-weight: normal;\"><span style=\"font-family: Verdana; color: navy; font-size: 10pt;\">\u00a0<\/span><\/strong><\/p>\n<p class=\"MsoNormal\" style=\"margin: 0cm 0cm 0pt;\"><strong style=\"mso-bidi-font-weight: normal;\"><span style=\"font-family: Verdana; color: navy; font-size: 10pt;\">\u00a0<\/span><\/strong><\/p>\n<p class=\"MsoNormal\" style=\"margin: 0cm 0cm 0pt;\"><strong style=\"mso-bidi-font-weight: normal;\"><span style=\"font-family: Verdana; color: navy; font-size: 10pt;\">Lettera informativa n. 27\/14 del<span style=\"mso-spacerun: yes;\">\u00a0 <\/span>20.02.2013 <\/span><\/strong><span style=\"font-family: Verdana; color: navy; font-size: 10pt;\">\u2013 <\/span><strong style=\"mso-bidi-font-weight: normal;\"><span style=\"font-family: Verdana; color: #009900; font-size: 10pt;\">NG 3-2014<\/span><\/strong><strong style=\"mso-bidi-font-weight: normal;\"><\/strong><\/p>\n<p class=\"MsoNormal\" style=\"margin: 0cm 0cm 0pt; mso-layout-grid-align: none;\"><strong style=\"mso-bidi-font-weight: normal;\"><span style=\"text-decoration: underline;\"><span style=\"font-family: Verdana; color: #009900; font-size: 10pt;\"><span style=\"text-decoration: none;\">\u00a0<\/span><\/span><\/span><\/strong><\/p>\n<p class=\"MsoNormal\" style=\"margin: 0cm 0cm 0pt; mso-layout-grid-align: none;\"><strong style=\"mso-bidi-font-weight: normal;\"><span style=\"text-decoration: underline;\"><span style=\"font-family: Verdana; color: #009900; font-size: 10pt;\"><span style=\"text-decoration: none;\">\u00a0<\/span><\/span><\/span><\/strong><\/p>\n<p class=\"MsoNormal\" style=\"margin: 0cm 0cm 0pt; mso-layout-grid-align: none;\"><strong style=\"mso-bidi-font-weight: normal;\"><span style=\"text-decoration: underline;\"><span style=\"font-family: Verdana; color: #009900; font-size: 10pt;\">NEWSLETTER GIURISPRUDENZIALE<\/span><\/span><\/strong><\/p>\n<p class=\"MsoNormal\" style=\"margin: 0cm 0cm 0pt;\"><span style=\"font-family: Times New Roman; font-size: small;\">\u00a0<\/span><\/p>\n<p class=\"MsoNormal\" style=\"margin: 0cm 0cm 0pt; mso-layout-grid-align: none;\"><strong style=\"mso-bidi-font-weight: normal;\"><span style=\"font-family: Verdana; color: red; font-size: 10pt; mso-bidi-font-family: Arial;\">\u00a0<\/span><\/strong><\/p>\n<p class=\"MsoNormal\" style=\"margin: 0cm 0cm 0pt; mso-layout-grid-align: none;\"><strong style=\"mso-bidi-font-weight: normal;\"><span style=\"font-family: Verdana; color: red; font-size: 10pt; mso-bidi-font-family: Arial;\">\u00a0<\/span><\/strong><\/p>\n<p class=\"MsoNormal\" style=\"margin: 0cm 0cm 0pt; mso-layout-grid-align: none;\"><strong style=\"mso-bidi-font-weight: normal;\"><span style=\"font-family: Verdana; color: red; font-size: 10pt; mso-bidi-font-family: Arial;\">1) CASSAZIONE CIVILE, SEZ. I, SENTENZA N. <span style=\"mso-bidi-font-weight: bold;\">130 <\/span>DELL\u20198 GENNAIO 2014<\/span><\/strong><\/p>\n<p class=\"MsoNormal\" style=\"margin: 0cm 0cm 0pt; mso-layout-grid-align: none;\"><strong><em style=\"mso-bidi-font-style: normal;\"><span style=\"font-family: Verdana; color: navy; font-size: 8pt; mso-bidi-font-family: Arial;\">Mantenimento \u2013 riserve societarie &#8211; rilevanza<\/span><\/em><\/strong><\/p>\n<p class=\"MsoNormal\" style=\"margin: 0cm 0cm 0pt; mso-layout-grid-align: none;\"><span style=\"font-family: Verdana; color: navy; font-size: 10pt; mso-bidi-font-family: Arial;\">Nel determinare l\u2019assegno di mantenimento a carico dell\u2019imprenditore possono essere considerate anche le riserve detenute dalla sua societ\u00e0. In tema di separazione tra coniugi, al fine della quantificazione dell&#8217;assegno di mantenimento in favore del coniuge, il giudice di merito \u00e8 tenuto a considerare tutte le risorse economiche dell&#8217;onerato, avuto riguardo a tutte le potenzialit\u00e0 derivanti dalla titolarit\u00e0 del patrimonio in termini di redditivit\u00e0 e capacit\u00e0 di spesa.<\/span><\/p>\n<p class=\"MsoNormal\" style=\"margin: 0cm 0cm 0pt; mso-layout-grid-align: none;\"><strong><span style=\"font-family: Verdana; color: red; font-size: 10pt; mso-bidi-font-family: Arial;\">\u00a0<\/span><\/strong><\/p>\n<p class=\"MsoNormal\" style=\"margin: 0cm 0cm 0pt; mso-layout-grid-align: none;\"><strong style=\"mso-bidi-font-weight: normal;\"><span style=\"font-family: Verdana; color: red; font-size: 10pt; mso-bidi-font-family: Arial;\">2) CASSAZIONE CIVILE, SEZ. VI, SENTENZA N. <span style=\"mso-bidi-font-weight: bold;\">274 <\/span>DEL 9 GENNAIO 2014<\/span><\/strong><\/p>\n<p class=\"MsoNormal\" style=\"margin: 0cm 0cm 0pt; mso-layout-grid-align: none;\"><strong><em style=\"mso-bidi-font-style: normal;\"><span style=\"font-family: Verdana; color: navy; font-size: 8pt; mso-bidi-font-family: Arial;\">Rimborso spese straordinarie sostenute dal genitore &#8211; competenza<\/span><\/em><\/strong><\/p>\n<p class=\"MsoNormal\" style=\"margin: 0cm 0cm 0pt; mso-layout-grid-align: none;\"><span style=\"font-family: Verdana; color: navy; font-size: 10pt; mso-bidi-font-family: Arial;\">La competenza in ordine alla domanda di regresso proposta da uno dei genitori in nome proprio nei confronti dell\u2019altro per ottenere il rimborso pro quota delle spese sostenute per la prole spetta al Tribunale ordinario e non al Tribunale per i minorenni, trattandosi di lite tra due soggetti maggiorenni che ha come causa petendi la comune qualit\u00e0 di genitori, non essendo la domanda assimilabile a quelle riguardanti l\u2019affidamento e il mantenimento dei figli minorenni, che l\u2019articolo 38 disp. att. attribuisce alla competenza del Tribunale per i minorenni.<\/span><\/p>\n<p class=\"MsoNormal\" style=\"margin: 0cm 0cm 0pt; mso-layout-grid-align: none;\"><strong><span style=\"font-family: Verdana; color: red; font-size: 10pt; mso-bidi-font-family: Arial;\">\u00a0<\/span><\/strong><\/p>\n<p class=\"MsoNormal\" style=\"margin: 0cm 0cm 0pt; mso-layout-grid-align: none;\"><strong style=\"mso-bidi-font-weight: normal;\"><span style=\"font-family: Verdana; color: red; font-size: 10pt; mso-bidi-font-family: Arial;\">3) CASSAZIONE PENALE, SEZ. V, SENTENZA N. <span style=\"mso-bidi-font-weight: bold;\">585 <\/span>DEL 9 GENNAIO 2014<\/span><\/strong><\/p>\n<p class=\"MsoNormal\" style=\"margin: 0cm 0cm 0pt; mso-layout-grid-align: none;\"><strong><em style=\"mso-bidi-font-style: normal;\"><span style=\"font-family: Verdana; color: navy; font-size: 8pt; mso-bidi-font-family: Arial;\">Violazione, sottrazione e soppressione di corrispondenza \u2013 visione della posta del coniuge<\/span><\/em><\/strong><\/p>\n<p class=\"MsoNormal\" style=\"margin: 0cm 0cm 0pt; mso-layout-grid-align: none;\"><span style=\"font-family: Verdana; color: navy; font-size: 10pt; mso-bidi-font-family: Arial;\">Commette reato di violazione di corrispondenza il soggetto che prende visione della posta del coniuge per utilizzarla nel giudizio di separazione. Non importa se il plico sia chiuso o aperto. Il coniuge risarcisce il danno in favore del marito per violazione dell\u2019articolo 616 del c.p.<\/span><\/p>\n<p class=\"MsoNormal\" style=\"margin: 0cm 0cm 0pt; mso-layout-grid-align: none;\"><strong><span style=\"font-family: Verdana; color: navy; font-size: 10pt; mso-bidi-font-family: Arial;\">\u00a0<\/span><\/strong><\/p>\n<p class=\"MsoNormal\" style=\"margin: 0cm 0cm 0pt; mso-layout-grid-align: none;\"><strong style=\"mso-bidi-font-weight: normal;\"><span style=\"font-family: Verdana; color: red; font-size: 10pt; mso-bidi-font-family: Arial;\">4) CASSAZIONE PENALE, SEZ. V, SENTENZA N. <span style=\"mso-bidi-font-weight: bold;\">646 <\/span>DEL 10 GENNAIO 2014<\/span><\/strong><\/p>\n<p class=\"MsoNormal\" style=\"margin: 0cm 0cm 0pt; mso-layout-grid-align: none;\"><strong><em style=\"mso-bidi-font-style: normal;\"><span style=\"font-family: Verdana; color: navy; font-size: 8pt; mso-bidi-font-family: Arial;\">Avvocato \u2013 esercizio abusivo della professione \u2013 mancata iscrizione all\u2019albo \u2013 abilitazione conseguita <\/span><\/em><\/strong><\/p>\n<p class=\"MsoNormal\" style=\"margin: 0cm 0cm 0pt; mso-layout-grid-align: none;\"><span style=\"font-family: Verdana; color: navy; font-size: 10pt; mso-bidi-font-family: Arial;\">Commette esercizio abusivo della professione e falsa dichiarazione a pubblico ufficiale l\u2019avvocato che esercita la professione, non essendo iscritto all\u2019albo, nonostante abbia conseguito l\u2019abilitazione. Perch\u00e9 si configuri esercizio abusivo non \u00e8 necessaria la spendita del nome davanti a giudici o altri pubblici ufficiali: il reato si perfeziona per il solo fatto che il professionista si occupi di pratiche legali per i clienti senza comparire in udienza come avvocato.<\/span><\/p>\n<p class=\"MsoNormal\" style=\"margin: 0cm 0cm 0pt; mso-layout-grid-align: none;\"><span style=\"font-family: Verdana; color: navy; font-size: 10pt; mso-bidi-font-family: Arial;\">\u00a0<\/span><\/p>\n<p class=\"MsoNormal\" style=\"margin: 0cm 0cm 0pt; mso-layout-grid-align: none;\"><strong style=\"mso-bidi-font-weight: normal;\"><span style=\"font-family: Verdana; color: red; font-size: 10pt; mso-bidi-font-family: Arial;\">5) CASSAZIONE CIVILE, SEZ. II, SENTENZA N. <span style=\"mso-bidi-font-weight: bold;\">463 <\/span>DEL 13 GENNAIO 2014<\/span><\/strong><\/p>\n<p class=\"MsoNormal\" style=\"margin: 0cm 0cm 0pt; mso-layout-grid-align: none;\"><strong><em style=\"mso-bidi-font-style: normal;\"><span style=\"font-family: Verdana; color: navy; font-size: 8pt; mso-bidi-font-family: Arial;\">Condominio \u2013 competenze avvocato \u2013 delibera condominiale \u2013 singolo condomino \u2013 opposizione<\/span><\/em><\/strong><strong><\/strong><\/p>\n<p class=\"MsoNormal\" style=\"margin: 0cm 0cm 0pt; mso-layout-grid-align: none;\"><span style=\"font-family: Verdana; color: navy; font-size: 10pt; mso-bidi-font-family: Arial; mso-bidi-font-weight: bold;\">Il singolo condomino pu\u00f2 proporre opposizione avverso il decreto ingiuntivo richiesto dall\u2019avvocato del condominio sulla base di una delibera assembleare di riconoscimento delle competenze fondato su una erronea applicazione della tariffa forense a cui la delibera fa espresso riferimento.- Nelle controversie aventi ad oggetto la demolizione di opere edificate in violazione delle distanze legali il valore deve essere determinato ai sensi dell\u2019art. 15 c.p.c., stante la natura reale dell\u2019azione, con la conseguenza che se mancano elementi per la stima la causa deve essere ritenuta di valore indeterminabile.-<\/span><\/p>\n<h1 style=\"margin: 0cm 0cm 0pt;\"><span style=\"font-family: Verdana; font-size: 9pt;\">\u00a0<\/span><\/h1>\n<p class=\"MsoNormal\" style=\"margin: 0cm 0cm 0pt; mso-layout-grid-align: none;\"><strong><span style=\"font-family: Verdana; color: red; font-size: 10pt; mso-bidi-font-family: Arial;\">6) CASSAZIONE CIVILE, SEZ. LAVORO, SENTENZA N. <span style=\"mso-bidi-font-weight: bold;\">471 <\/span>DEL 13 GENNAIO 2014<\/span><\/strong><\/p>\n<p class=\"MsoNormal\" style=\"margin: 0cm 0cm 0pt; mso-layout-grid-align: none;\"><strong><em style=\"mso-bidi-font-style: normal;\"><span style=\"font-family: Verdana; color: navy; font-size: 8pt; mso-bidi-font-family: Arial;\">Licenziamento per superamento periodo di comporto \u2013 specifica contestazione<\/span><\/em><\/strong><\/p>\n<p class=\"MsoNormal\" style=\"margin: 0cm 0cm 0pt; mso-layout-grid-align: none;\"><span style=\"font-family: Verdana; color: navy; font-size: 10pt; mso-bidi-font-family: Arial; mso-bidi-font-weight: bold;\">In caso di licenziamento per superamento del periodo di comporto il datore di lavoro pu\u00f2 precisare in corso di causa i motivi del superamento del periodo ed i fatti che lo hanno determinato.- Il licenziamento che trovi giustificazione nelle assenze per malattia del lavoratore \u00e8 soggetto alle regole dell\u2019art. 2 della l. 604\/66 (modificato dall\u2019art. 2 della l. 108\/90) sulla forma dell\u2019atto e la comunicazione dei motivi del recesso.- Il licenziamento per superamento del periodo di comporto non \u00e8 equiparabile, per quanto riguarda la contestazione, al licenziamento disciplinare in quanto quest\u2019ultimo ha ad oggetto un addebito da contestare sia sul piano oggettivo che sul piano soggettivo (dolo o colpa), mentre il primo ha ad oggetto una condotta che attiene ad un fatto oggettivo relativo al mero computo delle assenze del lavoratore.-<\/span><\/p>\n<p class=\"MsoNormal\" style=\"margin: 0cm 0cm 0pt; mso-layout-grid-align: none;\"><span style=\"font-family: Verdana; color: navy; font-size: 10pt; mso-bidi-font-family: Arial; mso-bidi-font-weight: bold;\">\u00a0<\/span><\/p>\n<p class=\"MsoNormal\" style=\"margin: 0cm 0cm 0pt; mso-layout-grid-align: none;\"><strong><span style=\"font-family: Verdana; color: red; font-size: 10pt; mso-bidi-font-family: Arial;\">7) CASSAZIONE PENALE, SEZ. III, SENTENZA N. <span style=\"mso-bidi-font-weight: bold;\">966 <\/span>DEL 13 GENNAIO 2014<\/span><\/strong><\/p>\n<p class=\"MsoNormal\" style=\"margin: 0cm 0cm 0pt; mso-layout-grid-align: none;\"><strong><em style=\"mso-bidi-font-style: normal;\"><span style=\"font-family: Verdana; color: navy; font-size: 8pt; mso-bidi-font-family: Arial;\">Patteggiamento \u2013 reati fiscali \u2013 confisca<\/span><\/em><\/strong><\/p>\n<p class=\"MsoNormal\" style=\"margin: 0cm 0cm 0pt; mso-layout-grid-align: none;\"><span style=\"font-family: Verdana; color: navy; font-size: 10pt; mso-bidi-font-family: Arial; mso-bidi-font-weight: bold;\">In caso di applicazione della pena su richiesta delle parti ex art. 444 c.p.p. per reati fiscali di cui all\u2019art. 10 ter d. lgs. 74 del 2000, compreso tra i reati tributari di cui all\u2019art. 1, comma 143 l. 244\/07, si applica la confisca per equivalente, di natura obbligatoria, in relazione al profitto del reato, stante il tenore letterale dell\u2019art. 322 ter c.p.-<\/span><\/p>\n<p class=\"MsoNormal\" style=\"margin: 0cm 0cm 0pt; mso-layout-grid-align: none;\"><span style=\"font-family: Verdana; color: navy; font-size: 10pt; mso-bidi-font-family: Arial; mso-bidi-font-weight: bold;\">\u00a0<\/span><\/p>\n<p class=\"MsoNormal\" style=\"margin: 0cm 0cm 0pt; mso-layout-grid-align: none;\"><strong><span style=\"font-family: Verdana; color: red; font-size: 10pt; mso-bidi-font-family: Arial;\">8) CASSAZIONE CIVILE, SS. UU., SENTENZA N. <span style=\"mso-bidi-font-weight: bold;\">585 <\/span>DEL 14 GENNAIO 2014<\/span><\/strong><\/p>\n<p class=\"MsoNormal\" style=\"margin: 0cm 0cm 0pt; mso-layout-grid-align: none;\"><strong><em style=\"mso-bidi-font-style: normal;\"><span style=\"font-family: Verdana; color: navy; font-size: 8pt; mso-bidi-font-family: Arial;\">Equa riparazione \u2013 legittimazione &#8211; contumace<\/span><\/em><\/strong><\/p>\n<p class=\"MsoNormal\" style=\"margin: 0cm 0cm 0pt; mso-layout-grid-align: none;\"><span style=\"font-family: Verdana; color: navy; font-size: 10pt; mso-bidi-font-family: Arial; mso-bidi-font-weight: bold;\">Nel giudizio di equa riparazione sussiste la legittimazione del contumace in assenza nelle disposizioni internazionali ed in quelle interne di qualsiasi limitazione al diritto ad ottenere la definizione del giudizio in tempi ragionevoli.- L\u2019art. 6 CEDU attribuisce tale diritto ad ogni persona in relazione alla sua causa e l\u2019art. 2 l. 89\/01 assicura l\u2019equa riparazione a chi ha subito un danno da quella violazione.- Risulta pertanto arbitrario escludere il contumace dalla garanzia di ragionevole durata che l\u2019art. 111 della Costituzione inserisce tra quelle del giusto processo.- <\/span><\/p>\n<p class=\"MsoNormal\" style=\"margin: 0cm 0cm 0pt; mso-layout-grid-align: none;\"><span style=\"font-family: Verdana; color: navy; font-size: 10pt; mso-bidi-font-family: Arial; mso-bidi-font-weight: bold;\">\u00a0<\/span><\/p>\n<p class=\"MsoNormal\" style=\"margin: 0cm 0cm 0pt; mso-layout-grid-align: none;\"><strong><span style=\"font-family: Verdana; color: red; font-size: 10pt; mso-bidi-font-family: Arial;\">9) CASSAZIONE CIVILE, SEZ. II, SENTENZA N. <span style=\"mso-bidi-font-weight: bold;\">629 <\/span>DEL 14 GENNAIO 2014<\/span><\/strong><\/p>\n<p class=\"MsoNormal\" style=\"margin: 0cm 0cm 0pt; mso-layout-grid-align: none;\"><strong><em style=\"mso-bidi-font-style: normal;\"><span style=\"font-family: Verdana; color: navy; font-size: 8pt; mso-bidi-font-family: Arial;\">Preliminare di compravendita \u2013 certificato di abitabilit\u00e0<\/span><\/em><\/strong><\/p>\n<p class=\"MsoNormal\" style=\"margin: 0cm 0cm 0pt; mso-layout-grid-align: none;\"><span style=\"font-family: Verdana; color: navy; font-size: 10pt; mso-bidi-font-family: Arial; mso-bidi-font-weight: bold;\">Nella vendita di immobile ad uso residenziale il certificato di abitabilit\u00e0 costituisce requisito giuridico essenziale in quanto incide sulla funzione economico-sociale del bene, assicurandone il godimento e la commerciabilit\u00e0.- Pertanto il mancato rilascio del certificato di abitabilit\u00e0 costituisce inadempimento del venditore, configurandosi una vendita di aliud pro alio.- Ne consegue che il promissario acquirente possa recedere legittimamente dal preliminare di compravendita reclamando il raddoppio della caparra confirmatoria.-<\/span><\/p>\n<p class=\"MsoNormal\" style=\"margin: 0cm 0cm 0pt; mso-layout-grid-align: none;\"><span style=\"font-family: Verdana; color: navy; font-size: 10pt; mso-bidi-font-family: Arial; mso-bidi-font-weight: bold;\">\u00a0<\/span><\/p>\n<h1 style=\"margin: 0cm 0cm 0pt;\">\u00a0<\/h1>\n","protected":false},"excerpt":{"rendered":"<p>\u00a0 \u00a0 Lettera informativa n. 27\/14 del\u00a0 20.02.2013 \u2013 NG 3-2014 \u00a0 \u00a0 NEWSLETTER GIURISPRUDENZIALE \u00a0 \u00a0 \u00a0 1) CASSAZIONE CIVILE, SEZ. I, SENTENZA N. 130 DELL\u20198 GENNAIO 2014 Mantenimento \u2013 riserve societarie &#8211; rilevanza Nel determinare l\u2019assegno di mantenimento a carico dell\u2019imprenditore possono essere considerate anche le riserve detenute dalla sua societ\u00e0. In tema [&hellip;]<\/p>\n","protected":false},"author":3,"featured_media":0,"parent":0,"menu_order":0,"comment_status":"closed","ping_status":"closed","template":"","meta":[],"_links":{"self":[{"href":"https:\/\/www.ordineavvocatipescara.it\/index.php\/wp-json\/wp\/v2\/pages\/5893"}],"collection":[{"href":"https:\/\/www.ordineavvocatipescara.it\/index.php\/wp-json\/wp\/v2\/pages"}],"about":[{"href":"https:\/\/www.ordineavvocatipescara.it\/index.php\/wp-json\/wp\/v2\/types\/page"}],"author":[{"embeddable":true,"href":"https:\/\/www.ordineavvocatipescara.it\/index.php\/wp-json\/wp\/v2\/users\/3"}],"replies":[{"embeddable":true,"href":"https:\/\/www.ordineavvocatipescara.it\/index.php\/wp-json\/wp\/v2\/comments?post=5893"}],"version-history":[{"count":2,"href":"https:\/\/www.ordineavvocatipescara.it\/index.php\/wp-json\/wp\/v2\/pages\/5893\/revisions"}],"predecessor-version":[{"id":5895,"href":"https:\/\/www.ordineavvocatipescara.it\/index.php\/wp-json\/wp\/v2\/pages\/5893\/revisions\/5895"}],"wp:attachment":[{"href":"https:\/\/www.ordineavvocatipescara.it\/index.php\/wp-json\/wp\/v2\/media?parent=5893"}],"curies":[{"name":"wp","href":"https:\/\/api.w.org\/{rel}","templated":true}]}}