{"id":5925,"date":"2014-02-28T15:36:22","date_gmt":"2014-02-28T14:36:22","guid":{"rendered":"http:\/\/www.ordineavvocatipescara.it\/?page_id=5925"},"modified":"2014-02-28T15:37:16","modified_gmt":"2014-02-28T14:37:16","slug":"lettera-informativa-n-3214-del-28-02-14","status":"publish","type":"page","link":"https:\/\/www.ordineavvocatipescara.it\/index.php\/lettera-informativa-n-3214-del-28-02-14\/","title":{"rendered":"Lettera informativa n. 32\/14 del 28.02.14"},"content":{"rendered":"<p class=\"MsoNormal\" style=\"margin: 0cm 0cm 0pt;\"><strong style=\"mso-bidi-font-weight: normal;\"><span style=\"font-family: Verdana; color: navy; font-size: 10pt;\">\u00a0<\/span><\/strong><\/p>\n<p class=\"MsoNormal\" style=\"margin: 0cm 0cm 0pt;\"><strong><span style=\"font-family: Verdana; color: navy; font-size: 10pt; mso-bidi-font-weight: normal;\">Lettera informativa n. 32\/14 del 28.02.2014<\/span><\/strong><\/p>\n<p class=\"MsoNormal\" style=\"margin: 0cm 0cm 0pt;\"><span style=\"color: black; font-size: 10pt;\"><span style=\"font-family: Times New Roman;\">\u00a0<\/span><\/span><\/p>\n<p class=\"MsoNormal\" style=\"margin: 0cm 0cm 0pt;\"><strong><span style=\"font-family: Verdana; color: red; font-size: 10pt; mso-bidi-font-weight: normal;\">\u00a0<\/span><\/strong><\/p>\n<p class=\"MsoNormal\" style=\"margin: 0cm 0cm 0pt;\"><strong><span style=\"font-family: Verdana; color: red; font-size: 10pt; mso-bidi-font-weight: normal;\">\u00a0<\/span><\/strong><\/p>\n<ol style=\"margin-top: 0cm;\" type=\"1\">\n<li class=\"MsoNormal\" style=\"margin: 0cm 0cm 0pt; color: red; tab-stops: list 36.0pt; mso-list: l0 level1 lfo1;\"><strong><span style=\"font-family: Verdana; font-size: 10pt; mso-bidi-font-weight: normal;\">TRIBUNALE DI PESCARA \u2013 LAVORATORI ASU<\/span><\/strong><\/li>\n<\/ol>\n<p class=\"MsoNormal\" style=\"margin: 0cm 0cm 0pt;\"><strong><span style=\"font-family: Verdana; color: navy; font-size: 10pt; font-weight: normal;\">Si segnala agli iscritti che da luned\u00ec 3 marzo, gli operatori in regime ASU non saranno pi\u00f9 in applicazione presso le Cancellerie del Tribunale di Pescara. Ci\u00f2 potrebbe comportare il verificarsi di ulteriori disservizi e disagi per l\u2019utenza.<\/span><\/strong><\/p>\n<p class=\"MsoNormal\" style=\"margin: 0cm 0cm 0pt;\"><strong><span style=\"font-family: Verdana; color: navy; font-size: 10pt; font-weight: normal;\">Si ricorda che \u00e8 attivo, sin dal 2 dicembre 2013 (<em style=\"mso-bidi-font-style: normal;\">v. lett. info n. 173\/13 del 25.11.2013 <a href=\"http:\/\/www.ordineavvocatipescara.it\/wp-content\/uploads\/2014\/02\/lettera-informativa-173-13.pdf\">CLICCA QUI<\/a><\/em>), il <\/span><\/strong><strong><span style=\"font-family: Verdana; color: navy; font-size: 10pt; mso-bidi-font-weight: normal;\">SERVIZIO GRATUITO DI DEPOSITO MASSIVO DEGLI ATTI <\/span><\/strong><strong style=\"mso-bidi-font-weight: normal;\"><span style=\"font-family: Verdana; color: navy; font-size: 10pt;\">tutti i giorni, dal luned\u00ec al venerd\u00ec, dalle ore 10.00 alle 12.00 <strong><span style=\"font-family: Verdana; mso-bidi-font-weight: normal;\">presso l\u2019Ufficio di Segreteria della Camera di Conciliazione Forense <\/span><\/strong><\/span><\/strong><span style=\"font-family: Verdana; color: navy; font-size: 10pt;\">(stanza 135 \u2013 1\u00b0 piano sez. Civile \u2013 Blocco C), come<strong style=\"mso-bidi-font-weight: normal;\"> alternativa al deposito diretto<\/strong> presso gli sportelli nn. da 1 a 5 del 4\u00b0 piano della Cancelleria Civile.<\/span><\/p>\n<p class=\"MsoNormal\" style=\"margin: 0cm 0cm 0pt;\"><strong style=\"mso-bidi-font-weight: normal;\"><span style=\"font-family: Verdana; color: red; font-size: 10pt;\">\u00a0<\/span><\/strong><\/p>\n<p class=\"MsoNormal\" style=\"margin: 0cm 0cm 0pt;\"><strong style=\"mso-bidi-font-weight: normal;\"><span style=\"font-family: Verdana; color: red; font-size: 10pt;\">\u00a0<\/span><\/strong><\/p>\n<ol style=\"margin-top: 0cm;\" type=\"1\" start=\"2\">\n<li class=\"MsoNormal\" style=\"margin: 0cm 0cm 0pt; color: red; tab-stops: list 36.0pt; mso-list: l0 level1 lfo1;\"><strong style=\"mso-bidi-font-weight: normal;\"><span style=\"font-family: Verdana; font-size: 10pt;\">IMPLEMENTAZIONE INFORMATIVA GIURISPRUDENZIALE<\/span><\/strong><\/li>\n<\/ol>\n<p class=\"MsoNormal\" style=\"margin: 0cm 0cm 0pt;\"><span style=\"font-family: Verdana; color: navy; font-size: 10pt;\">Si invitano gli iscritti a\u00a0segnalare all&#8217;indirizzo di posta elettronica dell&#8217;avv. Luigi Massari (<a href=\"mailto:studiolegalemassari@libero.it\"><span style=\"color: navy;\">studiolegalemassari@libero.it<\/span><\/a>), quale referente per la giurisprudenza locale, le sentenze civili pi\u00f9 interessanti ed innovative del Tribunale di Pescara, per consentire l&#8217;elaborazione della massima da pubblicare nella newsletter giurisprudenziale inviata periodicamente. Ci\u00f2 allo scopo di<span style=\"mso-spacerun: yes;\">\u00a0 <\/span>offrire<span style=\"mso-spacerun: yes;\">\u00a0 <\/span>un<span style=\"mso-spacerun: yes;\">\u00a0\u00a0 <\/span>servizio aggiuntivo, d&#8217;indubbia utilit\u00e0 per l&#8217;attivit\u00e0 professionale. <\/span><\/p>\n<p class=\"MsoNormal\" style=\"margin: 0cm 0cm 0pt;\"><span style=\"font-family: Verdana; color: navy; font-size: 10pt;\">Le sentenze vanno inviate in formato PDF occultando il nome delle parti.<\/span><\/p>\n<p class=\"MsoNormal\" style=\"margin: 0cm 0cm 0pt;\"><strong><span style=\"font-family: Verdana; color: red; font-size: 10pt; mso-bidi-font-weight: normal;\">\u00a0<\/span><\/strong><\/p>\n<p class=\"MsoNormal\" style=\"margin: 0cm 0cm 0pt;\"><strong><span style=\"font-family: Verdana; color: red; font-size: 10pt; mso-bidi-font-weight: normal;\">\u00a0<\/span><\/strong><\/p>\n<ol style=\"margin-top: 0cm;\" type=\"1\" start=\"3\">\n<li class=\"MsoNormal\" style=\"margin: 0cm 0cm 0pt; color: red; tab-stops: list 36.0pt; mso-list: l0 level1 lfo1;\"><strong><span style=\"font-family: Verdana; font-size: 10pt; mso-bidi-font-weight: normal;\">CNF \u2013 IX CONGRESSO GIURIDICO PER L\u2019AGGIORNAMENTO PROFESSIONALE<\/span><\/strong><\/li>\n<\/ol>\n<p class=\"MsoNormal\" style=\"margin: 0cm 0cm 0pt;\"><strong><span style=\"font-family: Verdana; color: navy; font-size: 10pt; font-weight: normal;\">Si segnala agli iscritti <\/span><\/strong><strong><\/strong><span style=\"font-family: Verdana; color: navy; font-size: 10pt;\">che la IX edizione del Congresso giuridico-forense per l\u2019aggiornamento professionale, si terr\u00e0 da gioved\u00ec 20 a sabato 22 marzo, a Roma, presso il Complesso monumentale di Santo Spirito in Sassia. La disponibilit\u00e0 dei posti \u00e8 suddivisa proporzionalmente in base agli avvocati iscritti in ogni distretto di Corte d\u2019Appello; sul sito istituzionale del CNF (<a href=\"http:\/\/www.consiglionazionaleforense.it\/\"><span style=\"color: #800080;\">www.consiglionazionaleforense.it<\/span><\/a>) tutte le informazioni in merito alle modalit\u00e0 per effettuare l\u2019iscrizione <em style=\"mso-bidi-font-style: normal;\">on-line<\/em> (per il distretto di L\u2019Aquila, apertura iscrizioni a partire dalle ore 12.00 di mercoled\u00ec 5 marzo).<\/span><\/p>\n<p class=\"MsoNormal\" style=\"margin: 0cm 0cm 0pt;\"><span style=\"font-family: Verdana; color: navy; font-size: 9pt;\">\u00a0<\/span><\/p>\n","protected":false},"excerpt":{"rendered":"<p>\u00a0 Lettera informativa n. 32\/14 del 28.02.2014 \u00a0 \u00a0 \u00a0 TRIBUNALE DI PESCARA \u2013 LAVORATORI ASU Si segnala agli iscritti che da luned\u00ec 3 marzo, gli operatori in regime ASU non saranno pi\u00f9 in applicazione presso le Cancellerie del Tribunale di Pescara. Ci\u00f2 potrebbe comportare il verificarsi di ulteriori disservizi e disagi per l\u2019utenza. Si [&hellip;]<\/p>\n","protected":false},"author":3,"featured_media":0,"parent":0,"menu_order":0,"comment_status":"closed","ping_status":"closed","template":"","meta":[],"_links":{"self":[{"href":"https:\/\/www.ordineavvocatipescara.it\/index.php\/wp-json\/wp\/v2\/pages\/5925"}],"collection":[{"href":"https:\/\/www.ordineavvocatipescara.it\/index.php\/wp-json\/wp\/v2\/pages"}],"about":[{"href":"https:\/\/www.ordineavvocatipescara.it\/index.php\/wp-json\/wp\/v2\/types\/page"}],"author":[{"embeddable":true,"href":"https:\/\/www.ordineavvocatipescara.it\/index.php\/wp-json\/wp\/v2\/users\/3"}],"replies":[{"embeddable":true,"href":"https:\/\/www.ordineavvocatipescara.it\/index.php\/wp-json\/wp\/v2\/comments?post=5925"}],"version-history":[{"count":3,"href":"https:\/\/www.ordineavvocatipescara.it\/index.php\/wp-json\/wp\/v2\/pages\/5925\/revisions"}],"predecessor-version":[{"id":5942,"href":"https:\/\/www.ordineavvocatipescara.it\/index.php\/wp-json\/wp\/v2\/pages\/5925\/revisions\/5942"}],"wp:attachment":[{"href":"https:\/\/www.ordineavvocatipescara.it\/index.php\/wp-json\/wp\/v2\/media?parent=5925"}],"curies":[{"name":"wp","href":"https:\/\/api.w.org\/{rel}","templated":true}]}}