{"id":6649,"date":"2014-08-01T15:42:55","date_gmt":"2014-08-01T14:42:55","guid":{"rendered":"http:\/\/www.ordineavvocatipescara.it\/?page_id=6649"},"modified":"2014-08-01T15:45:11","modified_gmt":"2014-08-01T14:45:11","slug":"modalita-deposito-istanze-patrocinio","status":"publish","type":"page","link":"https:\/\/www.ordineavvocatipescara.it\/index.php\/modalita-deposito-istanze-patrocinio\/","title":{"rendered":"MODALITA&#8217; DEPOSITO ISTANZE PATROCINIO A SPESE DELLO STATO"},"content":{"rendered":"<p class=\"MsoNormal\"><span style=\"font-family: Verdana; color: #000080; font-size: x-small;\"><span style=\"font-family: Verdana; letter-spacing: 0.6pt; color: navy; font-size: 10pt;\">Si\u00a0riporta il testo della delibera COA 31.07.2014, con il riepilogo delle diverse modalit\u00e0 di deposito delle istanze di ammissione al patrocinio a spese dello Stato. <strong><strong><span style=\"font-family: Verdana;\"><span style=\"font-family: Verdana;\">(<\/span><\/span><\/strong><\/strong><\/span><\/span><span style=\"color: black;\"><a title=\"blocked::http:\/\/www.ordineavvocatipescara.it\/wp-content\/uploads\/2014\/08\/DELIBERA-COA-31.07.14.pdf\" href=\"http:\/\/www.ordineavvocatipescara.it\/wp-content\/uploads\/2014\/08\/DELIBERA-COA-31.07.14.pdf\"><strong title=\"blocked::http:\/\/www.ordineavvocatipescara.it\/wp-content\/uploads\/2014\/08\/DELIBERA-COA-31.07.14.pdf\"><span style=\"font-family: Verdana; color: #2970a6; font-size: x-small;\"><span style=\"font-family: Verdana; letter-spacing: 0.6pt; font-size: 10pt; font-weight: bold;\" title=\"blocked::http:\/\/www.ordineavvocatipescara.it\/wp-content\/uploads\/2014\/08\/DELIBERA-COA-31.07.14.pdf\">CLICCA QUI<\/span><\/span><\/strong><\/a><\/span><strong><strong><span style=\"font-family: Verdana; color: #000080; font-size: x-small;\"><span style=\"font-family: Verdana; letter-spacing: 0.6pt; color: navy; font-size: 10pt;\">)<\/span><\/span><\/strong><\/strong><\/p>\n<p class=\"MsoNormal\"><span style=\"font-family: Verdana; color: #000080; font-size: x-small;\"><span style=\"font-family: Verdana; letter-spacing: 0.6pt; color: navy; font-size: 10pt;\">Si precisa che, <\/span><\/span><span style=\"font-family: Verdana; color: #000080; font-size: x-small;\"><span style=\"font-family: Verdana; color: navy; font-size: 10pt;\">indipendentemente dalla modalit\u00e0 prescelta, le istanze dovranno comunque pervenire <strong><strong><span style=\"font-family: Verdana;\"><span style=\"font-family: Verdana;\">entro le ore 12,30 della giornata del marted\u00ec<\/span><\/span><\/strong><\/strong> onde essere esaminate nella seduta consiliare del gioved\u00ec. Le istanze pervenute oltre le ore 12,30 del marted\u00ec verranno esaminate nella seduta consiliare della settimana successiva.<\/span><\/span><\/p>\n<p class=\"MsoNormal\"><span style=\"font-family: Verdana; color: #000080; font-size: x-small;\"><span style=\"font-family: Verdana; color: navy; font-size: 10pt;\">Si ricorda <span style=\"letter-spacing: 0.6pt;\">che <strong><strong><span style=\"font-family: Verdana;\"><span style=\"font-family: Verdana; font-weight: normal;\">gli uffici di Segreteria dell\u2019Ordine resteranno chiusi<\/span><\/span><\/strong><\/strong><strong><strong><\/strong><\/strong><strong><strong><span style=\"font-family: Verdana;\"><span style=\"font-family: Verdana; font-weight: normal;\">dal giorno 9 al giorno 24 agosto 2014 <\/span><\/span><\/strong><\/strong><strong><strong><\/strong><\/strong>e <strong><strong><\/strong><\/strong>che il termine ultimo, prima della chiusura, per il deposito delle istanze era fissato al <strong><strong><span style=\"font-family: Verdana;\"><span style=\"font-family: Verdana;\">30 luglio 2014<\/span><\/span><\/strong><\/strong><strong><strong><span style=\"font-family: Verdana;\"><span style=\"font-family: Verdana; font-weight: normal;\">.<\/span><\/span><\/strong><\/strong><strong><strong><\/strong><\/strong><em><em><span style=\"font-family: Verdana;\"><span style=\"font-family: Verdana;\">(v. lett. info n. 114 del 17.7.14)<\/span><\/span><\/em><\/em><\/span><\/span><\/span><\/p>\n<p class=\"MsoNormal\"><strong><strong><span style=\"text-decoration: underline;\"><span style=\"font-family: Verdana; color: #000080; font-size: x-small;\"><span style=\"font-family: Verdana; letter-spacing: 0.6pt; color: navy; font-size: 10pt;\">I nuovi depositi saranno accettati a partire da luned\u00ec 1 settembre 2014.<\/span><\/span><\/span><\/strong><\/strong><\/p>\n","protected":false},"excerpt":{"rendered":"<p>Si\u00a0riporta il testo della delibera COA 31.07.2014, con il riepilogo delle diverse modalit\u00e0 di deposito delle istanze di ammissione al patrocinio a spese dello Stato. (CLICCA QUI) Si precisa che, indipendentemente dalla modalit\u00e0 prescelta, le istanze dovranno comunque pervenire entro le ore 12,30 della giornata del marted\u00ec onde essere esaminate nella seduta consiliare del gioved\u00ec. [&hellip;]<\/p>\n","protected":false},"author":3,"featured_media":0,"parent":0,"menu_order":0,"comment_status":"closed","ping_status":"closed","template":"","meta":[],"_links":{"self":[{"href":"https:\/\/www.ordineavvocatipescara.it\/index.php\/wp-json\/wp\/v2\/pages\/6649"}],"collection":[{"href":"https:\/\/www.ordineavvocatipescara.it\/index.php\/wp-json\/wp\/v2\/pages"}],"about":[{"href":"https:\/\/www.ordineavvocatipescara.it\/index.php\/wp-json\/wp\/v2\/types\/page"}],"author":[{"embeddable":true,"href":"https:\/\/www.ordineavvocatipescara.it\/index.php\/wp-json\/wp\/v2\/users\/3"}],"replies":[{"embeddable":true,"href":"https:\/\/www.ordineavvocatipescara.it\/index.php\/wp-json\/wp\/v2\/comments?post=6649"}],"version-history":[{"count":4,"href":"https:\/\/www.ordineavvocatipescara.it\/index.php\/wp-json\/wp\/v2\/pages\/6649\/revisions"}],"predecessor-version":[{"id":6653,"href":"https:\/\/www.ordineavvocatipescara.it\/index.php\/wp-json\/wp\/v2\/pages\/6649\/revisions\/6653"}],"wp:attachment":[{"href":"https:\/\/www.ordineavvocatipescara.it\/index.php\/wp-json\/wp\/v2\/media?parent=6649"}],"curies":[{"name":"wp","href":"https:\/\/api.w.org\/{rel}","templated":true}]}}