{"id":6929,"date":"2014-11-07T14:20:41","date_gmt":"2014-11-07T13:20:41","guid":{"rendered":"http:\/\/www.ordineavvocatipescara.it\/?page_id=6929"},"modified":"2014-11-07T14:20:41","modified_gmt":"2014-11-07T13:20:41","slug":"informativa-15114-ruoli-corte-dm-13914-info-pct-consiglio-reg-abruzzo","status":"publish","type":"page","link":"https:\/\/www.ordineavvocatipescara.it\/index.php\/informativa-15114-ruoli-corte-dm-13914-info-pct-consiglio-reg-abruzzo\/","title":{"rendered":"Informativa 151\/14 (RUOLI CORTE &#8211; DM 139\/14 &#8211; INFO PCT &#8211; CONSIGLIO REG. ABRUZZO)"},"content":{"rendered":"<p class=\"MsoNormal\" style=\"margin: 0cm 0cm 0pt;\"><a name=\"OLE_LINK6\"><\/a><a name=\"OLE_LINK5\"><\/a><a name=\"OLE_LINK4\"><\/a><a name=\"OLE_LINK3\"><span style=\"mso-bookmark: OLE_LINK4;\"><span style=\"mso-bookmark: OLE_LINK5;\"><span style=\"mso-bookmark: OLE_LINK6;\"><strong style=\"mso-bidi-font-weight: normal;\"><span style=\"font-family: Verdana; color: navy; font-size: 10pt;\">\u00a0<\/span><\/strong><\/span><\/span><\/span><\/a><\/p>\n<p class=\"MsoNormal\" style=\"margin: 0cm 0cm 0pt;\"><span style=\"mso-bookmark: OLE_LINK3;\"><span style=\"mso-bookmark: OLE_LINK4;\"><span style=\"mso-bookmark: OLE_LINK5;\"><span style=\"mso-bookmark: OLE_LINK6;\"><strong><span style=\"font-family: Verdana; color: navy; font-size: 10pt; mso-bidi-font-weight: normal;\">Lettera informativa n. 151\/14 del 07.11.2014<\/span><\/strong><\/span><\/span><\/span><\/span><\/p>\n<p class=\"MsoNormal\" style=\"margin: 0cm 0cm 0pt;\"><span style=\"mso-bookmark: OLE_LINK3;\"><span style=\"mso-bookmark: OLE_LINK4;\"><span style=\"mso-bookmark: OLE_LINK5;\"><span style=\"mso-bookmark: OLE_LINK6;\"><span style=\"color: black;\"><span style=\"font-size: small;\"><span style=\"font-family: Times New Roman;\">\u00a0<\/span><\/span><\/span><\/span><\/span><\/span><\/span><\/p>\n<p class=\"MsoNormal\" style=\"margin: 0cm 0cm 0pt;\"><span style=\"mso-bookmark: OLE_LINK3;\"><span style=\"mso-bookmark: OLE_LINK4;\"><span style=\"mso-bookmark: OLE_LINK5;\"><span style=\"mso-bookmark: OLE_LINK6;\"><strong><span style=\"font-family: Verdana; color: red; font-size: 10pt; mso-bidi-font-weight: normal;\">\u00a0<\/span><\/strong><\/span><\/span><\/span><\/span><\/p>\n<p class=\"MsoNormal\" style=\"margin: 0cm 0cm 0pt;\"><span style=\"mso-bookmark: OLE_LINK3;\"><span style=\"mso-bookmark: OLE_LINK4;\"><span style=\"mso-bookmark: OLE_LINK5;\"><span style=\"mso-bookmark: OLE_LINK6;\"><strong><span style=\"font-family: Verdana; color: red; font-size: 10pt; mso-bidi-font-weight: normal;\">1.CORTE D\u2019APPELLO L\u2019AQUILA \u2013 RUOLI UDIENZA 11 NOVEMBRE 2014<\/span><\/strong><\/span><\/span><\/span><\/span><\/p>\n<p class=\"newstitle\" style=\"text-align: justify; margin: 0cm 0cm 0pt; tab-stops: 45.8pt 91.6pt 137.4pt 183.2pt 229.0pt 274.8pt 320.6pt 366.4pt 412.2pt 458.0pt 503.8pt 549.6pt 595.4pt 641.2pt 687.0pt 732.8pt;\"><span style=\"mso-bookmark: OLE_LINK3;\"><span style=\"mso-bookmark: OLE_LINK4;\"><span style=\"mso-bookmark: OLE_LINK5;\"><span style=\"mso-bookmark: OLE_LINK6;\"><span style=\"font-family: Verdana; color: navy; font-size: 10pt; mso-bidi-font-size: 12.0pt;\">Con riferimento all\u2019udienza in oggetto, si trasmettono i seguenti documenti:<\/span><\/span><\/span><\/span><\/span><\/p>\n<p class=\"newstitle\" style=\"text-align: justify; margin: 0cm 0cm 0pt; tab-stops: 45.8pt 91.6pt 137.4pt 183.2pt 229.0pt 274.8pt 320.6pt 366.4pt 412.2pt 458.0pt 503.8pt 549.6pt 595.4pt 641.2pt 687.0pt 732.8pt;\"><span style=\"mso-bookmark: OLE_LINK3;\"><span style=\"mso-bookmark: OLE_LINK4;\"><span style=\"mso-bookmark: OLE_LINK5;\"><span style=\"mso-bookmark: OLE_LINK6;\"><strong><span style=\"font-family: Verdana; color: navy; font-size: 10pt; mso-bidi-font-size: 12.0pt; mso-bidi-font-weight: normal;\">\u00a0<\/span><\/strong><\/span><\/span><\/span><\/span><\/p>\n<p class=\"newstitle\" style=\"text-align: justify; margin: 0cm 0cm 0pt; tab-stops: 45.8pt 91.6pt 137.4pt 183.2pt 229.0pt 274.8pt 320.6pt 366.4pt 412.2pt 458.0pt 503.8pt 549.6pt 595.4pt 641.2pt 687.0pt 732.8pt;\"><span style=\"mso-bookmark: OLE_LINK3;\"><span style=\"mso-bookmark: OLE_LINK4;\"><span style=\"mso-bookmark: OLE_LINK5;\"><span style=\"mso-bookmark: OLE_LINK6;\"><strong><span style=\"font-family: Verdana; color: navy; font-size: 10pt; mso-bidi-font-size: 12.0pt; mso-bidi-font-weight: normal;\">11 novembre 2014:<\/span><\/strong><\/span><\/span><\/span><\/span><\/p>\n<p class=\"newstitle\" style=\"text-align: justify; margin: 0cm 0cm 0pt; tab-stops: 45.8pt 91.6pt 137.4pt 183.2pt 229.0pt 274.8pt 320.6pt 366.4pt 412.2pt 458.0pt 503.8pt 549.6pt 595.4pt 641.2pt 687.0pt 732.8pt;\"><span style=\"mso-bookmark: OLE_LINK3;\"><span style=\"mso-bookmark: OLE_LINK4;\"><span style=\"mso-bookmark: OLE_LINK5;\"><span style=\"mso-bookmark: OLE_LINK6;\"><span style=\"font-family: Verdana; color: navy; font-size: 10pt; mso-bidi-font-size: 12.0pt;\"><span style=\"mso-tab-count: 1;\">\u00a0\u00a0\u00a0\u00a0\u00a0\u00a0\u00a0\u00a0\u00a0\u00a0\u00a0 <\/span><em><span style=\"font-style: normal; font-family: Verdana;\">&#8211; fasce orarie 11.11.14 (<a href=\"http:\/\/www.ordineavvocatipescara.it\/wp-content\/uploads\/2014\/11\/fasce-orarie-11.11.pdf\">clicca qui<\/a>)<\/span><\/em><\/span><\/span><\/span><\/span><\/span><\/p>\n<p class=\"newstitle\" style=\"text-align: justify; margin: 0cm 0cm 0pt; tab-stops: 45.8pt 91.6pt 137.4pt 183.2pt 229.0pt 274.8pt 320.6pt 366.4pt 412.2pt 458.0pt 503.8pt 549.6pt 595.4pt 641.2pt 687.0pt 732.8pt;\"><span style=\"mso-bookmark: OLE_LINK3;\"><span style=\"mso-bookmark: OLE_LINK4;\"><span style=\"mso-bookmark: OLE_LINK5;\"><span style=\"mso-bookmark: OLE_LINK6;\"><em><span style=\"font-style: normal; font-family: Verdana; color: navy; font-size: 10pt; mso-bidi-font-size: 12.0pt;\"><span style=\"mso-tab-count: 1;\">\u00a0\u00a0\u00a0\u00a0\u00a0\u00a0\u00a0\u00a0\u00a0\u00a0\u00a0 <\/span>&#8211; rinvii 11.11.14 (<a href=\"http:\/\/www.ordineavvocatipescara.it\/wp-content\/uploads\/2014\/11\/rinvii-11.11.pdf\">clicca qui<\/a>)<\/span><\/em><\/span><\/span><\/span><\/span><\/p>\n<p class=\"newstitle\" style=\"text-align: justify; margin: 0cm 0cm 0pt; tab-stops: 45.8pt 91.6pt 137.4pt 183.2pt 229.0pt 274.8pt 320.6pt 366.4pt 412.2pt 458.0pt 503.8pt 549.6pt 595.4pt 641.2pt 687.0pt 732.8pt;\"><span style=\"mso-bookmark: OLE_LINK3;\"><span style=\"mso-bookmark: OLE_LINK4;\"><span style=\"mso-bookmark: OLE_LINK5;\"><span style=\"mso-bookmark: OLE_LINK6;\"><em><span style=\"font-family: Verdana; color: navy; font-size: 10pt; mso-bidi-font-size: 12.0pt; mso-bidi-font-style: normal;\"><span style=\"mso-tab-count: 1;\">\u00a0\u00a0\u00a0\u00a0\u00a0\u00a0\u00a0\u00a0\u00a0\u00a0\u00a0 <\/span>&#8211; <\/span><\/em><\/span><\/span><\/span><\/span><span style=\"mso-bookmark: OLE_LINK3;\"><span style=\"mso-bookmark: OLE_LINK4;\"><span style=\"mso-bookmark: OLE_LINK5;\"><span style=\"mso-bookmark: OLE_LINK6;\"><span style=\"font-family: Verdana; color: navy; font-size: 10pt; mso-bidi-font-size: 12.0pt;\">ruoli 11.11.14 <em><span style=\"font-family: Verdana; mso-bidi-font-style: normal;\">(<a href=\"http:\/\/www.ordineavvocatipescara.it\/wp-content\/uploads\/2014\/11\/r-11.11.pdf\">clicca qui<\/a><\/span><\/em><\/span><\/span><\/span><\/span><\/span><span style=\"mso-bookmark: OLE_LINK3;\"><span style=\"mso-bookmark: OLE_LINK4;\"><span style=\"mso-bookmark: OLE_LINK5;\"><span style=\"mso-bookmark: OLE_LINK6;\"><em><span style=\"font-family: Verdana; color: navy; font-size: 10pt; mso-bidi-font-size: 12.0pt; mso-bidi-font-style: normal;\">)<\/span><\/em><\/span><\/span><\/span><\/span><\/p>\n<p class=\"newstitle\" style=\"text-align: justify; margin: 0cm 0cm 0pt; tab-stops: 45.8pt 91.6pt 137.4pt 183.2pt 229.0pt 274.8pt 320.6pt 366.4pt 412.2pt 458.0pt 503.8pt 549.6pt 595.4pt 641.2pt 687.0pt 732.8pt;\"><span style=\"mso-bookmark: OLE_LINK3;\"><span style=\"mso-bookmark: OLE_LINK4;\"><span style=\"mso-bookmark: OLE_LINK5;\"><span style=\"mso-bookmark: OLE_LINK6;\"><em><span style=\"font-family: Verdana; color: navy; font-size: 10pt; mso-bidi-font-size: 12.0pt; mso-bidi-font-style: normal;\"><span style=\"mso-tab-count: 1;\">\u00a0\u00a0\u00a0\u00a0\u00a0\u00a0\u00a0\u00a0\u00a0\u00a0\u00a0 <\/span>&#8211; <\/span><\/em><\/span><\/span><\/span><\/span><span style=\"mso-bookmark: OLE_LINK3;\"><span style=\"mso-bookmark: OLE_LINK4;\"><span style=\"mso-bookmark: OLE_LINK5;\"><span style=\"mso-bookmark: OLE_LINK6;\"><span style=\"font-family: Verdana; color: navy; font-size: 10pt; mso-bidi-font-size: 12.0pt;\">ruolo volontaria giurisdizione 11.11.14 <em><span style=\"font-family: Verdana; mso-bidi-font-style: normal;\">(<a href=\"http:\/\/www.ordineavvocatipescara.it\/wp-content\/uploads\/2014\/11\/r-vg-11.11.pdf\">clicca qui<\/a><\/span><\/em><\/span><\/span><\/span><\/span><\/span><span style=\"mso-bookmark: OLE_LINK3;\"><span style=\"mso-bookmark: OLE_LINK4;\"><span style=\"mso-bookmark: OLE_LINK5;\"><span style=\"mso-bookmark: OLE_LINK6;\"><em><span style=\"font-family: Verdana; color: navy; font-size: 10pt; mso-bidi-font-size: 12.0pt; mso-bidi-font-style: normal;\">)<\/span><\/em><\/span><\/span><\/span><\/span><\/p>\n<p class=\"newstitle\" style=\"text-align: justify; margin: 0cm 0cm 0pt; tab-stops: 45.8pt 91.6pt 137.4pt 183.2pt 229.0pt 274.8pt 320.6pt 366.4pt 412.2pt 458.0pt 503.8pt 549.6pt 595.4pt 641.2pt 687.0pt 732.8pt;\"><span style=\"mso-bookmark: OLE_LINK3;\"><span style=\"mso-bookmark: OLE_LINK4;\"><span style=\"mso-bookmark: OLE_LINK5;\"><span style=\"mso-bookmark: OLE_LINK6;\"><strong><span style=\"font-family: Verdana; color: navy; font-size: 10pt; mso-bidi-font-size: 12.0pt; mso-bidi-font-weight: normal;\">\u00a0<\/span><\/strong><\/span><\/span><\/span><\/span><\/p>\n<p class=\"newstitle\" style=\"text-align: justify; margin: 0cm 0cm 0pt; tab-stops: 45.8pt 91.6pt 137.4pt 183.2pt 229.0pt 274.8pt 320.6pt 366.4pt 412.2pt 458.0pt 503.8pt 549.6pt 595.4pt 641.2pt 687.0pt 732.8pt;\"><span style=\"mso-bookmark: OLE_LINK3;\"><span style=\"mso-bookmark: OLE_LINK4;\"><span style=\"mso-bookmark: OLE_LINK5;\"><span style=\"mso-bookmark: OLE_LINK6;\"><span style=\"font-family: Verdana; color: navy; font-size: 10pt;\">Per ragioni di tutela della <em><span style=\"font-family: Verdana; mso-bidi-font-style: normal;\">privacy<\/span><\/em>, i nomi delle parti sono stati oscurati.<\/span><\/span><\/span><\/span><\/span><\/p>\n<p class=\"MsoNormal\" style=\"margin: 0cm 0cm 0pt;\"><span style=\"mso-bookmark: OLE_LINK3;\"><span style=\"mso-bookmark: OLE_LINK4;\"><span style=\"mso-bookmark: OLE_LINK5;\"><span style=\"mso-bookmark: OLE_LINK6;\"><strong><span style=\"font-family: Verdana; color: red; font-size: 10pt; mso-bidi-font-weight: normal;\">\u00a0<\/span><\/strong><\/span><\/span><\/span><\/span><\/p>\n<p class=\"MsoNormal\" style=\"margin: 0cm 0cm 0pt;\"><span style=\"mso-bookmark: OLE_LINK3;\"><span style=\"mso-bookmark: OLE_LINK4;\"><span style=\"mso-bookmark: OLE_LINK5;\"><span style=\"mso-bookmark: OLE_LINK6;\"><strong><span style=\"font-family: Verdana; color: red; font-size: 10pt; mso-bidi-font-weight: normal;\">\u00a0<\/span><\/strong><\/span><\/span><\/span><\/span><\/p>\n<p class=\"MsoNormal\" style=\"margin: 0cm 0cm 0pt;\"><span style=\"mso-bookmark: OLE_LINK3;\"><span style=\"mso-bookmark: OLE_LINK4;\"><span style=\"mso-bookmark: OLE_LINK5;\"><span style=\"mso-bookmark: OLE_LINK6;\"><strong><span style=\"font-family: Verdana; color: red; font-size: 10pt; mso-bidi-font-weight: normal;\">2. DM 139\/14 ART. 6 \u2013 INCOMPATIBILITA\u2019 DEI MEDIATORI<\/span><\/strong><\/span><\/span><\/span><\/span><\/p>\n<p class=\"newstitle\" style=\"text-align: justify; margin: 0cm 0cm 0pt; tab-stops: 45.8pt 91.6pt 137.4pt 183.2pt 229.0pt 274.8pt 320.6pt 366.4pt 412.2pt 458.0pt 503.8pt 549.6pt 595.4pt 641.2pt 687.0pt 732.8pt;\"><span style=\"mso-bookmark: OLE_LINK3;\"><span style=\"mso-bookmark: OLE_LINK4;\"><span style=\"mso-bookmark: OLE_LINK5;\"><span style=\"mso-bookmark: OLE_LINK6;\"><span style=\"font-family: Verdana; color: navy; font-size: 10pt;\">Si trasmette in allegato la delibera COA 16.10.2014 di interpretazione dell\u2019art. 14-bis DM 180\/2010 introdotto dall\u2019art. 6 DM 139\/14 in merito alla incompatibilit\u00e0 dei Mediatori.<\/span><\/span><\/span><\/span><\/span><\/p>\n<p class=\"newstitle\" style=\"text-align: justify; margin: 0cm 0cm 0pt; tab-stops: 45.8pt 91.6pt 137.4pt 183.2pt 229.0pt 274.8pt 320.6pt 366.4pt 412.2pt 458.0pt 503.8pt 549.6pt 595.4pt 641.2pt 687.0pt 732.8pt;\"><span style=\"mso-bookmark: OLE_LINK3;\"><span style=\"mso-bookmark: OLE_LINK4;\"><span style=\"mso-bookmark: OLE_LINK5;\"><span style=\"mso-bookmark: OLE_LINK6;\"><span style=\"font-family: Verdana; color: navy; font-size: 10pt;\">Sullo stesso argomento, si trasmette altres\u00ec il testo della Mozione approvata dall&#8217;Assemblea del Coordinamento della Conciliazione Forense tenutasi a Latina il 23 e 24 ottobre u.s.<\/span><\/span><\/span><\/span><\/span><\/p>\n<p class=\"newstitle\" style=\"text-align: justify; margin: 0cm 0cm 0pt; tab-stops: 45.8pt 91.6pt 137.4pt 183.2pt 229.0pt 274.8pt 320.6pt 366.4pt 412.2pt 458.0pt 503.8pt 549.6pt 595.4pt 641.2pt 687.0pt 732.8pt;\"><span style=\"mso-bookmark: OLE_LINK3;\"><span style=\"mso-bookmark: OLE_LINK4;\"><span style=\"mso-bookmark: OLE_LINK5;\"><span style=\"mso-bookmark: OLE_LINK6;\"><em style=\"mso-bidi-font-style: normal;\"><span style=\"font-family: Verdana; color: navy; font-size: 10pt;\">ALLEGATI: &#8211; Delibera COA 16.10.14 (<a href=\"http:\/\/www.ordineavvocatipescara.it\/wp-content\/uploads\/2014\/11\/estratto-verbale-16-ottobre-2014.pdf\">clicca qui<\/a>)<\/span><\/em><\/span><\/span><\/span><\/span><\/p>\n<p class=\"newstitle\" style=\"text-align: justify; margin: 0cm 0cm 0pt; tab-stops: 45.8pt 91.6pt 137.4pt 183.2pt 229.0pt 274.8pt 320.6pt 366.4pt 412.2pt 458.0pt 503.8pt 549.6pt 595.4pt 641.2pt 687.0pt 732.8pt;\"><span style=\"mso-bookmark: OLE_LINK3;\"><span style=\"mso-bookmark: OLE_LINK4;\"><span style=\"mso-bookmark: OLE_LINK5;\"><span style=\"mso-bookmark: OLE_LINK6;\"><em style=\"mso-bidi-font-style: normal;\"><span style=\"font-family: Verdana; color: navy; font-size: 10pt;\"><span style=\"mso-tab-count: 1;\">\u00a0\u00a0\u00a0\u00a0\u00a0\u00a0\u00a0\u00a0\u00a0\u00a0\u00a0 <\/span><span style=\"mso-spacerun: yes;\">\u00a0\u00a0 <\/span>&#8211; Mozione Assemblea Latina (<a href=\"http:\/\/www.ordineavvocatipescara.it\/wp-content\/uploads\/2014\/11\/Latina-mozione-incompatibilit\u00e0.pdf\">clicca qui<\/a>)<\/span><\/em><\/span><\/span><\/span><\/span><\/p>\n<p class=\"MsoNormal\" style=\"margin: 0cm 0cm 0pt; mso-layout-grid-align: none;\"><span style=\"mso-bookmark: OLE_LINK3;\"><span style=\"mso-bookmark: OLE_LINK4;\"><span style=\"mso-bookmark: OLE_LINK5;\"><span style=\"mso-bookmark: OLE_LINK6;\"><strong><span style=\"font-family: Verdana; color: red; font-size: 10pt; mso-bidi-font-family: 'Verdana,Bold';\">\u00a0<\/span><\/strong><\/span><\/span><\/span><\/span><\/p>\n<p class=\"MsoNormal\" style=\"margin: 0cm 0cm 0pt; mso-layout-grid-align: none;\"><span style=\"mso-bookmark: OLE_LINK3;\"><span style=\"mso-bookmark: OLE_LINK4;\"><span style=\"mso-bookmark: OLE_LINK5;\"><span style=\"mso-bookmark: OLE_LINK6;\"><strong><span style=\"font-family: Verdana; color: red; font-size: 10pt; mso-bidi-font-family: 'Verdana,Bold';\">\u00a0<\/span><\/strong><\/span><\/span><\/span><\/span><\/p>\n<p class=\"MsoNormal\" style=\"margin: 0cm 0cm 0pt; mso-layout-grid-align: none;\"><span style=\"mso-bookmark: OLE_LINK3;\"><span style=\"mso-bookmark: OLE_LINK4;\"><span style=\"mso-bookmark: OLE_LINK5;\"><span style=\"mso-bookmark: OLE_LINK6;\"><strong><span style=\"font-family: Verdana; color: red; font-size: 10pt; mso-bidi-font-family: 'Verdana,Bold';\">3. PCT \u2013 VISIONE DEL FASCICOLO INFORMATICO<\/span><\/strong><\/span><\/span><\/span><\/span><\/p>\n<p class=\"MsoNormal\" style=\"margin: 0cm 0cm 0pt; mso-pagination: widow-orphan;\"><span style=\"mso-bookmark: OLE_LINK3;\"><span style=\"mso-bookmark: OLE_LINK4;\"><span style=\"mso-bookmark: OLE_LINK5;\"><span style=\"mso-bookmark: OLE_LINK6;\"><span style=\"font-family: Verdana; color: navy; font-size: 10pt;\">Si segnala agli iscritti che \u00e8 possibile ottenere l&#8217;autorizzazione alla visione del fascicolo informatico nel quale non si \u00e8 costituiti (ad es. fascicolo ingiunzione) inviando una richiesta di visibilit\u00e0 attraverso i software normalmente utilizzati per il deposito telematico di atti processuali (cosiddetto PCT) ed allegando alla stessa la procura alle liti.<\/span><\/span><\/span><\/span><\/span><\/p>\n<p class=\"MsoNormal\" style=\"margin: 0cm 0cm 0pt; mso-pagination: widow-orphan;\"><span style=\"mso-bookmark: OLE_LINK3;\"><span style=\"mso-bookmark: OLE_LINK4;\"><span style=\"mso-bookmark: OLE_LINK5;\"><span style=\"mso-bookmark: OLE_LINK6;\"><span style=\"font-family: Verdana; color: navy; font-size: 10pt;\">Come normalmente avviene per i depositi telematici, la richiesta deve essere redatta con un normale elaboratore di testo, salvata in PDF e firmata digitalmente.<\/span><\/span><\/span><\/span><\/span><\/p>\n<p class=\"MsoNormal\" style=\"margin: 0cm 0cm 0pt; mso-pagination: widow-orphan;\"><span style=\"mso-bookmark: OLE_LINK3;\"><span style=\"mso-bookmark: OLE_LINK4;\"><span style=\"mso-bookmark: OLE_LINK5;\"><span style=\"mso-bookmark: OLE_LINK6;\"><span style=\"font-family: Verdana; color: navy; font-size: 10pt;\">Per procedere in tal senso, occorre conoscere il numero di ruolo del fascicolo al quale si intende accedere.<\/span><\/span><\/span><\/span><\/span><\/p>\n<p class=\"MsoNormal\" style=\"text-align: left; margin: 0cm 0cm 0pt; mso-pagination: widow-orphan;\" align=\"left\"><span style=\"mso-bookmark: OLE_LINK3;\"><span style=\"mso-bookmark: OLE_LINK4;\"><span style=\"mso-bookmark: OLE_LINK5;\"><span style=\"mso-bookmark: OLE_LINK6;\"><span style=\"mso-bidi-font-size: 12.0pt;\"><span style=\"font-family: Times New Roman; font-size: small;\">\u00a0<\/span><\/span><\/span><\/span><\/span><\/span><\/p>\n<p class=\"newstitle\" style=\"text-align: justify; margin: 0cm 0cm 0pt; tab-stops: 45.8pt 91.6pt 137.4pt 183.2pt 229.0pt 274.8pt 320.6pt 366.4pt 412.2pt 458.0pt 503.8pt 549.6pt 595.4pt 641.2pt 687.0pt 732.8pt;\"><span style=\"mso-bookmark: OLE_LINK3;\"><span style=\"mso-bookmark: OLE_LINK4;\"><span style=\"mso-bookmark: OLE_LINK5;\"><span style=\"mso-bookmark: OLE_LINK6;\"><span style=\"font-family: Verdana; color: navy; font-size: 10pt;\">\u00a0<\/span><\/span><\/span><\/span><\/span><\/p>\n<p class=\"newstitle\" style=\"text-align: justify; margin: 0cm 0cm 0pt; tab-stops: 45.8pt 91.6pt 137.4pt 183.2pt 229.0pt 274.8pt 320.6pt 366.4pt 412.2pt 458.0pt 503.8pt 549.6pt 595.4pt 641.2pt 687.0pt 732.8pt;\"><span style=\"mso-bookmark: OLE_LINK5;\"><span style=\"mso-bookmark: OLE_LINK6;\"><strong style=\"mso-bidi-font-weight: normal;\"><span style=\"font-family: Verdana; color: red; font-size: 10pt;\">4. BANCA DATI CONSIGLIO REGIONALE ABRUZZO<\/span><\/strong><\/span><\/span><\/p>\n<p class=\"newstitle\" style=\"text-align: justify; margin: 0cm 0cm 0pt; tab-stops: 45.8pt 91.6pt 137.4pt 183.2pt 229.0pt 274.8pt 320.6pt 366.4pt 412.2pt 458.0pt 503.8pt 549.6pt 595.4pt 641.2pt 687.0pt 732.8pt;\"><span style=\"mso-bookmark: OLE_LINK5;\"><span style=\"mso-bookmark: OLE_LINK6;\"><span style=\"font-family: Verdana; color: navy; font-size: 10pt;\">Si trasmette in allegato la nota 29.10.14 relativa alla pubblicazione sul sito istituzionale del Consiglio Regionale Abruzzo del Rapporto sullo stato della Legislazione relativo all\u2019anno 2013 ed alla IX Legislatura. Sullo stesso sito \u00e8 possibile consultare gratuitamente la banca dati delle leggi e dei regolamenti regionali nel testo vigente dal 1971 ad oggi.<\/span><\/span><\/span><\/p>\n<p class=\"MsoNormal\" style=\"margin: 0cm 0cm 0pt;\"><span style=\"mso-bookmark: OLE_LINK5;\"><span style=\"mso-bookmark: OLE_LINK6;\"><em><span style=\"font-family: Verdana; letter-spacing: 0.6pt; color: navy; font-size: 10pt; mso-bidi-font-family: Arial;\">(<a href=\"http:\/\/www.ordineavvocatipescara.it\/wp-content\/uploads\/2014\/11\/CONSIGLIO-REGIONE-ABRUZZO.pdf\">clicca qui<\/a>)<\/span><\/em><\/span><\/span><em><\/em><\/p>\n<p class=\"MsoNormal\" style=\"margin: 0cm 0cm 0pt;\"><span style=\"font-family: Verdana; color: navy; font-size: 10pt;\">\u00a0<\/span><\/p>\n","protected":false},"excerpt":{"rendered":"<p>\u00a0 Lettera informativa n. 151\/14 del 07.11.2014 \u00a0 \u00a0 1.CORTE D\u2019APPELLO L\u2019AQUILA \u2013 RUOLI UDIENZA 11 NOVEMBRE 2014 Con riferimento all\u2019udienza in oggetto, si trasmettono i seguenti documenti: \u00a0 11 novembre 2014: \u00a0\u00a0\u00a0\u00a0\u00a0\u00a0\u00a0\u00a0\u00a0\u00a0\u00a0 &#8211; fasce orarie 11.11.14 (clicca qui) \u00a0\u00a0\u00a0\u00a0\u00a0\u00a0\u00a0\u00a0\u00a0\u00a0\u00a0 &#8211; rinvii 11.11.14 (clicca qui) \u00a0\u00a0\u00a0\u00a0\u00a0\u00a0\u00a0\u00a0\u00a0\u00a0\u00a0 &#8211; ruoli 11.11.14 (clicca qui) \u00a0\u00a0\u00a0\u00a0\u00a0\u00a0\u00a0\u00a0\u00a0\u00a0\u00a0 &#8211; ruolo volontaria [&hellip;]<\/p>\n","protected":false},"author":3,"featured_media":0,"parent":0,"menu_order":0,"comment_status":"closed","ping_status":"closed","template":"","meta":[],"_links":{"self":[{"href":"https:\/\/www.ordineavvocatipescara.it\/index.php\/wp-json\/wp\/v2\/pages\/6929"}],"collection":[{"href":"https:\/\/www.ordineavvocatipescara.it\/index.php\/wp-json\/wp\/v2\/pages"}],"about":[{"href":"https:\/\/www.ordineavvocatipescara.it\/index.php\/wp-json\/wp\/v2\/types\/page"}],"author":[{"embeddable":true,"href":"https:\/\/www.ordineavvocatipescara.it\/index.php\/wp-json\/wp\/v2\/users\/3"}],"replies":[{"embeddable":true,"href":"https:\/\/www.ordineavvocatipescara.it\/index.php\/wp-json\/wp\/v2\/comments?post=6929"}],"version-history":[{"count":1,"href":"https:\/\/www.ordineavvocatipescara.it\/index.php\/wp-json\/wp\/v2\/pages\/6929\/revisions"}],"predecessor-version":[{"id":6937,"href":"https:\/\/www.ordineavvocatipescara.it\/index.php\/wp-json\/wp\/v2\/pages\/6929\/revisions\/6937"}],"wp:attachment":[{"href":"https:\/\/www.ordineavvocatipescara.it\/index.php\/wp-json\/wp\/v2\/media?parent=6929"}],"curies":[{"name":"wp","href":"https:\/\/api.w.org\/{rel}","templated":true}]}}