{"id":6988,"date":"2014-11-24T14:19:14","date_gmt":"2014-11-24T13:19:14","guid":{"rendered":"http:\/\/www.ordineavvocatipescara.it\/?page_id=6988"},"modified":"2014-11-24T14:19:14","modified_gmt":"2014-11-24T13:19:14","slug":"informativa-15814-ruoli-corte-circolare-pct-sez-fallimentare-cancelleria-civile-gdp","status":"publish","type":"page","link":"https:\/\/www.ordineavvocatipescara.it\/index.php\/informativa-15814-ruoli-corte-circolare-pct-sez-fallimentare-cancelleria-civile-gdp\/","title":{"rendered":"Informativa 158\/14 (RUOLI CORTE &#8211; CIRCOLARE PCT SEZ. FALLIMENTARE &#8211; CANCELLERIA CIVILE GDP"},"content":{"rendered":"<p class=\"MsoNormal\" style=\"margin: 0cm 0cm 0pt;\"><a name=\"OLE_LINK6\"><\/a><a name=\"OLE_LINK5\"><\/a><a name=\"OLE_LINK4\"><\/a><a name=\"OLE_LINK3\"><span style=\"mso-bookmark: OLE_LINK4;\"><span style=\"mso-bookmark: OLE_LINK5;\"><span style=\"mso-bookmark: OLE_LINK6;\"><strong style=\"mso-bidi-font-weight: normal;\"><span style=\"font-family: Verdana; color: navy; font-size: 10pt;\">\u00a0<\/span><\/strong><\/span><\/span><\/span><\/a><\/p>\n<p class=\"MsoNormal\" style=\"margin: 0cm 0cm 0pt;\"><span style=\"mso-bookmark: OLE_LINK3;\"><span style=\"mso-bookmark: OLE_LINK4;\"><span style=\"mso-bookmark: OLE_LINK5;\"><span style=\"mso-bookmark: OLE_LINK6;\"><strong><span style=\"font-family: Verdana; color: navy; font-size: 10pt; mso-bidi-font-weight: normal;\">Lettera informativa n. 158\/14 del 24.11.2014<\/span><\/strong><\/span><\/span><\/span><\/span><\/p>\n<p class=\"MsoNormal\" style=\"margin: 0cm 0cm 0pt;\"><span style=\"mso-bookmark: OLE_LINK3;\"><span style=\"mso-bookmark: OLE_LINK4;\"><span style=\"mso-bookmark: OLE_LINK5;\"><span style=\"mso-bookmark: OLE_LINK6;\"><span style=\"color: black;\"><span style=\"font-size: small;\"><span style=\"font-family: Times New Roman;\">\u00a0<\/span><\/span><\/span><\/span><\/span><\/span><\/span><\/p>\n<p class=\"MsoNormal\" style=\"margin: 0cm 0cm 0pt;\"><span style=\"mso-bookmark: OLE_LINK3;\"><span style=\"mso-bookmark: OLE_LINK4;\"><span style=\"mso-bookmark: OLE_LINK5;\"><span style=\"mso-bookmark: OLE_LINK6;\"><strong><span style=\"font-family: Verdana; color: red; font-size: 10pt; mso-bidi-font-weight: normal;\">\u00a0<\/span><\/strong><\/span><\/span><\/span><\/span><\/p>\n<p class=\"MsoNormal\" style=\"margin: 0cm 0cm 0pt;\"><span style=\"mso-bookmark: OLE_LINK3;\"><span style=\"mso-bookmark: OLE_LINK4;\"><span style=\"mso-bookmark: OLE_LINK5;\"><span style=\"mso-bookmark: OLE_LINK6;\"><strong><span style=\"font-family: Verdana; color: red; font-size: 10pt; mso-bidi-font-weight: normal;\">1.CORTE D\u2019APPELLO L\u2019AQUILA \u2013 RUOLI UDIENZA 25 NOVEMBRE 2014<\/span><\/strong><\/span><\/span><\/span><\/span><\/p>\n<p class=\"newstitle\" style=\"text-align: justify; margin: 0cm 0cm 0pt; tab-stops: 45.8pt 91.6pt 137.4pt 183.2pt 229.0pt 274.8pt 320.6pt 366.4pt 412.2pt 458.0pt 503.8pt 549.6pt 595.4pt 641.2pt 687.0pt 732.8pt;\"><span style=\"mso-bookmark: OLE_LINK3;\"><span style=\"mso-bookmark: OLE_LINK4;\"><span style=\"mso-bookmark: OLE_LINK5;\"><span style=\"mso-bookmark: OLE_LINK6;\"><span style=\"font-family: Verdana; color: navy; font-size: 10pt; mso-bidi-font-size: 12.0pt;\">Con riferimento all\u2019udienza in oggetto, si trasmettono i seguenti documenti:<\/span><\/span><\/span><\/span><\/span><\/p>\n<p class=\"newstitle\" style=\"text-align: justify; margin: 0cm 0cm 0pt; tab-stops: 45.8pt 91.6pt 137.4pt 183.2pt 229.0pt 274.8pt 320.6pt 366.4pt 412.2pt 458.0pt 503.8pt 549.6pt 595.4pt 641.2pt 687.0pt 732.8pt;\"><span style=\"mso-bookmark: OLE_LINK3;\"><span style=\"mso-bookmark: OLE_LINK4;\"><span style=\"mso-bookmark: OLE_LINK5;\"><span style=\"mso-bookmark: OLE_LINK6;\"><strong><span style=\"font-family: Verdana; color: navy; font-size: 10pt; mso-bidi-font-size: 12.0pt; mso-bidi-font-weight: normal;\">\u00a0<\/span><\/strong><\/span><\/span><\/span><\/span><\/p>\n<p class=\"newstitle\" style=\"text-align: justify; margin: 0cm 0cm 0pt; tab-stops: 45.8pt 91.6pt 137.4pt 183.2pt 229.0pt 274.8pt 320.6pt 366.4pt 412.2pt 458.0pt 503.8pt 549.6pt 595.4pt 641.2pt 687.0pt 732.8pt;\"><span style=\"mso-bookmark: OLE_LINK3;\"><span style=\"mso-bookmark: OLE_LINK4;\"><span style=\"mso-bookmark: OLE_LINK5;\"><span style=\"mso-bookmark: OLE_LINK6;\"><strong><span style=\"font-family: Verdana; color: navy; font-size: 10pt; mso-bidi-font-size: 12.0pt; mso-bidi-font-weight: normal;\">25 novembre 2014:<\/span><\/strong><\/span><\/span><\/span><\/span><\/p>\n<p class=\"newstitle\" style=\"text-align: justify; margin: 0cm 0cm 0pt; tab-stops: 45.8pt 91.6pt 137.4pt 183.2pt 229.0pt 274.8pt 320.6pt 366.4pt 412.2pt 458.0pt 503.8pt 549.6pt 595.4pt 641.2pt 687.0pt 732.8pt;\"><span style=\"mso-bookmark: OLE_LINK3;\"><span style=\"mso-bookmark: OLE_LINK4;\"><span style=\"mso-bookmark: OLE_LINK5;\"><span style=\"mso-bookmark: OLE_LINK6;\"><span style=\"font-family: Verdana; color: navy; font-size: 10pt; mso-bidi-font-size: 12.0pt;\"><span style=\"mso-tab-count: 1;\">\u00a0\u00a0\u00a0\u00a0\u00a0\u00a0\u00a0\u00a0\u00a0\u00a0\u00a0 <\/span><em><span style=\"font-style: normal; font-family: Verdana;\">&#8211; fasce orarie 25.11.14 (<a href=\"http:\/\/www.ordineavvocatipescara.it\/wp-content\/uploads\/2014\/11\/fasce-orarie-25-novembre.pdf\">clicca qui<\/a>)<\/span><\/em><\/span><\/span><\/span><\/span><\/span><\/p>\n<p class=\"newstitle\" style=\"text-align: justify; margin: 0cm 0cm 0pt; tab-stops: 45.8pt 91.6pt 137.4pt 183.2pt 229.0pt 274.8pt 320.6pt 366.4pt 412.2pt 458.0pt 503.8pt 549.6pt 595.4pt 641.2pt 687.0pt 732.8pt;\"><span style=\"mso-bookmark: OLE_LINK3;\"><span style=\"mso-bookmark: OLE_LINK4;\"><span style=\"mso-bookmark: OLE_LINK5;\"><span style=\"mso-bookmark: OLE_LINK6;\"><em><span style=\"font-style: normal; font-family: Verdana; color: navy; font-size: 10pt; mso-bidi-font-size: 12.0pt;\"><span style=\"mso-tab-count: 1;\">\u00a0\u00a0\u00a0\u00a0\u00a0\u00a0\u00a0\u00a0\u00a0\u00a0\u00a0 <\/span>&#8211; rinvii 25.11.14 (<a href=\"http:\/\/www.ordineavvocatipescara.it\/wp-content\/uploads\/2014\/11\/rinvii-25.11.pdf\">clicca qui<\/a>)<\/span><\/em><\/span><\/span><\/span><\/span><\/p>\n<p class=\"newstitle\" style=\"text-align: justify; margin: 0cm 0cm 0pt; tab-stops: 45.8pt 91.6pt 137.4pt 183.2pt 229.0pt 274.8pt 320.6pt 366.4pt 412.2pt 458.0pt 503.8pt 549.6pt 595.4pt 641.2pt 687.0pt 732.8pt;\"><span style=\"mso-bookmark: OLE_LINK3;\"><span style=\"mso-bookmark: OLE_LINK4;\"><span style=\"mso-bookmark: OLE_LINK5;\"><span style=\"mso-bookmark: OLE_LINK6;\"><em><span style=\"font-family: Verdana; color: navy; font-size: 10pt; mso-bidi-font-size: 12.0pt; mso-bidi-font-style: normal;\"><span style=\"mso-tab-count: 1;\">\u00a0\u00a0\u00a0\u00a0\u00a0\u00a0\u00a0\u00a0\u00a0\u00a0\u00a0 <\/span>&#8211; <\/span><\/em><\/span><\/span><\/span><\/span><span style=\"mso-bookmark: OLE_LINK3;\"><span style=\"mso-bookmark: OLE_LINK4;\"><span style=\"mso-bookmark: OLE_LINK5;\"><span style=\"mso-bookmark: OLE_LINK6;\"><span style=\"font-family: Verdana; color: navy; font-size: 10pt; mso-bidi-font-size: 12.0pt;\">ruolo v.g. 25.11.14 <em><span style=\"font-family: Verdana; mso-bidi-font-style: normal;\">(<a href=\"http:\/\/www.ordineavvocatipescara.it\/wp-content\/uploads\/2014\/11\/r-vg-25.11.pdf\">clicca qui<\/a><\/span><\/em><\/span><\/span><\/span><\/span><\/span><span style=\"mso-bookmark: OLE_LINK3;\"><span style=\"mso-bookmark: OLE_LINK4;\"><span style=\"mso-bookmark: OLE_LINK5;\"><span style=\"mso-bookmark: OLE_LINK6;\"><em><span style=\"font-family: Verdana; color: navy; font-size: 10pt; mso-bidi-font-size: 12.0pt; mso-bidi-font-style: normal;\">)<\/span><\/em><\/span><\/span><\/span><\/span><\/p>\n<p class=\"newstitle\" style=\"text-align: justify; margin: 0cm 0cm 0pt; tab-stops: 45.8pt 91.6pt 137.4pt 183.2pt 229.0pt 274.8pt 320.6pt 366.4pt 412.2pt 458.0pt 503.8pt 549.6pt 595.4pt 641.2pt 687.0pt 732.8pt;\"><span style=\"mso-bookmark: OLE_LINK3;\"><span style=\"mso-bookmark: OLE_LINK4;\"><span style=\"mso-bookmark: OLE_LINK5;\"><span style=\"mso-bookmark: OLE_LINK6;\"><em><span style=\"font-family: Verdana; color: navy; font-size: 10pt; mso-bidi-font-size: 12.0pt; mso-bidi-font-style: normal;\"><span style=\"mso-tab-count: 1;\">\u00a0\u00a0\u00a0\u00a0\u00a0\u00a0\u00a0\u00a0\u00a0\u00a0\u00a0 <\/span>&#8211; <\/span><\/em><\/span><\/span><\/span><\/span><span style=\"mso-bookmark: OLE_LINK3;\"><span style=\"mso-bookmark: OLE_LINK4;\"><span style=\"mso-bookmark: OLE_LINK5;\"><span style=\"mso-bookmark: OLE_LINK6;\"><span style=\"font-family: Verdana; color: navy; font-size: 10pt; mso-bidi-font-size: 12.0pt;\">ruoli 25.11.14 <em><span style=\"font-family: Verdana; mso-bidi-font-style: normal;\">(<a href=\"http:\/\/www.ordineavvocatipescara.it\/wp-content\/uploads\/2014\/11\/r-25.11.pdf\">clicca qui<\/a><\/span><\/em><\/span><\/span><\/span><\/span><\/span><span style=\"mso-bookmark: OLE_LINK3;\"><span style=\"mso-bookmark: OLE_LINK4;\"><span style=\"mso-bookmark: OLE_LINK5;\"><span style=\"mso-bookmark: OLE_LINK6;\"><em><span style=\"font-family: Verdana; color: navy; font-size: 10pt; mso-bidi-font-size: 12.0pt; mso-bidi-font-style: normal;\">)<\/span><\/em><\/span><\/span><\/span><\/span><\/p>\n<p class=\"newstitle\" style=\"text-align: justify; margin: 0cm 0cm 0pt; tab-stops: 45.8pt 91.6pt 137.4pt 183.2pt 229.0pt 274.8pt 320.6pt 366.4pt 412.2pt 458.0pt 503.8pt 549.6pt 595.4pt 641.2pt 687.0pt 732.8pt;\"><span style=\"mso-bookmark: OLE_LINK3;\"><span style=\"mso-bookmark: OLE_LINK4;\"><span style=\"mso-bookmark: OLE_LINK5;\"><span style=\"mso-bookmark: OLE_LINK6;\"><strong><span style=\"font-family: Verdana; color: navy; font-size: 10pt; mso-bidi-font-size: 12.0pt; mso-bidi-font-weight: normal;\">\u00a0<\/span><\/strong><\/span><\/span><\/span><\/span><\/p>\n<p class=\"newstitle\" style=\"text-align: justify; margin: 0cm 0cm 0pt; tab-stops: 45.8pt 91.6pt 137.4pt 183.2pt 229.0pt 274.8pt 320.6pt 366.4pt 412.2pt 458.0pt 503.8pt 549.6pt 595.4pt 641.2pt 687.0pt 732.8pt;\"><span style=\"mso-bookmark: OLE_LINK3;\"><span style=\"mso-bookmark: OLE_LINK4;\"><span style=\"mso-bookmark: OLE_LINK5;\"><span style=\"mso-bookmark: OLE_LINK6;\"><span style=\"font-family: Verdana; color: navy; font-size: 10pt;\">Per ragioni di tutela della <em><span style=\"font-family: Verdana; mso-bidi-font-style: normal;\">privacy<\/span><\/em>, i nomi delle parti sono stati oscurati.<\/span><\/span><\/span><\/span><\/span><\/p>\n<p class=\"MsoNormal\" style=\"margin: 0cm 0cm 0pt;\"><span style=\"mso-bookmark: OLE_LINK3;\"><span style=\"mso-bookmark: OLE_LINK4;\"><span style=\"mso-bookmark: OLE_LINK5;\"><span style=\"mso-bookmark: OLE_LINK6;\"><strong><span style=\"font-family: Verdana; color: red; font-size: 10pt; mso-bidi-font-weight: normal;\">\u00a0<\/span><\/strong><\/span><\/span><\/span><\/span><\/p>\n<p class=\"MsoNormal\" style=\"margin: 0cm 0cm 0pt;\"><span style=\"mso-bookmark: OLE_LINK3;\"><span style=\"mso-bookmark: OLE_LINK4;\"><span style=\"mso-bookmark: OLE_LINK5;\"><span style=\"mso-bookmark: OLE_LINK6;\"><strong><span style=\"font-family: Verdana; color: red; font-size: 10pt; mso-bidi-font-weight: normal;\">\u00a0<\/span><\/strong><\/span><\/span><\/span><\/span><\/p>\n<p class=\"MsoNormal\" style=\"margin: 0cm 0cm 0pt;\"><span style=\"mso-bookmark: OLE_LINK3;\"><span style=\"mso-bookmark: OLE_LINK4;\"><span style=\"mso-bookmark: OLE_LINK5;\"><span style=\"mso-bookmark: OLE_LINK6;\"><strong><span style=\"font-family: Verdana; color: red; font-size: 10pt; mso-bidi-font-weight: normal;\">2. MODALITA\u2019 OPERATIVE PCT SEZ. FALLIMENTARE <\/span><\/strong><\/span><\/span><\/span><\/span><\/p>\n<p style=\"text-align: justify; margin: 0cm 0cm 0pt;\"><span style=\"mso-bookmark: OLE_LINK3;\"><span style=\"mso-bookmark: OLE_LINK4;\"><span style=\"mso-bookmark: OLE_LINK5;\"><span style=\"mso-bookmark: OLE_LINK6;\"><span style=\"font-family: Verdana; color: navy; font-size: 10pt;\">Si trasmette in allegato la circolare 28.10.14 con la quale i giudici della sezione fallimentare hanno indicato le modalit\u00e0 di deposito telematico degli atti, unitamente al decreto di autorizzazione all\u2019attivazione della trasmissione di documenti informatici (cd Processo civile telematico) presso il Tribunale di Pescara per fallimenti e procedure prefallimentari.<\/span><\/span><\/span><\/span><\/span><\/p>\n<p style=\"text-align: justify; margin: 0cm 0cm 0pt;\"><span style=\"mso-bookmark: OLE_LINK3;\"><span style=\"mso-bookmark: OLE_LINK4;\"><span style=\"mso-bookmark: OLE_LINK5;\"><span style=\"mso-bookmark: OLE_LINK6;\"><span style=\"font-family: Verdana; color: navy; font-size: 10pt;\">Al riguardo si segnala che tale decreto non prevede, tra gli atti autorizzati, il ricorso per dichiarazione di fallimento (tra gli atti introduttivi viene indicata, anche se impropriamente, la sola comparsa di risposta).<\/span><\/span><\/span><\/span><\/span><\/p>\n<p style=\"text-align: justify; margin: 0cm 0cm 0pt;\"><span style=\"mso-bookmark: OLE_LINK3;\"><span style=\"mso-bookmark: OLE_LINK4;\"><span style=\"mso-bookmark: OLE_LINK5;\"><span style=\"mso-bookmark: OLE_LINK6;\"><span style=\"font-family: Verdana; color: navy; font-size: 10pt;\">Bench\u00e9 l&#8217;orientamento espresso nella citata circolare \u00e8 nel senso di ritenere validamente depositato il ricorso in forma telematica, \u00e8 opportuno evidenziare che si registrano orientamenti contrastanti in giurisprudenza in merito all&#8217;ammissibilit\u00e0 (e validit\u00e0) del deposito telematico di atti introduttivi (non indicati dalla legge tra gli atti depositabili telematicamente) in difetto del decreto autorizzativo (cfr. allegato).<\/span><\/span><\/span><\/span><\/span><\/p>\n<p style=\"text-align: justify; margin: 0cm 0cm 0pt;\"><span style=\"mso-bookmark: OLE_LINK3;\"><span style=\"mso-bookmark: OLE_LINK4;\"><span style=\"mso-bookmark: OLE_LINK5;\"><span style=\"mso-bookmark: OLE_LINK6;\"><em style=\"mso-bidi-font-style: normal;\"><span style=\"font-family: Verdana; color: navy; font-size: 10pt;\">ALLEGATI: Circolare 28.10.14 (<a href=\"http:\/\/www.ordineavvocatipescara.it\/wp-content\/uploads\/2014\/11\/circolare-fallimentare-28.10.pdf\">CLICCA QUI<\/a><\/span><\/em><\/span><\/span><\/span><\/span><span style=\"mso-bookmark: OLE_LINK3;\"><span style=\"mso-bookmark: OLE_LINK4;\"><span style=\"mso-bookmark: OLE_LINK5;\"><span style=\"mso-bookmark: OLE_LINK6;\"><span style=\"font-family: Verdana; color: navy; font-size: 10pt;\"><em style=\"mso-bidi-font-style: normal;\">); Decreto autorizzazione PCT (<a href=\"http:\/\/www.ordineavvocatipescara.it\/wp-content\/uploads\/2014\/11\/DECRETO-PCT-FALLIMENTARE.pdf\">CLICCA QUI<\/a><\/em><em style=\"mso-bidi-font-style: normal;\">); Raccolta giurisprudenza (<a href=\"http:\/\/www.ordineavvocatipescara.it\/wp-content\/uploads\/2014\/11\/Buffone-raccolta-di-decisioni-su-ammissibilita-atti-introduttivi-PCT.pdf\">CLICCA QUI<\/a><\/em><em style=\"mso-bidi-font-style: normal;\">)<\/em><\/span><\/span><\/span><\/span><\/span><\/p>\n<p class=\"MsoNormal\" style=\"margin: 0cm 0cm 0pt; mso-layout-grid-align: none;\"><span style=\"mso-bookmark: OLE_LINK3;\"><span style=\"mso-bookmark: OLE_LINK4;\"><span style=\"mso-bookmark: OLE_LINK5;\"><span style=\"mso-bookmark: OLE_LINK6;\"><strong><span style=\"font-family: Verdana; color: red; font-size: 10pt; mso-bidi-font-family: 'Verdana,Bold';\">\u00a0<\/span><\/strong><\/span><\/span><\/span><\/span><\/p>\n<p class=\"MsoNormal\" style=\"margin: 0cm 0cm 0pt; mso-layout-grid-align: none;\"><span style=\"mso-bookmark: OLE_LINK3;\"><span style=\"mso-bookmark: OLE_LINK4;\"><span style=\"mso-bookmark: OLE_LINK5;\"><span style=\"mso-bookmark: OLE_LINK6;\"><strong><span style=\"font-family: Verdana; color: red; font-size: 10pt; mso-bidi-font-family: 'Verdana,Bold';\">\u00a0<\/span><\/strong><\/span><\/span><\/span><\/span><\/p>\n<p class=\"MsoNormal\" style=\"margin: 0cm 0cm 0pt; mso-layout-grid-align: none;\"><span style=\"mso-bookmark: OLE_LINK3;\"><span style=\"mso-bookmark: OLE_LINK4;\"><span style=\"mso-bookmark: OLE_LINK5;\"><span style=\"mso-bookmark: OLE_LINK6;\"><strong><span style=\"font-family: Verdana; color: red; font-size: 10pt; mso-bidi-font-family: 'Verdana,Bold';\">3. CANCELLERIA CIVILE GDP \u2013 INSTALLAZIONE KIT ELIMINA-CODE<\/span><\/strong><\/span><\/span><\/span><\/span><\/p>\n<p class=\"MsoNormal\" style=\"margin: 0cm 0cm 0pt; mso-layout-grid-align: none;\"><span style=\"mso-bookmark: OLE_LINK3;\"><span style=\"mso-bookmark: OLE_LINK4;\"><span style=\"mso-bookmark: OLE_LINK5;\"><span style=\"mso-bookmark: OLE_LINK6;\"><strong><span style=\"font-family: Verdana; color: navy; font-size: 10pt; font-weight: normal; mso-bidi-font-family: 'Verdana,Bold'; mso-bidi-font-weight: bold;\">Si informano gli iscritti che il COA, nella seduta del 16.10.14, a seguito di numerose segnalazioni circa i disagi connessi alla modalit\u00e0 di accesso allo sportello di Cancelleria Civile del Giudice di Pace di Pescara, ha deliberato di acquistare un dispositivo elimina-code e di richiedere l\u2019apertura del predetto sportello sino alle ore 12.00.<\/span><\/strong><\/span><\/span><\/span><\/span><\/p>\n<p class=\"MsoNormal\" style=\"margin: 0cm 0cm 0pt; mso-layout-grid-align: none;\"><span style=\"mso-bookmark: OLE_LINK3;\"><span style=\"mso-bookmark: OLE_LINK4;\"><span style=\"mso-bookmark: OLE_LINK5;\"><span style=\"mso-bookmark: OLE_LINK6;\"><strong><span style=\"font-family: Verdana; color: navy; font-size: 10pt; font-weight: normal; mso-bidi-font-family: 'Verdana,Bold'; mso-bidi-font-weight: bold;\">Si trasmette in allegato la nota 23.10.14 inviata al Giudice di Pace Coordinatore, unitamente al riscontro ricevuto in data 11.11.14 con il quale si autorizza l\u2019installazione del dispositivo. <\/span><\/strong><\/span><\/span><\/span><\/span><\/p>\n<p class=\"MsoNormal\" style=\"margin: 0cm 0cm 0pt; mso-layout-grid-align: none;\"><span style=\"mso-bookmark: OLE_LINK3;\"><span style=\"mso-bookmark: OLE_LINK4;\"><span style=\"mso-bookmark: OLE_LINK5;\"><span style=\"mso-bookmark: OLE_LINK6;\"><strong><span style=\"font-family: Verdana; color: navy; font-size: 10pt; font-weight: normal; mso-bidi-font-family: 'Verdana,Bold'; mso-bidi-font-weight: bold;\">(<a href=\"http:\/\/www.ordineavvocatipescara.it\/wp-content\/uploads\/2014\/11\/GDP-ELIMINACODE.pdf\">clicca qui<\/a>)<\/span><\/strong><\/span><\/span><\/span><\/span><\/p>\n<p class=\"MsoNormal\" style=\"margin: 0cm 0cm 0pt; mso-layout-grid-align: none;\"><span style=\"mso-bookmark: OLE_LINK3;\"><span style=\"mso-bookmark: OLE_LINK4;\"><span style=\"mso-bookmark: OLE_LINK5;\"><span style=\"mso-bookmark: OLE_LINK6;\"><strong><span style=\"font-family: Verdana; color: red; font-size: 10pt; mso-bidi-font-family: 'Verdana,Bold';\">\u00a0<\/span><\/strong><\/span><\/span><\/span><\/span><\/p>\n","protected":false},"excerpt":{"rendered":"<p>\u00a0 Lettera informativa n. 158\/14 del 24.11.2014 \u00a0 \u00a0 1.CORTE D\u2019APPELLO L\u2019AQUILA \u2013 RUOLI UDIENZA 25 NOVEMBRE 2014 Con riferimento all\u2019udienza in oggetto, si trasmettono i seguenti documenti: \u00a0 25 novembre 2014: \u00a0\u00a0\u00a0\u00a0\u00a0\u00a0\u00a0\u00a0\u00a0\u00a0\u00a0 &#8211; fasce orarie 25.11.14 (clicca qui) \u00a0\u00a0\u00a0\u00a0\u00a0\u00a0\u00a0\u00a0\u00a0\u00a0\u00a0 &#8211; rinvii 25.11.14 (clicca qui) \u00a0\u00a0\u00a0\u00a0\u00a0\u00a0\u00a0\u00a0\u00a0\u00a0\u00a0 &#8211; ruolo v.g. 25.11.14 (clicca qui) \u00a0\u00a0\u00a0\u00a0\u00a0\u00a0\u00a0\u00a0\u00a0\u00a0\u00a0 &#8211; ruoli [&hellip;]<\/p>\n","protected":false},"author":3,"featured_media":0,"parent":0,"menu_order":0,"comment_status":"closed","ping_status":"closed","template":"","meta":[],"_links":{"self":[{"href":"https:\/\/www.ordineavvocatipescara.it\/index.php\/wp-json\/wp\/v2\/pages\/6988"}],"collection":[{"href":"https:\/\/www.ordineavvocatipescara.it\/index.php\/wp-json\/wp\/v2\/pages"}],"about":[{"href":"https:\/\/www.ordineavvocatipescara.it\/index.php\/wp-json\/wp\/v2\/types\/page"}],"author":[{"embeddable":true,"href":"https:\/\/www.ordineavvocatipescara.it\/index.php\/wp-json\/wp\/v2\/users\/3"}],"replies":[{"embeddable":true,"href":"https:\/\/www.ordineavvocatipescara.it\/index.php\/wp-json\/wp\/v2\/comments?post=6988"}],"version-history":[{"count":1,"href":"https:\/\/www.ordineavvocatipescara.it\/index.php\/wp-json\/wp\/v2\/pages\/6988\/revisions"}],"predecessor-version":[{"id":6997,"href":"https:\/\/www.ordineavvocatipescara.it\/index.php\/wp-json\/wp\/v2\/pages\/6988\/revisions\/6997"}],"wp:attachment":[{"href":"https:\/\/www.ordineavvocatipescara.it\/index.php\/wp-json\/wp\/v2\/media?parent=6988"}],"curies":[{"name":"wp","href":"https:\/\/api.w.org\/{rel}","templated":true}]}}