{"id":7080,"date":"2014-12-12T14:43:34","date_gmt":"2014-12-12T13:43:34","guid":{"rendered":"http:\/\/www.ordineavvocatipescara.it\/?page_id=7080"},"modified":"2014-12-12T14:47:11","modified_gmt":"2014-12-12T13:47:11","slug":"informativa-17114-ruoli-corte-sportello-unep-parere-coa","status":"publish","type":"page","link":"https:\/\/www.ordineavvocatipescara.it\/index.php\/informativa-17114-ruoli-corte-sportello-unep-parere-coa\/","title":{"rendered":"Informativa 171\/14 (RUOLI CORTE &#8211; SPORTELLO ATTI PIGNORAMENTO &#8211; PARERE COA)"},"content":{"rendered":"<p class=\"MsoNormal\" style=\"margin: 0cm 0cm 0pt;\"><a name=\"OLE_LINK14\"><\/a><a name=\"OLE_LINK11\"><\/a><a name=\"OLE_LINK6\"><\/a><a name=\"OLE_LINK5\"><\/a><a name=\"OLE_LINK4\"><\/a><a name=\"OLE_LINK3\"><\/a><span style=\"mso-bookmark: OLE_LINK4;\"><span style=\"mso-bookmark: OLE_LINK5;\"><span style=\"mso-bookmark: OLE_LINK6;\"><span style=\"mso-bookmark: OLE_LINK11;\"><span style=\"mso-bookmark: OLE_LINK14;\"><strong style=\"mso-bidi-font-weight: normal;\"><span style=\"font-family: Verdana; color: navy; font-size: 10pt;\">\u00a0<\/span><\/strong><\/span><\/span><\/span><\/span><\/span><\/p>\n<p class=\"MsoNormal\" style=\"margin: 0cm 0cm 0pt;\"><span style=\"mso-bookmark: OLE_LINK3;\"><span style=\"mso-bookmark: OLE_LINK4;\"><span style=\"mso-bookmark: OLE_LINK5;\"><span style=\"mso-bookmark: OLE_LINK6;\"><span style=\"mso-bookmark: OLE_LINK11;\"><span style=\"mso-bookmark: OLE_LINK14;\"><strong><span style=\"font-family: Verdana; color: navy; font-size: 10pt; mso-bidi-font-weight: normal;\">Lettera informativa n. 171\/14 del 12.12.2014<\/span><\/strong><\/span><\/span><\/span><\/span><\/span><\/span><\/p>\n<p class=\"MsoNormal\" style=\"margin: 0cm 0cm 0pt;\"><span style=\"mso-bookmark: OLE_LINK3;\"><span style=\"mso-bookmark: OLE_LINK4;\"><span style=\"mso-bookmark: OLE_LINK5;\"><span style=\"mso-bookmark: OLE_LINK6;\"><span style=\"mso-bookmark: OLE_LINK11;\"><span style=\"mso-bookmark: OLE_LINK14;\"><span style=\"color: black;\"><span style=\"font-size: small;\"><span style=\"font-family: Times New Roman;\">\u00a0<\/span><\/span><\/span><\/span><\/span><\/span><\/span><\/span><\/span><\/p>\n<p class=\"MsoNormal\" style=\"margin: 0cm 0cm 0pt;\"><span style=\"mso-bookmark: OLE_LINK3;\"><span style=\"mso-bookmark: OLE_LINK4;\"><span style=\"mso-bookmark: OLE_LINK5;\"><span style=\"mso-bookmark: OLE_LINK6;\"><span style=\"mso-bookmark: OLE_LINK11;\"><span style=\"mso-bookmark: OLE_LINK14;\"><strong><span style=\"font-family: Verdana; color: red; font-size: 10pt; mso-bidi-font-weight: normal;\">\u00a0<\/span><\/strong><\/span><\/span><\/span><\/span><\/span><\/span><\/p>\n<p class=\"MsoNormal\" style=\"margin: 0cm 0cm 0pt;\"><span style=\"mso-bookmark: OLE_LINK3;\"><span style=\"mso-bookmark: OLE_LINK4;\"><span style=\"mso-bookmark: OLE_LINK5;\"><span style=\"mso-bookmark: OLE_LINK6;\"><span style=\"mso-bookmark: OLE_LINK11;\"><span style=\"mso-bookmark: OLE_LINK14;\"><strong><span style=\"font-family: Verdana; color: red; font-size: 10pt; mso-bidi-font-weight: normal;\">\u00a0<\/span><\/strong><\/span><\/span><\/span><\/span><\/span><\/span><\/p>\n<p class=\"MsoNormal\" style=\"margin: 0cm 0cm 0pt;\"><span style=\"mso-bookmark: OLE_LINK3;\"><span style=\"mso-bookmark: OLE_LINK4;\"><span style=\"mso-bookmark: OLE_LINK5;\"><span style=\"mso-bookmark: OLE_LINK6;\"><span style=\"mso-bookmark: OLE_LINK11;\"><span style=\"mso-bookmark: OLE_LINK14;\"><strong><span style=\"font-family: Verdana; color: red; font-size: 10pt; mso-bidi-font-weight: normal;\">1.CORTE D\u2019APPELLO L\u2019AQUILA \u2013 RUOLI UDIENZA 16 DICEMBRE 2014<\/span><\/strong><\/span><\/span><\/span><\/span><\/span><\/span><\/p>\n<p class=\"newstitle\" style=\"text-align: justify; margin: 0cm 0cm 0pt; tab-stops: 45.8pt 91.6pt 137.4pt 183.2pt 229.0pt 274.8pt 320.6pt 366.4pt 412.2pt 458.0pt 503.8pt 549.6pt 595.4pt 641.2pt 687.0pt 732.8pt;\"><span style=\"mso-bookmark: OLE_LINK3;\"><span style=\"mso-bookmark: OLE_LINK4;\"><span style=\"mso-bookmark: OLE_LINK5;\"><span style=\"mso-bookmark: OLE_LINK6;\"><span style=\"mso-bookmark: OLE_LINK11;\"><span style=\"mso-bookmark: OLE_LINK14;\"><span style=\"font-family: Verdana; color: navy; font-size: 10pt; mso-bidi-font-size: 12.0pt;\">Con riferimento all\u2019udienza in oggetto, si trasmettono i seguenti documenti:<\/span><\/span><\/span><\/span><\/span><\/span><\/span><\/p>\n<p class=\"newstitle\" style=\"text-align: justify; margin: 0cm 0cm 0pt; tab-stops: 45.8pt 91.6pt 137.4pt 183.2pt 229.0pt 274.8pt 320.6pt 366.4pt 412.2pt 458.0pt 503.8pt 549.6pt 595.4pt 641.2pt 687.0pt 732.8pt;\"><span style=\"mso-bookmark: OLE_LINK3;\"><span style=\"mso-bookmark: OLE_LINK4;\"><span style=\"mso-bookmark: OLE_LINK5;\"><span style=\"mso-bookmark: OLE_LINK6;\"><span style=\"mso-bookmark: OLE_LINK11;\"><span style=\"mso-bookmark: OLE_LINK14;\"><strong><span style=\"font-family: Verdana; color: navy; font-size: 10pt; mso-bidi-font-size: 12.0pt; mso-bidi-font-weight: normal;\">\u00a0<\/span><\/strong><\/span><\/span><\/span><\/span><\/span><\/span><\/p>\n<p class=\"newstitle\" style=\"text-align: justify; margin: 0cm 0cm 0pt; tab-stops: 45.8pt 91.6pt 137.4pt 183.2pt 229.0pt 274.8pt 320.6pt 366.4pt 412.2pt 458.0pt 503.8pt 549.6pt 595.4pt 641.2pt 687.0pt 732.8pt;\"><span style=\"mso-bookmark: OLE_LINK3;\"><span style=\"mso-bookmark: OLE_LINK4;\"><span style=\"mso-bookmark: OLE_LINK5;\"><span style=\"mso-bookmark: OLE_LINK6;\"><span style=\"mso-bookmark: OLE_LINK11;\"><span style=\"mso-bookmark: OLE_LINK14;\"><strong><span style=\"font-family: Verdana; color: navy; font-size: 10pt; mso-bidi-font-size: 12.0pt; mso-bidi-font-weight: normal;\">16 dicembre 2014:<\/span><\/strong><\/span><\/span><\/span><\/span><\/span><\/span><\/p>\n<p class=\"newstitle\" style=\"text-align: justify; margin: 0cm 0cm 0pt; tab-stops: 45.8pt 91.6pt 137.4pt 183.2pt 229.0pt 274.8pt 320.6pt 366.4pt 412.2pt 458.0pt 503.8pt 549.6pt 595.4pt 641.2pt 687.0pt 732.8pt;\"><span style=\"mso-bookmark: OLE_LINK3;\"><span style=\"mso-bookmark: OLE_LINK4;\"><span style=\"mso-bookmark: OLE_LINK5;\"><span style=\"mso-bookmark: OLE_LINK6;\"><span style=\"mso-bookmark: OLE_LINK11;\"><span style=\"mso-bookmark: OLE_LINK14;\"><span style=\"font-family: Verdana; color: navy; font-size: 10pt; mso-bidi-font-size: 12.0pt;\"><span style=\"mso-tab-count: 1;\">\u00a0\u00a0\u00a0\u00a0\u00a0\u00a0\u00a0\u00a0\u00a0\u00a0\u00a0 <\/span><em><span style=\"font-style: normal; font-family: Verdana;\">&#8211; fasce orarie 16.12.14 (<a href=\"http:\/\/www.ordineavvocatipescara.it\/wp-content\/uploads\/2014\/12\/fasce-orarie-16.12.pdf\">clicca qui<\/a>)<\/span><\/em><\/span><\/span><\/span><\/span><\/span><\/span><\/span><\/p>\n<p class=\"newstitle\" style=\"text-align: justify; margin: 0cm 0cm 0pt; tab-stops: 45.8pt 91.6pt 137.4pt 183.2pt 229.0pt 274.8pt 320.6pt 366.4pt 412.2pt 458.0pt 503.8pt 549.6pt 595.4pt 641.2pt 687.0pt 732.8pt;\"><span style=\"mso-bookmark: OLE_LINK3;\"><span style=\"mso-bookmark: OLE_LINK4;\"><span style=\"mso-bookmark: OLE_LINK5;\"><span style=\"mso-bookmark: OLE_LINK6;\"><span style=\"mso-bookmark: OLE_LINK11;\"><span style=\"mso-bookmark: OLE_LINK14;\"><em><span style=\"font-style: normal; font-family: Verdana; color: navy; font-size: 10pt; mso-bidi-font-size: 12.0pt;\"><span style=\"mso-tab-count: 1;\">\u00a0\u00a0\u00a0\u00a0\u00a0\u00a0\u00a0\u00a0\u00a0\u00a0\u00a0 <\/span>&#8211; rinvii 16.12.14 (<a href=\"http:\/\/www.ordineavvocatipescara.it\/wp-content\/uploads\/2014\/12\/rinvii-16.12.pdf\">clicca qui<\/a>)<\/span><\/em><\/span><\/span><\/span><\/span><\/span><\/span><\/p>\n<p class=\"newstitle\" style=\"text-align: justify; margin: 0cm 0cm 0pt; tab-stops: 45.8pt 91.6pt 137.4pt 183.2pt 229.0pt 274.8pt 320.6pt 366.4pt 412.2pt 458.0pt 503.8pt 549.6pt 595.4pt 641.2pt 687.0pt 732.8pt;\"><span style=\"mso-bookmark: OLE_LINK3;\"><span style=\"mso-bookmark: OLE_LINK4;\"><span style=\"mso-bookmark: OLE_LINK5;\"><span style=\"mso-bookmark: OLE_LINK6;\"><span style=\"mso-bookmark: OLE_LINK11;\"><span style=\"mso-bookmark: OLE_LINK14;\"><strong><span style=\"font-family: Verdana; color: navy; font-size: 10pt; mso-bidi-font-size: 12.0pt; mso-bidi-font-weight: normal;\">\u00a0<\/span><\/strong><\/span><\/span><\/span><\/span><\/span><\/span><span style=\"mso-bookmark: OLE_LINK3;\"><span style=\"mso-bookmark: OLE_LINK4;\"><span style=\"mso-bookmark: OLE_LINK5;\"><span style=\"mso-bookmark: OLE_LINK6;\"><span style=\"mso-bookmark: OLE_LINK11;\"><span style=\"mso-bookmark: OLE_LINK14;\"><em><span style=\"font-family: Verdana; color: navy; font-size: 10pt; mso-bidi-font-size: 12.0pt; mso-bidi-font-style: normal;\"><span style=\"mso-tab-count: 1;\">\u00a0\u00a0\u00a0\u00a0\u00a0\u00a0\u00a0\u00a0\u00a0\u00a0 <\/span>&#8211; <\/span><\/em><\/span><\/span><\/span><\/span><\/span><\/span><span style=\"mso-bookmark: OLE_LINK3;\"><span style=\"mso-bookmark: OLE_LINK4;\"><span style=\"mso-bookmark: OLE_LINK5;\"><span style=\"mso-bookmark: OLE_LINK6;\"><span style=\"mso-bookmark: OLE_LINK11;\"><span style=\"mso-bookmark: OLE_LINK14;\"><span style=\"font-family: Verdana; color: navy; font-size: 10pt; mso-bidi-font-size: 12.0pt;\">ruoli 16.12.14 <em><span style=\"font-family: Verdana; mso-bidi-font-style: normal;\">(<a href=\"http:\/\/www.ordineavvocatipescara.it\/wp-content\/uploads\/2014\/12\/r-16.12.pdf\">clicca qui<\/a><\/span><\/em><\/span><\/span><\/span><\/span><\/span><\/span><\/span><span style=\"mso-bookmark: OLE_LINK3;\"><span style=\"mso-bookmark: OLE_LINK4;\"><span style=\"mso-bookmark: OLE_LINK5;\"><span style=\"mso-bookmark: OLE_LINK6;\"><span style=\"mso-bookmark: OLE_LINK11;\"><span style=\"mso-bookmark: OLE_LINK14;\"><em><span style=\"font-family: Verdana; color: navy; font-size: 10pt; mso-bidi-font-size: 12.0pt; mso-bidi-font-style: normal;\">)<\/span><\/em><\/span><\/span><\/span><\/span><\/span><\/span><\/p>\n<p class=\"newstitle\" style=\"text-align: justify; margin: 0cm 0cm 0pt; tab-stops: 45.8pt 91.6pt 137.4pt 183.2pt 229.0pt 274.8pt 320.6pt 366.4pt 412.2pt 458.0pt 503.8pt 549.6pt 595.4pt 641.2pt 687.0pt 732.8pt;\"><span style=\"mso-bookmark: OLE_LINK3;\"><span style=\"mso-bookmark: OLE_LINK4;\"><span style=\"mso-bookmark: OLE_LINK5;\"><span style=\"mso-bookmark: OLE_LINK6;\"><span style=\"mso-bookmark: OLE_LINK11;\"><span style=\"mso-bookmark: OLE_LINK14;\"><span style=\"font-family: Verdana; color: black; font-size: 9pt;\">\u00a0<\/span><\/span><\/span><\/span><\/span><\/span><\/span><\/p>\n<p class=\"newstitle\" style=\"text-align: justify; margin: 0cm 0cm 0pt; tab-stops: 45.8pt 91.6pt 137.4pt 183.2pt 229.0pt 274.8pt 320.6pt 366.4pt 412.2pt 458.0pt 503.8pt 549.6pt 595.4pt 641.2pt 687.0pt 732.8pt;\"><span style=\"mso-bookmark: OLE_LINK3;\"><span style=\"mso-bookmark: OLE_LINK4;\"><span style=\"mso-bookmark: OLE_LINK5;\"><span style=\"mso-bookmark: OLE_LINK6;\"><span style=\"mso-bookmark: OLE_LINK11;\"><span style=\"mso-bookmark: OLE_LINK14;\"><span style=\"font-family: Verdana; color: navy; font-size: 10pt;\">Per ragioni di tutela della <em><span style=\"font-family: Verdana; mso-bidi-font-style: normal;\">privacy<\/span><\/em>, i nomi delle parti sono stati oscurati.<\/span><\/span><\/span><\/span><\/span><\/span><\/span><\/p>\n<p class=\"newstitle\" style=\"text-align: justify; margin: 0cm 0cm 0pt; tab-stops: 45.8pt 91.6pt 137.4pt 183.2pt 229.0pt 274.8pt 320.6pt 366.4pt 412.2pt 458.0pt 503.8pt 549.6pt 595.4pt 641.2pt 687.0pt 732.8pt;\"><span style=\"mso-bookmark: OLE_LINK3;\"><span style=\"mso-bookmark: OLE_LINK4;\"><span style=\"mso-bookmark: OLE_LINK5;\"><span style=\"mso-bookmark: OLE_LINK6;\"><span style=\"mso-bookmark: OLE_LINK11;\"><span style=\"mso-bookmark: OLE_LINK14;\"><span style=\"font-family: Verdana; color: navy; font-size: 10pt;\">\u00a0<\/span><\/span><\/span><\/span><\/span><\/span><\/span><\/p>\n<p class=\"newstitle\" style=\"text-align: justify; margin: 0cm 0cm 0pt; tab-stops: 45.8pt 91.6pt 137.4pt 183.2pt 229.0pt 274.8pt 320.6pt 366.4pt 412.2pt 458.0pt 503.8pt 549.6pt 595.4pt 641.2pt 687.0pt 732.8pt;\"><span style=\"mso-bookmark: OLE_LINK3;\"><span style=\"mso-bookmark: OLE_LINK4;\"><span style=\"mso-bookmark: OLE_LINK5;\"><span style=\"mso-bookmark: OLE_LINK6;\"><span style=\"mso-bookmark: OLE_LINK11;\"><span style=\"mso-bookmark: OLE_LINK14;\"><strong style=\"mso-bidi-font-weight: normal;\"><span style=\"font-family: Verdana; color: red; font-size: 10pt;\">2. TRIBUNALE PESCARA \u2013 ORARI SPORTELLO RICONSEGNA ATTI DI PIGNORAMENTO<\/span><\/strong><\/span><\/span><\/span><\/span><\/span><\/span><\/p>\n<p class=\"newstitle\" style=\"text-align: justify; margin: 0cm 0cm 0pt; tab-stops: 45.8pt 91.6pt 137.4pt 183.2pt 229.0pt 274.8pt 320.6pt 366.4pt 412.2pt 458.0pt 503.8pt 549.6pt 595.4pt 641.2pt 687.0pt 732.8pt;\"><span style=\"mso-bookmark: OLE_LINK3;\"><span style=\"mso-bookmark: OLE_LINK4;\"><span style=\"mso-bookmark: OLE_LINK5;\"><span style=\"mso-bookmark: OLE_LINK6;\"><span style=\"mso-bookmark: OLE_LINK11;\"><span style=\"mso-bookmark: OLE_LINK14;\"><span style=\"font-family: Verdana; color: navy; font-size: 10pt;\">Si informano gli iscritti che il funzionario dirigente UNEP ha inviato l\u2019allegata comunicazione in merito alle modalit\u00e0 di riconsegna degli atti di pignoramento preso l\u2019apposito sportello, che osserver\u00e0 il seguente orario di apertura al pubblico: dal luned\u00ec al venerd\u00ec, ore 9.30-10.30. (<a href=\"http:\/\/www.ordineavvocatipescara.it\/wp-content\/uploads\/2014\/12\/nota-unep-12.12.pdf\">clicca qui<\/a>)<\/span><\/span><\/span><\/span><\/span><\/span><\/span><\/p>\n<p class=\"newstitle\" style=\"text-align: justify; margin: 0cm 0cm 0pt; tab-stops: 45.8pt 91.6pt 137.4pt 183.2pt 229.0pt 274.8pt 320.6pt 366.4pt 412.2pt 458.0pt 503.8pt 549.6pt 595.4pt 641.2pt 687.0pt 732.8pt;\"><span style=\"mso-bookmark: OLE_LINK3;\"><span style=\"mso-bookmark: OLE_LINK4;\"><span style=\"mso-bookmark: OLE_LINK5;\"><span style=\"mso-bookmark: OLE_LINK6;\"><span style=\"mso-bookmark: OLE_LINK11;\"><span style=\"mso-bookmark: OLE_LINK14;\"><span style=\"font-family: Verdana; color: navy; font-size: 10pt;\">\u00a0<\/span><\/span><\/span><\/span><\/span><\/span><\/span><\/p>\n<p class=\"newstitle\" style=\"text-align: justify; margin: 0cm 0cm 0pt; tab-stops: 45.8pt 91.6pt 137.4pt 183.2pt 229.0pt 274.8pt 320.6pt 366.4pt 412.2pt 458.0pt 503.8pt 549.6pt 595.4pt 641.2pt 687.0pt 732.8pt;\"><span style=\"mso-bookmark: OLE_LINK3;\"><span style=\"mso-bookmark: OLE_LINK4;\"><span style=\"mso-bookmark: OLE_LINK5;\"><span style=\"mso-bookmark: OLE_LINK6;\"><span style=\"mso-bookmark: OLE_LINK11;\"><span style=\"mso-bookmark: OLE_LINK14;\"><span style=\"font-family: Verdana; color: navy; font-size: 10pt;\">\u00a0<\/span><\/span><\/span><\/span><\/span><\/span><\/span><\/p>\n<p class=\"newstitle\" style=\"text-align: justify; margin: 0cm 0cm 0pt; tab-stops: 45.8pt 91.6pt 137.4pt 183.2pt 229.0pt 274.8pt 320.6pt 366.4pt 412.2pt 458.0pt 503.8pt 549.6pt 595.4pt 641.2pt 687.0pt 732.8pt;\"><span style=\"mso-bookmark: OLE_LINK3;\"><span style=\"mso-bookmark: OLE_LINK4;\"><span style=\"mso-bookmark: OLE_LINK5;\"><span style=\"mso-bookmark: OLE_LINK6;\"><span style=\"mso-bookmark: OLE_LINK11;\"><span style=\"mso-bookmark: OLE_LINK14;\"><strong style=\"mso-bidi-font-weight: normal;\"><span style=\"font-family: Verdana; color: red; font-size: 10pt;\">3. PARERE COA 11.12.14 \u2013 PATROCINIO A SPESE DELLO STATO \u2013 RECUPERO DELLE SPESE<\/span><\/strong><\/span><\/span><\/span><\/span><\/span><\/span><\/p>\n<p class=\"newstitle\" style=\"text-align: justify; margin: 0cm 0cm 0pt; tab-stops: 45.8pt 91.6pt 137.4pt 183.2pt 229.0pt 274.8pt 320.6pt 366.4pt 412.2pt 458.0pt 503.8pt 549.6pt 595.4pt 641.2pt 687.0pt 732.8pt;\"><span style=\"mso-bookmark: OLE_LINK3;\"><span style=\"mso-bookmark: OLE_LINK4;\"><span style=\"mso-bookmark: OLE_LINK5;\"><span style=\"mso-bookmark: OLE_LINK6;\"><span style=\"mso-bookmark: OLE_LINK11;\"><span style=\"mso-bookmark: OLE_LINK14;\"><span style=\"font-family: Verdana; color: navy; font-size: 10pt;\">Si trasmette in allegato il parere reso dal COA nella seduta del 11.12.14, in merito all\u2019eventuale recupero da parte dello Stato degli onorari liquidati al difensore della parte ammessa al gratuito patrocinio, in ipotesi di giudizio conclusosi con compensazione delle spese. (<a href=\"http:\/\/www.ordineavvocatipescara.it\/wp-content\/uploads\/2014\/12\/PARERE-COA-11.12.14.pdf\">clicca qui<\/a>)<\/span><\/span><\/span><\/span><\/span><\/span><\/span><\/p>\n<p class=\"newstitle\" style=\"text-align: justify; margin: 0cm 0cm 0pt; tab-stops: 45.8pt 91.6pt 137.4pt 183.2pt 229.0pt 274.8pt 320.6pt 366.4pt 412.2pt 458.0pt 503.8pt 549.6pt 595.4pt 641.2pt 687.0pt 732.8pt;\"><span style=\"mso-bookmark: OLE_LINK3;\"><span style=\"mso-bookmark: OLE_LINK4;\"><span style=\"mso-bookmark: OLE_LINK5;\"><span style=\"mso-bookmark: OLE_LINK6;\"><span style=\"mso-bookmark: OLE_LINK11;\"><span style=\"mso-bookmark: OLE_LINK14;\"><span style=\"font-family: Verdana; color: navy; font-size: 10pt;\">\u00a0<\/span><\/span><\/span><\/span><\/span><\/span><\/span><\/p>\n<p class=\"MsoNormal\" style=\"margin: 0cm 0cm 0pt;\"><span style=\"mso-bookmark: OLE_LINK3;\"><span style=\"mso-bookmark: OLE_LINK4;\"><span style=\"mso-bookmark: OLE_LINK5;\"><span style=\"mso-bookmark: OLE_LINK6;\"><span style=\"mso-bookmark: OLE_LINK11;\"><span style=\"mso-bookmark: OLE_LINK14;\"><strong><span style=\"font-family: Verdana; color: red; font-size: 10pt; mso-bidi-font-weight: normal;\">\u00a0<\/span><\/strong><\/span><\/span><\/span><\/span><\/span><\/span><\/p>\n","protected":false},"excerpt":{"rendered":"<p>\u00a0 Lettera informativa n. 171\/14 del 12.12.2014 \u00a0 \u00a0 \u00a0 1.CORTE D\u2019APPELLO L\u2019AQUILA \u2013 RUOLI UDIENZA 16 DICEMBRE 2014 Con riferimento all\u2019udienza in oggetto, si trasmettono i seguenti documenti: \u00a0 16 dicembre 2014: \u00a0\u00a0\u00a0\u00a0\u00a0\u00a0\u00a0\u00a0\u00a0\u00a0\u00a0 &#8211; fasce orarie 16.12.14 (clicca qui) \u00a0\u00a0\u00a0\u00a0\u00a0\u00a0\u00a0\u00a0\u00a0\u00a0\u00a0 &#8211; rinvii 16.12.14 (clicca qui) \u00a0\u00a0\u00a0\u00a0\u00a0\u00a0\u00a0\u00a0\u00a0\u00a0\u00a0 &#8211; ruoli 16.12.14 (clicca qui) \u00a0 Per ragioni [&hellip;]<\/p>\n","protected":false},"author":3,"featured_media":0,"parent":0,"menu_order":0,"comment_status":"closed","ping_status":"closed","template":"","meta":[],"_links":{"self":[{"href":"https:\/\/www.ordineavvocatipescara.it\/index.php\/wp-json\/wp\/v2\/pages\/7080"}],"collection":[{"href":"https:\/\/www.ordineavvocatipescara.it\/index.php\/wp-json\/wp\/v2\/pages"}],"about":[{"href":"https:\/\/www.ordineavvocatipescara.it\/index.php\/wp-json\/wp\/v2\/types\/page"}],"author":[{"embeddable":true,"href":"https:\/\/www.ordineavvocatipescara.it\/index.php\/wp-json\/wp\/v2\/users\/3"}],"replies":[{"embeddable":true,"href":"https:\/\/www.ordineavvocatipescara.it\/index.php\/wp-json\/wp\/v2\/comments?post=7080"}],"version-history":[{"count":2,"href":"https:\/\/www.ordineavvocatipescara.it\/index.php\/wp-json\/wp\/v2\/pages\/7080\/revisions"}],"predecessor-version":[{"id":7087,"href":"https:\/\/www.ordineavvocatipescara.it\/index.php\/wp-json\/wp\/v2\/pages\/7080\/revisions\/7087"}],"wp:attachment":[{"href":"https:\/\/www.ordineavvocatipescara.it\/index.php\/wp-json\/wp\/v2\/media?parent=7080"}],"curies":[{"name":"wp","href":"https:\/\/api.w.org\/{rel}","templated":true}]}}