{"id":7327,"date":"2015-02-02T14:08:34","date_gmt":"2015-02-02T13:08:34","guid":{"rendered":"http:\/\/www.ordineavvocatipescara.it\/?page_id=7327"},"modified":"2015-02-02T14:11:02","modified_gmt":"2015-02-02T13:11:02","slug":"informativa-2315-aggiornamento-regolamenti","status":"publish","type":"page","link":"https:\/\/www.ordineavvocatipescara.it\/index.php\/informativa-2315-aggiornamento-regolamenti\/","title":{"rendered":"Informativa 23\/15 (AGGIORNAMENTO REGOLAMENTI)"},"content":{"rendered":"<p class=\"MsoNormal\" style=\"margin: 0cm 0cm 0pt;\"><strong style=\"mso-bidi-font-weight: normal;\"><span style=\"font-size: 10pt;\"><span style=\"font-family: Times New Roman;\">\u00a0<\/span><\/span><\/strong><\/p>\n<p class=\"MsoNormal\" style=\"margin: 0cm 0cm 0pt;\"><a name=\"OLE_LINK13\"><\/a><a name=\"OLE_LINK12\"><\/a><a name=\"OLE_LINK11\"><\/a><a name=\"OLE_LINK6\"><\/a><a name=\"OLE_LINK5\"><\/a><a name=\"OLE_LINK4\"><\/a><a name=\"OLE_LINK3\"><\/a><span style=\"mso-bookmark: OLE_LINK4;\"><span style=\"mso-bookmark: OLE_LINK5;\"><span style=\"mso-bookmark: OLE_LINK6;\"><span style=\"mso-bookmark: OLE_LINK11;\"><span style=\"mso-bookmark: OLE_LINK12;\"><span style=\"mso-bookmark: OLE_LINK13;\"><strong><span style=\"font-family: Verdana; color: navy; font-size: 10pt; mso-bidi-font-weight: normal;\">Lettera informativa n. 23\/15 del<span style=\"mso-spacerun: yes;\">\u00a0 <\/span>02.02.2015<\/span><\/strong><\/span><\/span><\/span><\/span><\/span><\/span><\/p>\n<p class=\"MsoNormal\" style=\"margin: 0cm 0cm 0pt;\"><span style=\"mso-bookmark: OLE_LINK3;\"><span style=\"mso-bookmark: OLE_LINK4;\"><span style=\"mso-bookmark: OLE_LINK5;\"><span style=\"mso-bookmark: OLE_LINK6;\"><span style=\"mso-bookmark: OLE_LINK11;\"><span style=\"mso-bookmark: OLE_LINK12;\"><span style=\"mso-bookmark: OLE_LINK13;\"><span style=\"color: black;\"><span style=\"font-size: small;\"><span style=\"font-family: Times New Roman;\">\u00a0<\/span><\/span><\/span><\/span><\/span><\/span><\/span><\/span><\/span><\/span><\/p>\n<p class=\"MsoNormal\" style=\"margin: 0cm 0cm 0pt;\"><span style=\"mso-bookmark: OLE_LINK3;\"><span style=\"mso-bookmark: OLE_LINK4;\"><span style=\"mso-bookmark: OLE_LINK5;\"><span style=\"mso-bookmark: OLE_LINK6;\"><span style=\"mso-bookmark: OLE_LINK11;\"><span style=\"mso-bookmark: OLE_LINK12;\"><span style=\"mso-bookmark: OLE_LINK13;\"><span style=\"color: black;\"><span style=\"font-family: Times New Roman; font-size: small;\">\u00a0<\/span><\/span><\/span><\/span><\/span><\/span><\/span><\/span><\/span><\/p>\n<p class=\"MsoNormal\" style=\"margin: 0cm 0cm 0pt;\"><span style=\"mso-bookmark: OLE_LINK3;\"><span style=\"mso-bookmark: OLE_LINK4;\"><span style=\"mso-bookmark: OLE_LINK5;\"><span style=\"mso-bookmark: OLE_LINK6;\"><span style=\"mso-bookmark: OLE_LINK11;\"><span style=\"mso-bookmark: OLE_LINK12;\"><span style=\"mso-bookmark: OLE_LINK13;\"><strong><span style=\"font-family: Verdana; color: red; font-size: 10pt; mso-bidi-font-weight: normal;\">1. AGGIORNAMENTO REGOLAMENTI ORDINE\/1 \u2013 PRATICA FORENSE<\/span><\/strong><\/span><\/span><\/span><\/span><\/span><\/span><\/span><\/p>\n<p class=\"MsoNormal\" style=\"margin: 0cm 0cm 0pt;\"><span style=\"font-family: Verdana; color: navy; font-size: 10pt;\">Si trasmette in allegato il nuovo testo del Regolamento per la Pratica Forense, modificato con delibera COA 15.01.15 a seguito dell\u2019entrata in vigore delle norme in materia di tirocinio professionale di cui al Titolo IV Capo I della L.P. 247\/12. <span style=\"mso-spacerun: yes;\">\u00a0<\/span>(<a href=\"http:\/\/www.ordineavvocatipescara.it\/wp-content\/uploads\/2015\/02\/NUOVO-REGOLAMENTO-PRATICA-FORENSE-15.1.15.pdf\">CLICCA QUI<\/a>)<\/span><\/p>\n<p class=\"MsoNormal\" style=\"margin: 0cm 0cm 0pt;\"><strong style=\"mso-bidi-font-weight: normal;\"><span style=\"font-family: Verdana; color: navy; font-size: 10pt;\">Tra le principali novit\u00e0, si segnalano:<\/span><\/strong><\/p>\n<p class=\"MsoNormal\" style=\"margin: 0cm 0cm 0pt;\"><strong style=\"mso-bidi-font-weight: normal;\"><span style=\"font-family: Verdana; color: navy; font-size: 9pt;\">ART. 2 co. 1 <\/span><\/strong><\/p>\n<p class=\"MsoNormal\" style=\"margin: 0cm 0cm 0pt;\"><em style=\"mso-bidi-font-style: normal;\"><span style=\"font-family: Verdana; color: navy; font-size: 9pt;\">L\u2019avvocato, per poter accogliere un praticante presso il proprio studio, deve essere iscritto all\u2019albo con un\u2019anzianit\u00e0 di almeno cinque anni ed <strong style=\"mso-bidi-font-weight: normal;\"><span style=\"text-decoration: underline;\">in possesso dell\u2019attestato di formazione continua<\/span><\/strong> ai sensi dell\u2019art. 24, comma 6, Regolamento della formazione del CNF. Il possesso dell\u2019attestato non \u00e8 richiesto per gli iscritti esentati dall\u2019obbligo di formazione continua, ai sensi dell\u2019art. 11, comma 2 L. P. 247\/12 e dell\u2019art. 14, comma 1 Regolamento della formazione del CNF.<\/span><\/em><\/p>\n<p class=\"MsoNormal\" style=\"margin: 0cm 0cm 0pt;\"><strong style=\"mso-bidi-font-weight: normal;\"><em style=\"mso-bidi-font-style: normal;\"><span style=\"font-family: Verdana; color: navy; font-size: 9pt;\">ART. 4 co. 8<\/span><\/em><\/strong><\/p>\n<p class=\"MsoNormal\" style=\"margin: 0cm 0cm 0pt; mso-pagination: widow-orphan; mso-layout-grid-align: none;\"><em style=\"mso-bidi-font-style: normal;\"><span style=\"font-family: Verdana; color: navy; font-size: 9pt;\">Il tirocinio pu\u00f2 essere svolto anche presso due avvocati contemporaneamente, previa richiesta del praticante e previa autorizzazione del Consiglio dell\u2019Ordine, nel caso si possa presumere che la mole di lavoro di uno di essi non sia tale da permettere al praticante una sufficiente offerta formativa. <\/span><\/em><\/p>\n<p class=\"MsoNormal\" style=\"margin: 0cm 0cm 0pt; mso-pagination: widow-orphan; mso-layout-grid-align: none;\"><strong style=\"mso-bidi-font-weight: normal;\"><em style=\"mso-bidi-font-style: normal;\"><span style=\"font-family: Verdana; color: navy; font-size: 9pt;\">ART. 6 co 1<\/span><\/em><\/strong><\/p>\n<p class=\"MsoNormal\" style=\"margin: 0cm 0cm 0pt; mso-pagination: widow-orphan; mso-layout-grid-align: none;\"><em style=\"mso-bidi-font-style: normal;\"><span style=\"font-family: Verdana; color: navy; font-size: 9pt;\">Ai sensi dell\u2019art. <span style=\"mso-spacerun: yes;\">\u00a0<\/span>41, comma 12, L. 247\/12 il praticante, decorsi sei mesi dall\u2019iscrizione nel registro, purch\u00e9 in possesso del diploma di Giurisprudenza, pu\u00f2 esercitare attivit\u00e0 professionale in sostituzione dell\u2019avvocato presso il quale svolge la pratica e comunque sotto il controllo e la responsabilit\u00e0 dello stesso anche se si tratta di affari non trattati direttamente dal medesimo, in ambito civile di fronte al tribunale e al giudice di pace e in ambito penale nei procedimenti di competenza del giudice di pace, in quelli per reati contravvenzionali e in quelli che, in base alle norme vigenti anteriormente alla data di entrata in vigore del decreto legislativo 19 febbraio 1998, n. 51, rientravano nella competenza del pretore.<\/span><\/em><\/p>\n<p class=\"MsoNormal\" style=\"margin: 0cm 0cm 0pt; mso-pagination: widow-orphan; mso-layout-grid-align: none;\"><em style=\"mso-bidi-font-style: normal;\"><span style=\"font-family: Verdana; color: navy; font-size: 9pt;\">L\u2019abilitazione decorre dalla delibera di iscrizione nell\u2019apposito registro. Essa pu\u00f2 durare al massimo cinque anni, salvo il caso di sospensione dall\u2019esercizio professionale non determinata da giudizio disciplinare, alla condizione che permangano tutti i requisiti per l\u2019iscrizione nel registro. Per poter esercitare il patrocinio, il Praticante abilitato assume dinanzi al Consiglio dell\u2019Ordine in pubblica seduta l\u2019impegno di osservare i relativi doveri, analogamente a quanto previsto dall\u2019art. 8 L.P. 247\/12 per l\u2019esercizio della professione di avvocato. <\/span><\/em><\/p>\n<p class=\"MsoNormal\" style=\"margin: 0cm 0cm 0pt; mso-pagination: widow-orphan; mso-layout-grid-align: none;\"><strong style=\"mso-bidi-font-weight: normal;\"><span style=\"font-family: Verdana; color: navy; font-size: 10pt;\">Ai sensi dell\u2019art. 8 del Regolamento, le norme modificate si applicano ai tirocini iniziati a far data <span style=\"text-decoration: underline;\">dal 2 febbraio 2015<\/span>.<\/span><\/strong><\/p>\n<p class=\"MsoNormal\" style=\"margin: 0cm 0cm 0pt;\"><span style=\"font-family: Verdana; color: navy; font-size: 10pt;\">\u00a0<\/span><\/p>\n<p class=\"MsoNormal\" style=\"margin: 0cm 0cm 0pt;\"><span style=\"font-family: Verdana; color: navy; font-size: 10pt;\">\u00a0<\/span><\/p>\n<p class=\"MsoNormal\" style=\"margin: 0cm 0cm 0pt;\"><strong><span style=\"font-family: Verdana; color: red; font-size: 10pt; mso-bidi-font-weight: normal;\">2. AGGIORNAMENTO REGOLAMENTI ORDINE\/2 \u2013 ATTIVITA\u2019 ISTITUZIONALE<\/span><\/strong><strong style=\"mso-bidi-font-weight: normal;\"><\/strong><\/p>\n<p class=\"MsoNormal\" style=\"margin: 0cm 0cm 0pt;\"><span style=\"font-family: Verdana; color: navy; font-size: 10pt;\">Si trasmette in allegato il nuovo testo del Regolamento della Disciplina del Diritto di Accesso agli atti e delle Attivit\u00e0 Istituzionali, modificato con delibera COA 15.01.2015 relativamente alla Parte II sez. I \u201c<em style=\"mso-bidi-font-style: normal;\">Attivit\u00e0 istituzionali \u2013 Procedure di rilievo disciplinare<\/em>\u201d a seguito dell\u2019entrata in vigore del Titolo V L.P. 247\/12 e del Regolamento CNF n. 2\/14 in materia di procedimento disciplinare. (<a href=\"http:\/\/www.ordineavvocatipescara.it\/wp-content\/uploads\/2015\/02\/NUOVO-Regolamento-Accesso-15.1.15.pdf\">CLICCA QUI<\/a>)<\/span><\/p>\n<p class=\"MsoNormal\" style=\"margin: 0cm 0cm 0pt;\"><span style=\"font-family: Verdana; color: navy; font-size: 10pt;\">\u00a0<\/span><\/p>\n<p class=\"MsoNormal\" style=\"margin: 0cm 0cm 0pt;\"><span style=\"font-family: Verdana; color: navy; font-size: 10pt;\">\u00a0<\/span><\/p>\n<p class=\"MsoNormal\" style=\"margin: 0cm 0cm 0pt;\"><em style=\"mso-bidi-font-style: normal;\"><span style=\"font-family: Verdana; color: navy; font-size: 10pt;\">Si ricorda che tutti i Regolamenti dell\u2019Ordine sono consultabili sul sito <a href=\"http:\/\/www.ordineavvocatipescara.it\/\"><span style=\"color: #800080;\">www.ordineavvocatipescara.it<\/span><\/a> alla pagina \u201cNormativa e Regolamenti\u201d, sez. \u201cRegolamenti\u201d.<\/span><\/em><\/p>\n<p class=\"MsoNormal\" style=\"text-indent: 35.4pt; margin: 0cm 0cm 0pt;\"><span style=\"font-family: Verdana; color: navy; font-size: 10pt;\">\u00a0<\/span><\/p>\n","protected":false},"excerpt":{"rendered":"<p>\u00a0 Lettera informativa n. 23\/15 del\u00a0 02.02.2015 \u00a0 \u00a0 1. AGGIORNAMENTO REGOLAMENTI ORDINE\/1 \u2013 PRATICA FORENSE Si trasmette in allegato il nuovo testo del Regolamento per la Pratica Forense, modificato con delibera COA 15.01.15 a seguito dell\u2019entrata in vigore delle norme in materia di tirocinio professionale di cui al Titolo IV Capo I della L.P. [&hellip;]<\/p>\n","protected":false},"author":3,"featured_media":0,"parent":0,"menu_order":0,"comment_status":"closed","ping_status":"closed","template":"","meta":[],"_links":{"self":[{"href":"https:\/\/www.ordineavvocatipescara.it\/index.php\/wp-json\/wp\/v2\/pages\/7327"}],"collection":[{"href":"https:\/\/www.ordineavvocatipescara.it\/index.php\/wp-json\/wp\/v2\/pages"}],"about":[{"href":"https:\/\/www.ordineavvocatipescara.it\/index.php\/wp-json\/wp\/v2\/types\/page"}],"author":[{"embeddable":true,"href":"https:\/\/www.ordineavvocatipescara.it\/index.php\/wp-json\/wp\/v2\/users\/3"}],"replies":[{"embeddable":true,"href":"https:\/\/www.ordineavvocatipescara.it\/index.php\/wp-json\/wp\/v2\/comments?post=7327"}],"version-history":[{"count":3,"href":"https:\/\/www.ordineavvocatipescara.it\/index.php\/wp-json\/wp\/v2\/pages\/7327\/revisions"}],"predecessor-version":[{"id":7332,"href":"https:\/\/www.ordineavvocatipescara.it\/index.php\/wp-json\/wp\/v2\/pages\/7327\/revisions\/7332"}],"wp:attachment":[{"href":"https:\/\/www.ordineavvocatipescara.it\/index.php\/wp-json\/wp\/v2\/media?parent=7327"}],"curies":[{"name":"wp","href":"https:\/\/api.w.org\/{rel}","templated":true}]}}