{"id":7475,"date":"2015-02-27T17:01:03","date_gmt":"2015-02-27T16:01:03","guid":{"rendered":"http:\/\/www.ordineavvocatipescara.it\/?page_id=7475"},"modified":"2015-02-27T17:01:03","modified_gmt":"2015-02-27T16:01:03","slug":"informativa-3915-corso-cassazionisti-copie-di-cortesia-orari-gdp-pe-notifiche-penali-corte","status":"publish","type":"page","link":"https:\/\/www.ordineavvocatipescara.it\/index.php\/informativa-3915-corso-cassazionisti-copie-di-cortesia-orari-gdp-pe-notifiche-penali-corte\/","title":{"rendered":"Informativa 39\/15 (CORSO CASSAZIONISTI &#8211; COPIE DI CORTESIA &#8211; ORARI GDP PE &#8211; NOTIFICHE PENALI CORTE)"},"content":{"rendered":"<p class=\"MsoNormal\" style=\"margin: 0cm 0cm 0pt;\"><a name=\"OLE_LINK4\"><\/a><a name=\"OLE_LINK3\"><span style=\"mso-bookmark: OLE_LINK4;\"><strong style=\"mso-bidi-font-weight: normal;\"><span style=\"font-family: Verdana; color: navy; font-size: 10pt;\">\u00a0<\/span><\/strong><\/span><\/a><\/p>\n<p class=\"MsoNormal\" style=\"margin: 0cm 0cm 0pt;\"><span style=\"mso-bookmark: OLE_LINK3;\"><span style=\"mso-bookmark: OLE_LINK4;\"><strong><span style=\"font-family: Verdana; color: navy; font-size: 10pt; mso-bidi-font-weight: normal;\">Lettera informativa n. 39\/15 del 27.02.2015<\/span><\/strong><\/span><\/span><\/p>\n<p class=\"MsoNormal\" style=\"margin: 0cm 0cm 0pt;\"><span style=\"mso-bookmark: OLE_LINK3;\"><span style=\"mso-bookmark: OLE_LINK4;\"><span style=\"color: black;\"><span style=\"font-size: small;\"><span style=\"font-family: Times New Roman;\">\u00a0<\/span><\/span><\/span><\/span><\/span><\/p>\n<p class=\"MsoNormal\" style=\"margin: 0cm 0cm 0pt;\"><span style=\"mso-bookmark: OLE_LINK3;\"><span style=\"mso-bookmark: OLE_LINK4;\"><strong><span style=\"font-family: Verdana; color: red; font-size: 10pt; mso-bidi-font-weight: normal;\">\u00a0<\/span><\/strong><\/span><\/span><\/p>\n<p class=\"MsoNormal\" style=\"margin: 0cm 0cm 0pt;\"><span style=\"mso-bookmark: OLE_LINK3;\"><span style=\"mso-bookmark: OLE_LINK4;\"><strong><span style=\"font-family: Verdana; color: red; font-size: 10pt; mso-bidi-font-weight: normal;\">\u00a0<\/span><\/strong><\/span><\/span><\/p>\n<p class=\"MsoNormal\" style=\"margin: 0cm 0cm 0pt;\"><span style=\"mso-bookmark: OLE_LINK3;\"><span style=\"mso-bookmark: OLE_LINK4;\"><strong><span style=\"font-family: Verdana; color: red; font-size: 10pt; mso-bidi-font-weight: normal;\">1.CNF \u2013 CORSO PROPEDEUTICO ISCRIZIONE CASSAZIONISTI<\/span><\/strong><\/span><\/span><\/p>\n<p class=\"newstitle\" style=\"text-align: justify; margin: 0cm 0cm 0pt; tab-stops: 45.8pt 91.6pt 137.4pt 183.2pt 229.0pt 274.8pt 320.6pt 366.4pt 412.2pt 458.0pt 503.8pt 549.6pt 595.4pt 641.2pt 687.0pt 732.8pt;\"><span style=\"mso-bookmark: OLE_LINK3;\"><span style=\"mso-bookmark: OLE_LINK4;\"><span style=\"font-family: Verdana; color: navy; font-size: 10pt; mso-bidi-font-size: 12.0pt;\">Si trasmette in allegato il Bando per l\u2019ammissione al corso propedeutico all\u2019iscrizione nell\u2019Albo speciale per il patrocinio dinanzi alle Giurisdizioni Superiori, in attuazione dell\u2019art. 22 L. 247\/12 e del Regolamento CNF 16.07.2014 n. 5. (<a href=\"http:\/\/www.ordineavvocatipescara.it\/wp-content\/uploads\/2015\/02\/CORSI-CASSAZIONISTI-BANDO-DEFINITIVO-25-2-2015.pdf\">CLICCA QUI<\/a>)<\/span><\/span><\/span><\/p>\n<p class=\"newstitle\" style=\"text-align: justify; margin: 0cm 0cm 0pt; tab-stops: 45.8pt 91.6pt 137.4pt 183.2pt 229.0pt 274.8pt 320.6pt 366.4pt 412.2pt 458.0pt 503.8pt 549.6pt 595.4pt 641.2pt 687.0pt 732.8pt;\"><span style=\"mso-bookmark: OLE_LINK3;\"><span style=\"mso-bookmark: OLE_LINK4;\"><span style=\"font-family: Verdana; color: navy; font-size: 10pt;\">\u00a0<\/span><\/span><\/span><\/p>\n<p class=\"MsoNormal\" style=\"margin: 0cm 0cm 0pt;\"><span style=\"mso-bookmark: OLE_LINK3;\"><span style=\"mso-bookmark: OLE_LINK4;\"><strong><span style=\"font-family: Verdana; color: red; font-size: 10pt; mso-bidi-font-weight: normal;\">\u00a0<\/span><\/strong><\/span><\/span><\/p>\n<p class=\"MsoNormal\" style=\"margin: 0cm 0cm 0pt;\"><span style=\"mso-bookmark: OLE_LINK3;\"><span style=\"mso-bookmark: OLE_LINK4;\"><strong><span style=\"font-family: Verdana; color: red; font-size: 10pt; mso-bidi-font-weight: normal;\">2. COPIE DI CORTESIA ATTI TELEMATICI<\/span><\/strong><\/span><\/span><\/p>\n<p class=\"newstitle\" style=\"text-align: justify; margin: 0cm 0cm 0pt; tab-stops: 45.8pt 91.6pt 137.4pt 183.2pt 229.0pt 274.8pt 320.6pt 366.4pt 412.2pt 458.0pt 503.8pt 549.6pt 595.4pt 641.2pt 687.0pt 732.8pt;\"><span style=\"mso-bookmark: OLE_LINK3;\"><span style=\"mso-bookmark: OLE_LINK4;\"><span style=\"font-family: Verdana; color: navy; font-size: 10pt;\">Si informano gli iscritti che il COA, nella seduta del 26.02.2015, ha deliberato di segnalare al Presidente del Tribunale la ferma opposizione del Consiglio al deposito di \u201ccopie di cortesia\u201d degli atti inviati telematicamente, in quanto contrastante con le previsioni dell\u2019art. 16 bis D.L. 179\/12 e con la Circolare Ministeriale 28.10.2014, cos\u00ec ribadendo quanto gi\u00e0 deliberato in data 2 ottobre 2014.<\/span><\/span><\/span><\/p>\n<p class=\"newstitle\" style=\"text-align: justify; margin: 0cm 0cm 0pt; tab-stops: 45.8pt 91.6pt 137.4pt 183.2pt 229.0pt 274.8pt 320.6pt 366.4pt 412.2pt 458.0pt 503.8pt 549.6pt 595.4pt 641.2pt 687.0pt 732.8pt;\"><span style=\"mso-bookmark: OLE_LINK3;\"><span style=\"mso-bookmark: OLE_LINK4;\"><span style=\"font-family: Verdana; color: navy; font-size: 10pt;\">Si allegano:<em style=\"mso-bidi-font-style: normal;\"> Delibera COA 2.10.14 (<a href=\"http:\/\/www.ordineavvocatipescara.it\/wp-content\/uploads\/2015\/02\/DELIBERA-COA-02.10.14.pdf\">CLICCA QUI<\/a><\/em><em style=\"mso-bidi-font-style: normal;\">) \u2013 Circolare Ministeriale 28.10.14 (<a href=\"http:\/\/www.ordineavvocatipescara.it\/wp-content\/uploads\/2015\/02\/Circolare-Min-Giust-28-ottobre-2014-PCT.pdf\">CLICCA QUI<\/a><\/em><em style=\"mso-bidi-font-style: normal;\">) \u2013 Parere dell\u2019Avv. Maurizio Reale, Coordinatore Commissione Informatica COFA (<a href=\"http:\/\/www.ordineavvocatipescara.it\/wp-content\/uploads\/2015\/02\/NOTA-AVV.-REALE.pdf\">CLICCA QUI<\/a><\/em><em style=\"mso-bidi-font-style: normal;\">)<\/em><\/span><\/span><\/span><\/p>\n<p class=\"newstitle\" style=\"text-align: justify; margin: 0cm 0cm 0pt; tab-stops: 45.8pt 91.6pt 137.4pt 183.2pt 229.0pt 274.8pt 320.6pt 366.4pt 412.2pt 458.0pt 503.8pt 549.6pt 595.4pt 641.2pt 687.0pt 732.8pt;\"><span style=\"mso-bookmark: OLE_LINK3;\"><span style=\"mso-bookmark: OLE_LINK4;\"><span style=\"font-family: Verdana; color: navy; font-size: 10pt;\">\u00a0<\/span><\/span><\/span><\/p>\n<p class=\"newstitle\" style=\"text-align: justify; margin: 0cm 0cm 0pt; tab-stops: 45.8pt 91.6pt 137.4pt 183.2pt 229.0pt 274.8pt 320.6pt 366.4pt 412.2pt 458.0pt 503.8pt 549.6pt 595.4pt 641.2pt 687.0pt 732.8pt;\"><span style=\"mso-bookmark: OLE_LINK3;\"><span style=\"mso-bookmark: OLE_LINK4;\"><span style=\"font-family: Verdana; color: navy; font-size: 10pt;\">\u00a0<\/span><\/span><\/span><\/p>\n<p class=\"MsoNormal\" style=\"margin: 0cm 0cm 0pt; mso-layout-grid-align: none;\"><span style=\"mso-bookmark: OLE_LINK3;\"><span style=\"mso-bookmark: OLE_LINK4;\"><strong><span style=\"font-family: Verdana; color: red; font-size: 10pt; mso-bidi-font-family: 'Verdana,Bold';\">3. ORARI APERTURA GDP PESCARA<\/span><\/strong><\/span><\/span><\/p>\n<p class=\"MsoNormal\" style=\"margin: 0cm 0cm 0pt; mso-layout-grid-align: none;\"><span style=\"mso-bookmark: OLE_LINK3;\"><span style=\"mso-bookmark: OLE_LINK4;\"><span style=\"font-family: Verdana; color: navy; font-size: 10pt; mso-bidi-font-family: Verdana;\">Si informano gli iscritti che, a seguito delle sollecitazioni del Consiglio, l\u2019Ufficio del Giudice di Pace di Pescara ha disposto i seguenti orari di apertura al pubblico: dal luned\u00ec al venerd\u00ec ore 9.00-12.30; marted\u00ec e gioved\u00ec ore 15.00-16.00.<\/span><\/span><\/span><\/p>\n<p class=\"MsoNormal\" style=\"margin: 0cm 0cm 0pt; mso-layout-grid-align: none;\"><span style=\"mso-bookmark: OLE_LINK3;\"><span style=\"mso-bookmark: OLE_LINK4;\"><span style=\"font-family: Verdana; color: navy; font-size: 10pt; mso-bidi-font-family: Verdana;\">\u00a0<\/span><\/span><\/span><\/p>\n<p class=\"MsoNormal\" style=\"margin: 0cm 0cm 0pt;\"><span style=\"font-family: Verdana; letter-spacing: 0.6pt; color: navy; font-size: 10pt; mso-bidi-font-family: Arial; mso-bidi-font-style: italic;\">\u00a0<\/span><\/p>\n<p class=\"MsoNormal\" style=\"margin: 0cm 0cm 0pt;\"><strong style=\"mso-bidi-font-weight: normal;\"><span style=\"font-family: Verdana; letter-spacing: 0.6pt; color: red; font-size: 10pt; mso-bidi-font-family: Arial; mso-bidi-font-style: italic;\">4. CORTE D\u2019APPELLO L\u2019AQUILA &#8211; NOTIFICHE PENALI TELEMATICHE<\/span><\/strong><\/p>\n<p class=\"MsoNormal\" style=\"margin: 0cm 0cm 0pt;\"><span style=\"font-family: Verdana; letter-spacing: 0.6pt; color: navy; font-size: 10pt; mso-bidi-font-family: Arial; mso-bidi-font-style: italic;\">Si trasmette in allegato la nota 16.2.2015 del Presidente della Sezione Penale della Corte di Appello di L\u2019Aquila relativa al sistema della notifica telematica penale, gi\u00e0 divenuto operativo presso la Corte. (<a href=\"http:\/\/www.ordineavvocatipescara.it\/wp-content\/uploads\/2015\/02\/Notifiche-penali-telematiche.pdf\">CLICCA QUI<\/a>)<em><\/em><\/span><\/p>\n<p class=\"MsoNormal\" style=\"margin: 0cm 0cm 0pt;\"><em><span style=\"font-family: Verdana; letter-spacing: 0.6pt; color: navy; font-size: 10pt; mso-bidi-font-family: Arial;\">\u00a0<\/span><\/em><\/p>\n","protected":false},"excerpt":{"rendered":"<p>\u00a0 Lettera informativa n. 39\/15 del 27.02.2015 \u00a0 \u00a0 \u00a0 1.CNF \u2013 CORSO PROPEDEUTICO ISCRIZIONE CASSAZIONISTI Si trasmette in allegato il Bando per l\u2019ammissione al corso propedeutico all\u2019iscrizione nell\u2019Albo speciale per il patrocinio dinanzi alle Giurisdizioni Superiori, in attuazione dell\u2019art. 22 L. 247\/12 e del Regolamento CNF 16.07.2014 n. 5. (CLICCA QUI) \u00a0 \u00a0 2. [&hellip;]<\/p>\n","protected":false},"author":3,"featured_media":0,"parent":0,"menu_order":0,"comment_status":"closed","ping_status":"closed","template":"","meta":[],"_links":{"self":[{"href":"https:\/\/www.ordineavvocatipescara.it\/index.php\/wp-json\/wp\/v2\/pages\/7475"}],"collection":[{"href":"https:\/\/www.ordineavvocatipescara.it\/index.php\/wp-json\/wp\/v2\/pages"}],"about":[{"href":"https:\/\/www.ordineavvocatipescara.it\/index.php\/wp-json\/wp\/v2\/types\/page"}],"author":[{"embeddable":true,"href":"https:\/\/www.ordineavvocatipescara.it\/index.php\/wp-json\/wp\/v2\/users\/3"}],"replies":[{"embeddable":true,"href":"https:\/\/www.ordineavvocatipescara.it\/index.php\/wp-json\/wp\/v2\/comments?post=7475"}],"version-history":[{"count":1,"href":"https:\/\/www.ordineavvocatipescara.it\/index.php\/wp-json\/wp\/v2\/pages\/7475\/revisions"}],"predecessor-version":[{"id":7481,"href":"https:\/\/www.ordineavvocatipescara.it\/index.php\/wp-json\/wp\/v2\/pages\/7475\/revisions\/7481"}],"wp:attachment":[{"href":"https:\/\/www.ordineavvocatipescara.it\/index.php\/wp-json\/wp\/v2\/media?parent=7475"}],"curies":[{"name":"wp","href":"https:\/\/api.w.org\/{rel}","templated":true}]}}