{"id":7530,"date":"2015-03-06T18:52:59","date_gmt":"2015-03-06T17:52:59","guid":{"rendered":"http:\/\/www.ordineavvocatipescara.it\/?page_id=7530"},"modified":"2015-03-06T18:54:32","modified_gmt":"2015-03-06T17:54:32","slug":"informativa-4715-formazione","status":"publish","type":"page","link":"https:\/\/www.ordineavvocatipescara.it\/index.php\/informativa-4715-formazione\/","title":{"rendered":"Informativa 47\/15 (FORMAZIONE)"},"content":{"rendered":"<p class=\"MsoNormal\" style=\"margin: 0cm 0cm 0pt;\"><a name=\"OLE_LINK4\"><\/a><a name=\"OLE_LINK3\"><\/a><span style=\"mso-bookmark: OLE_LINK4;\"><strong><span style=\"font-family: Verdana; color: navy; font-size: 10pt; mso-bidi-font-weight: normal;\">\u00a0<\/span><\/strong><\/span><\/p>\n<p class=\"MsoNormal\" style=\"margin: 0cm 0cm 0pt;\"><span style=\"mso-bookmark: OLE_LINK3;\"><span style=\"mso-bookmark: OLE_LINK4;\"><strong><span style=\"font-family: Verdana; color: navy; font-size: 10pt; mso-bidi-font-weight: normal;\">\u00a0<\/span><\/strong><\/span><\/span><\/p>\n<p class=\"MsoNormal\" style=\"margin: 0cm 0cm 0pt;\"><span style=\"mso-bookmark: OLE_LINK3;\"><span style=\"mso-bookmark: OLE_LINK4;\"><strong><span style=\"font-family: Verdana; color: navy; font-size: 10pt; mso-bidi-font-weight: normal;\">Lettera informativa n. 47\/15 del 06.03.2015<\/span><\/strong><\/span><\/span><\/p>\n<p class=\"MsoNormal\" style=\"margin: 0cm 0cm 0pt;\"><span style=\"mso-bookmark: OLE_LINK3;\"><span style=\"mso-bookmark: OLE_LINK4;\"><strong style=\"mso-bidi-font-weight: normal;\"><em style=\"mso-bidi-font-style: normal;\"><span style=\"font-family: Verdana; color: red; font-size: 10pt;\">\u00a0<\/span><\/em><\/strong><\/span><\/span><\/p>\n<p class=\"MsoNormal\" style=\"margin: 0cm 0cm 0pt;\"><span style=\"mso-bookmark: OLE_LINK3;\"><span style=\"mso-bookmark: OLE_LINK4;\"><strong style=\"mso-bidi-font-weight: normal;\"><em style=\"mso-bidi-font-style: normal;\"><span style=\"font-family: Verdana; color: red; font-size: 10pt;\">\u00a0<\/span><\/em><\/strong><\/span><\/span><\/p>\n<p class=\"newstitle\" style=\"text-align: justify; margin: 0cm 0cm 0pt; tab-stops: 45.8pt 91.6pt 137.4pt 183.2pt 229.0pt 274.8pt 320.6pt 366.4pt 412.2pt 458.0pt 503.8pt 549.6pt 595.4pt 641.2pt 687.0pt 732.8pt;\"><span style=\"mso-bookmark: OLE_LINK3;\"><span style=\"mso-bookmark: OLE_LINK4;\"><strong style=\"mso-bidi-font-weight: normal;\"><span style=\"font-family: Verdana; color: navy; font-size: 10pt;\">\u00a0<\/span><\/strong><\/span><\/span><\/p>\n<p class=\"newstitle\" style=\"text-align: justify; margin: 0cm 0cm 0pt; tab-stops: 45.8pt 91.6pt 137.4pt 183.2pt 229.0pt 274.8pt 320.6pt 366.4pt 412.2pt 458.0pt 503.8pt 549.6pt 595.4pt 641.2pt 687.0pt 732.8pt;\"><span style=\"mso-bookmark: OLE_LINK3;\"><span style=\"mso-bookmark: OLE_LINK4;\"><strong style=\"mso-bidi-font-weight: normal;\"><span style=\"font-family: Verdana; color: navy; font-size: 10pt;\">\u00a0<\/span><\/strong><\/span><\/span><\/p>\n<p class=\"MsoNormal\" style=\"margin: 0cm 0cm 0pt 2.25pt;\"><span style=\"mso-bookmark: OLE_LINK3;\"><span style=\"mso-bookmark: OLE_LINK4;\"><strong style=\"mso-bidi-font-weight: normal;\"><span style=\"font-family: Verdana; color: red; font-size: 10pt;\">1. CORSO DI INFORMATICA DI BASE<\/span><\/strong><\/span><\/span><\/p>\n<p class=\"MsoNormal\" style=\"margin: 0cm 0cm 0pt 2.25pt;\"><span style=\"mso-bookmark: OLE_LINK3;\"><span style=\"mso-bookmark: OLE_LINK4;\"><span style=\"font-family: Verdana; color: navy; font-size: 10pt;\">Si informano gli iscritti che l\u2019Ordine, grazie alla disponibilit\u00e0 manifestata dal Collega Andrea Monti, intende organizzare un Corso di Informatica di base, da tenersi il Luned\u00ec pomeriggio. <\/span><\/span><\/span><\/p>\n<p class=\"MsoNormal\" style=\"margin: 0cm 0cm 0pt 2.25pt;\"><span style=\"mso-bookmark: OLE_LINK3;\"><span style=\"mso-bookmark: OLE_LINK4;\"><span style=\"font-family: Verdana; color: navy; font-size: 10pt;\">Il Corso verr\u00e0 strutturato, sia nei contenuti che nella durata, in base alle esigenze rappresentate dai partecipanti, per cui <strong style=\"mso-bidi-font-weight: normal;\">si invitano i Colleghi a manifestare il proprio interesse mediante comunicazione alla Segreteria dell\u2019Ordine entro e non oltre il 20 marzo 2015<\/strong>.<\/span><\/span><\/span><\/p>\n<p class=\"MsoNormal\" style=\"margin: 0cm 0cm 0pt;\"><span style=\"mso-bookmark: OLE_LINK3;\"><span style=\"mso-bookmark: OLE_LINK4;\"><strong style=\"mso-bidi-font-weight: normal;\"><span style=\"font-family: Verdana; color: navy; font-size: 10pt;\">\u00a0<\/span><\/strong><\/span><\/span><\/p>\n<p class=\"MsoNormal\" style=\"margin: 0cm 0cm 0pt;\"><span style=\"mso-bookmark: OLE_LINK3;\"><span style=\"mso-bookmark: OLE_LINK4;\"><strong style=\"mso-bidi-font-weight: normal;\"><span style=\"font-family: Verdana; color: navy; font-size: 10pt;\">\u00a0<\/span><\/strong><\/span><\/span><\/p>\n<p class=\"MsoNormal\" style=\"margin: 0cm 0cm 0pt;\"><span style=\"mso-bookmark: OLE_LINK3;\"><span style=\"mso-bookmark: OLE_LINK4;\"><strong style=\"mso-bidi-font-weight: normal;\"><span style=\"font-family: Verdana; color: navy; font-size: 10pt;\">\u00a0<\/span><\/strong><\/span><\/span><\/p>\n<p class=\"MsoNormal\" style=\"margin: 0cm 0cm 0pt;\"><span style=\"mso-bookmark: OLE_LINK3;\"><span style=\"mso-bookmark: OLE_LINK4;\"><strong style=\"mso-bidi-font-weight: normal;\"><span style=\"font-family: Verdana; color: navy; font-size: 10pt;\">\u00a0<\/span><\/strong><\/span><\/span><\/p>\n<p class=\"MsoNormal\" style=\"text-align: left; margin: 0cm 0cm 0pt; mso-pagination: widow-orphan;\" align=\"left\"><span style=\"mso-bookmark: OLE_LINK3;\"><span style=\"mso-bookmark: OLE_LINK4;\"><strong style=\"mso-bidi-font-weight: normal;\"><span style=\"font-family: Verdana; color: red; font-size: 10pt;\">2.EVENTI FORMATIVI <\/span><\/strong><\/span><\/span><span style=\"mso-bookmark: OLE_LINK3;\"><span style=\"mso-bookmark: OLE_LINK4;\"><strong style=\"mso-bidi-font-weight: normal;\"><span style=\"text-decoration: underline;\"><span style=\"font-family: Verdana; font-size: 10pt;\">NON<\/span><\/span><\/strong><\/span><\/span><span style=\"mso-bookmark: OLE_LINK3;\"><span style=\"mso-bookmark: OLE_LINK4;\"><strong style=\"mso-bidi-font-weight: normal;\"><span style=\"font-family: Verdana; color: red; font-size: 10pt;\"> PRENOTABILI SU RICONOSCO<\/span><\/strong><\/span><\/span><\/p>\n<p class=\"MsoNormal\" style=\"text-align: left; margin: 0cm 0cm 0pt; mso-pagination: widow-orphan;\" align=\"left\"><span style=\"mso-bookmark: OLE_LINK3;\"><span style=\"mso-bookmark: OLE_LINK4;\"><strong style=\"mso-bidi-font-weight: normal;\"><span style=\"font-family: Verdana; color: red; font-size: 10pt;\">\u00a0<\/span><\/strong><\/span><\/span><\/p>\n<ul style=\"margin-top: 0cm;\" type=\"square\">\n<li class=\"MsoNormal\" style=\"margin: 0cm 0cm 0pt; color: navy; tab-stops: list 36.0pt left 270.0pt; mso-pagination: widow-orphan; mso-list: l0 level1 lfo1;\"><em style=\"mso-bidi-font-style: normal;\"><span style=\"font-family: Verdana; font-size: 10pt;\">LE SFIDE DELLA FAMIGLIA NEL CONTESTO SINODALE. RIFLESSIONI GIURIDICHE E TEOLOGICHE<\/span><\/em><\/li>\n<\/ul>\n<p class=\"MsoNormal\" style=\"text-indent: 35.4pt; margin: 0cm 0cm 0pt;\"><strong style=\"mso-bidi-font-weight: normal;\"><span style=\"font-family: Verdana; color: navy; font-size: 10pt;\">13 marzo 2015 ore 16.30-20.00 <\/span><\/strong><span style=\"font-family: Verdana; color: navy; font-size: 10pt;\">(<a href=\"http:\/\/www.ordineavvocatipescara.it\/wp-content\/uploads\/2015\/03\/PROGRAMMA-GIURISTI-13.31.pdf\">clicca qui per scaricare il programma<\/a>)<\/span><\/p>\n<p class=\"MsoNormal\" style=\"margin: 0cm 0cm 0pt;\"><span style=\"font-family: Verdana; color: navy; font-size: 10pt;\">SEDE: Sala Convegni Museo Vittoria Colonna \u2013 Lungomare Matteotti, 131 &#8211; Pescara<\/span><\/p>\n<p class=\"MsoNormal\" style=\"margin: 0cm 0cm 0pt;\"><span style=\"font-family: Verdana; color: navy; font-size: 10pt;\">ENTE ORGANIZZATORE: Unione Giuristi Cattolici Italiani \u2013 Unione Locale di Pescara<\/span><\/p>\n<p class=\"MsoNormal\" style=\"margin: 0cm 0cm 0pt;\"><strong style=\"mso-bidi-font-weight: normal;\"><span style=\"font-family: Verdana; color: navy; font-size: 10pt;\">CREDITI FORMATIVI: 2<\/span><\/strong><strong style=\"mso-bidi-font-weight: normal;\"><\/strong><\/p>\n<p class=\"MsoNormal\" style=\"margin: 0cm 0cm 0pt;\"><strong style=\"mso-bidi-font-weight: normal;\"><span style=\"font-family: Verdana; color: navy; font-size: 10pt;\">PARTECIPAZIONE: GRATUITA<\/span><\/strong><\/p>\n<p class=\"MsoNormal\" style=\"margin: 0cm 0cm 0pt;\"><span style=\"font-family: Verdana; color: navy; font-size: 10pt;\">MODALITA\u2019 DI ISCRIZIONE: Inviare una e-mail all\u2019Avv. Antonella Zuccarini all\u2019indirizzo: <\/span><span style=\"font-family: Verdana; color: navy; font-size: 10pt; mso-bidi-font-family: Arial;\">a.zuccarini@delfedericoeassociati.it<\/span><\/p>\n<p class=\"MsoNormal\" style=\"margin: 0cm 0cm 0pt;\"><span style=\"font-family: Verdana; color: black; font-size: 10pt;\">\u00a0<\/span><\/p>\n","protected":false},"excerpt":{"rendered":"<p>\u00a0 \u00a0 Lettera informativa n. 47\/15 del 06.03.2015 \u00a0 \u00a0 \u00a0 \u00a0 1. CORSO DI INFORMATICA DI BASE Si informano gli iscritti che l\u2019Ordine, grazie alla disponibilit\u00e0 manifestata dal Collega Andrea Monti, intende organizzare un Corso di Informatica di base, da tenersi il Luned\u00ec pomeriggio. Il Corso verr\u00e0 strutturato, sia nei contenuti che nella durata, [&hellip;]<\/p>\n","protected":false},"author":3,"featured_media":0,"parent":0,"menu_order":0,"comment_status":"closed","ping_status":"closed","template":"","meta":[],"_links":{"self":[{"href":"https:\/\/www.ordineavvocatipescara.it\/index.php\/wp-json\/wp\/v2\/pages\/7530"}],"collection":[{"href":"https:\/\/www.ordineavvocatipescara.it\/index.php\/wp-json\/wp\/v2\/pages"}],"about":[{"href":"https:\/\/www.ordineavvocatipescara.it\/index.php\/wp-json\/wp\/v2\/types\/page"}],"author":[{"embeddable":true,"href":"https:\/\/www.ordineavvocatipescara.it\/index.php\/wp-json\/wp\/v2\/users\/3"}],"replies":[{"embeddable":true,"href":"https:\/\/www.ordineavvocatipescara.it\/index.php\/wp-json\/wp\/v2\/comments?post=7530"}],"version-history":[{"count":2,"href":"https:\/\/www.ordineavvocatipescara.it\/index.php\/wp-json\/wp\/v2\/pages\/7530\/revisions"}],"predecessor-version":[{"id":7534,"href":"https:\/\/www.ordineavvocatipescara.it\/index.php\/wp-json\/wp\/v2\/pages\/7530\/revisions\/7534"}],"wp:attachment":[{"href":"https:\/\/www.ordineavvocatipescara.it\/index.php\/wp-json\/wp\/v2\/media?parent=7530"}],"curies":[{"name":"wp","href":"https:\/\/api.w.org\/{rel}","templated":true}]}}