{"id":7561,"date":"2015-03-12T19:42:38","date_gmt":"2015-03-12T18:42:38","guid":{"rendered":"http:\/\/www.ordineavvocatipescara.it\/?page_id=7561"},"modified":"2015-03-12T19:42:38","modified_gmt":"2015-03-12T18:42:38","slug":"informativa-5015-avviso-asl-ritiro-fascicoli-cdd","status":"publish","type":"page","link":"https:\/\/www.ordineavvocatipescara.it\/index.php\/informativa-5015-avviso-asl-ritiro-fascicoli-cdd\/","title":{"rendered":"Informativa 50\/15 (AVVISO ASL &#8211; RITIRO FASCICOLI &#8211; CDD)"},"content":{"rendered":"<p class=\"MsoNormal\" style=\"margin: 0cm 0cm 0pt;\"><a name=\"OLE_LINK7\"><\/a><a name=\"OLE_LINK6\"><span style=\"mso-bookmark: OLE_LINK7;\"><strong style=\"mso-bidi-font-weight: normal;\"><span style=\"font-family: Verdana; color: navy; font-size: 10pt;\">\u00a0<\/span><\/strong><\/span><\/a><\/p>\n<p class=\"MsoNormal\" style=\"margin: 0cm 0cm 0pt;\"><span style=\"mso-bookmark: OLE_LINK6;\"><span style=\"mso-bookmark: OLE_LINK7;\"><strong><span style=\"font-family: Verdana; color: navy; font-size: 10pt; mso-bidi-font-weight: normal;\">\u00a0<\/span><\/strong><\/span><\/span><\/p>\n<p class=\"MsoNormal\" style=\"margin: 0cm 0cm 0pt;\"><span style=\"mso-bookmark: OLE_LINK6;\"><span style=\"mso-bookmark: OLE_LINK7;\"><strong><span style=\"font-family: Verdana; color: navy; font-size: 10pt; mso-bidi-font-weight: normal;\">Lettera informativa n. <span style=\"mso-spacerun: yes;\">\u00a0<\/span>50\/15 del 12.03.2015<\/span><\/strong><\/span><\/span><\/p>\n<p class=\"MsoNormal\" style=\"margin: 0cm 0cm 0pt;\"><span style=\"mso-bookmark: OLE_LINK6;\"><span style=\"mso-bookmark: OLE_LINK7;\"><span style=\"color: black;\"><span style=\"font-size: small;\"><span style=\"font-family: Times New Roman;\">\u00a0<\/span><\/span><\/span><\/span><\/span><\/p>\n<p class=\"MsoNormal\" style=\"margin: 0cm 0cm 0pt;\"><span style=\"mso-bookmark: OLE_LINK6;\"><span style=\"mso-bookmark: OLE_LINK7;\"><strong><span style=\"font-family: Verdana; color: red; font-size: 10pt; mso-bidi-font-weight: normal;\">\u00a0<\/span><\/strong><\/span><\/span><\/p>\n<p class=\"MsoNormal\" style=\"margin: 0cm 0cm 0pt;\"><span style=\"mso-bookmark: OLE_LINK6;\"><span style=\"mso-bookmark: OLE_LINK7;\"><strong><span style=\"font-family: Verdana; color: red; font-size: 10pt; mso-bidi-font-weight: normal;\">1. AVVISO ASL AVEZZANO-SULMONA-L\u2019AQUILA<\/span><\/strong><\/span><\/span><\/p>\n<p class=\"newstitle\" style=\"text-align: justify; margin: 0cm 0cm 0pt; tab-stops: 45.8pt 91.6pt 137.4pt 183.2pt 229.0pt 274.8pt 320.6pt 366.4pt 412.2pt 458.0pt 503.8pt 549.6pt 595.4pt 641.2pt 687.0pt 732.8pt;\"><span style=\"mso-bookmark: OLE_LINK6;\"><span style=\"mso-bookmark: OLE_LINK7;\"><span style=\"font-family: Verdana; color: navy; font-size: 10pt; mso-bidi-font-size: 12.0pt;\">Si trasmette in allegato l\u2019Avviso dell\u2019Azienda Sanitaria Locale 1 Avezzano-Sulmona-L\u2019Aquila per l\u2019acquisizione di manifestazione di interesse per il conferimento di nr. 1 (uno) incarico di attivit\u00e0 legale stragiudiziale per la gestione dei sinistri di RCT\/O<\/span><\/span><\/span><span style=\"mso-bookmark: OLE_LINK6;\"><span style=\"mso-bookmark: OLE_LINK7;\"><span style=\"font-family: Verdana; color: navy; font-size: 10pt;\">. <strong style=\"mso-bidi-font-weight: normal;\">Scadenza: 20 marzo 2015 ore 12.00<\/strong>. <\/span><\/span><\/span><\/p>\n<p class=\"newstitle\" style=\"text-align: justify; margin: 0cm 0cm 0pt; tab-stops: 45.8pt 91.6pt 137.4pt 183.2pt 229.0pt 274.8pt 320.6pt 366.4pt 412.2pt 458.0pt 503.8pt 549.6pt 595.4pt 641.2pt 687.0pt 732.8pt;\"><span style=\"mso-bookmark: OLE_LINK6;\"><span style=\"mso-bookmark: OLE_LINK7;\"><span style=\"font-family: Verdana; color: navy; font-size: 10pt;\">(<a href=\"http:\/\/www.ordineavvocatipescara.it\/wp-content\/uploads\/2015\/03\/AVVISO-ASL-AQ.pdf\">CLICCA QUI<\/a>)<\/span><\/span><\/span><\/p>\n<p class=\"newstitle\" style=\"text-align: justify; margin: 0cm 0cm 0pt; tab-stops: 45.8pt 91.6pt 137.4pt 183.2pt 229.0pt 274.8pt 320.6pt 366.4pt 412.2pt 458.0pt 503.8pt 549.6pt 595.4pt 641.2pt 687.0pt 732.8pt;\"><span style=\"mso-bookmark: OLE_LINK6;\"><span style=\"mso-bookmark: OLE_LINK7;\"><span style=\"font-family: Verdana; color: navy; font-size: 10pt;\">\u00a0<\/span><\/span><\/span><\/p>\n<p class=\"newstitle\" style=\"text-align: justify; margin: 0cm 0cm 0pt; tab-stops: 45.8pt 91.6pt 137.4pt 183.2pt 229.0pt 274.8pt 320.6pt 366.4pt 412.2pt 458.0pt 503.8pt 549.6pt 595.4pt 641.2pt 687.0pt 732.8pt;\"><span style=\"mso-bookmark: OLE_LINK6;\"><span style=\"mso-bookmark: OLE_LINK7;\"><strong style=\"mso-bidi-font-weight: normal;\"><span style=\"font-family: Verdana; color: red; font-size: 10pt;\">\u00a0<\/span><\/strong><\/span><\/span><\/p>\n<p class=\"newstitle\" style=\"text-align: justify; margin: 0cm 0cm 0pt; tab-stops: 45.8pt 91.6pt 137.4pt 183.2pt 229.0pt 274.8pt 320.6pt 366.4pt 412.2pt 458.0pt 503.8pt 549.6pt 595.4pt 641.2pt 687.0pt 732.8pt;\"><span style=\"mso-bookmark: OLE_LINK6;\"><span style=\"mso-bookmark: OLE_LINK7;\"><strong style=\"mso-bidi-font-weight: normal;\"><span style=\"font-family: Verdana; color: red; font-size: 10pt;\">2. RESTITUZIONE FASCICOLI DI PARTE<\/span><\/strong><\/span><\/span><\/p>\n<p class=\"newstitle\" style=\"text-align: justify; margin: 0cm 0cm 0pt; tab-stops: 45.8pt 91.6pt 137.4pt 183.2pt 229.0pt 274.8pt 320.6pt 366.4pt 412.2pt 458.0pt 503.8pt 549.6pt 595.4pt 641.2pt 687.0pt 732.8pt;\"><span style=\"mso-bookmark: OLE_LINK6;\"><span style=\"mso-bookmark: OLE_LINK7;\"><span style=\"font-family: Verdana; color: navy; font-size: 10pt;\">Facendo seguito a quanto comunicato con lett. info n. 71\/14 del 12.05.14, si rende noto che il Consiglio, nella seduta del 05.03.2015, considerato che il numero dei fascicoli di parte da restituire \u00e8 nel frattempo aumentato in misura notevole, al punto da esaurire gli spazi disponibili, <strong style=\"mso-bidi-font-weight: normal;\">ha deliberato di invitare gli iscritti al ritiro dei propri fascicoli di parte giacenti nei locali a disposizione del COA per il relativo servizio di restituzione <span style=\"text-decoration: underline;\">entro e non oltre 15 giorni dall\u2019invio della presente comunicazione<\/span><\/strong> con l\u2019avviso che, scaduto detto termine, i fascicoli saranno inviati a mezzo posta in contrassegno presso gli studi, con oneri a carico del destinatario.<\/span><\/span><\/span><\/p>\n<p class=\"newstitle\" style=\"text-align: justify; margin: 0cm 0cm 0pt; tab-stops: 45.8pt 91.6pt 137.4pt 183.2pt 229.0pt 274.8pt 320.6pt 366.4pt 412.2pt 458.0pt 503.8pt 549.6pt 595.4pt 641.2pt 687.0pt 732.8pt;\"><span style=\"mso-bookmark: OLE_LINK6;\"><span style=\"mso-bookmark: OLE_LINK7;\"><span style=\"font-family: Verdana; color: navy; font-size: 10pt;\">Si ricorda che <strong style=\"mso-bidi-font-weight: normal;\">il Servizio restituzione fascicoli \u00e8 attivo tutti i luned\u00ec e mercoled\u00ec, dalle ore 9.30 alle 11.30<\/strong>, ingresso n. 8 del sett. Civile Blocco C \u2013 1\u00b0 piano (dietro il vano ascensori). <\/span><\/span><\/span><\/p>\n<p class=\"newstitle\" style=\"text-align: justify; margin: 0cm 0cm 0pt; tab-stops: 45.8pt 91.6pt 137.4pt 183.2pt 229.0pt 274.8pt 320.6pt 366.4pt 412.2pt 458.0pt 503.8pt 549.6pt 595.4pt 641.2pt 687.0pt 732.8pt;\"><span style=\"mso-bookmark: OLE_LINK6;\"><span style=\"mso-bookmark: OLE_LINK7;\"><span style=\"font-family: Verdana; color: navy; font-size: 10pt;\">\u00a0<\/span><\/span><\/span><\/p>\n<p class=\"newstitle\" style=\"text-align: justify; margin: 0cm 0cm 0pt; tab-stops: 45.8pt 91.6pt 137.4pt 183.2pt 229.0pt 274.8pt 320.6pt 366.4pt 412.2pt 458.0pt 503.8pt 549.6pt 595.4pt 641.2pt 687.0pt 732.8pt;\"><span style=\"mso-bookmark: OLE_LINK6;\"><span style=\"mso-bookmark: OLE_LINK7;\"><span style=\"font-family: Verdana; color: navy; font-size: 10pt;\">\u00a0<\/span><\/span><\/span><\/p>\n<p class=\"MsoNormal\" style=\"margin: 0cm 0cm 0pt;\"><span style=\"mso-bookmark: OLE_LINK6;\"><span style=\"mso-bookmark: OLE_LINK7;\"><strong style=\"mso-bidi-font-weight: normal;\"><span style=\"font-family: Verdana; color: red; font-size: 10pt;\">3. CONSIGLIO DISTRETTUALE DI DISCIPLINA<\/span><\/strong><\/span><\/span><\/p>\n<p class=\"MsoNormal\" style=\"margin: 0cm 0cm 0pt;\"><span style=\"mso-bookmark: OLE_LINK6;\"><span style=\"mso-bookmark: OLE_LINK7;\"><span style=\"font-family: Verdana; color: navy; font-size: 10pt;\">Si informano gli iscritti che il Consiglio Distrettuale di Disciplina di L\u2019Aquila <span style=\"mso-spacerun: yes;\">\u00a0<\/span>ha segnalato che, ai fini del contenimento delle spese per lo svolgimento della propria attivit\u00e0 istituzionale, potrebbe risultare utile il conferimento da parte degli Ordini di attrezzature e arredi non utilizzati, purch\u00e9 idonei. <\/span><\/span><\/span><\/p>\n<p class=\"MsoNormal\" style=\"margin: 0cm 0cm 0pt;\"><span style=\"mso-bookmark: OLE_LINK6;\"><span style=\"mso-bookmark: OLE_LINK7;\"><span style=\"font-family: Verdana; color: navy; font-size: 10pt;\">Si invitano, pertanto, i Colleghi a comunicare eventuali disponibilit\u00e0 in tal senso alla Segreteria dell\u2019Ordine <strong>entro il 31 marzo 2015<\/strong>.<\/span><\/span><\/span><\/p>\n<p class=\"newstitle\" style=\"text-align: justify; margin: 0cm 0cm 0pt; tab-stops: 45.8pt 91.6pt 137.4pt 183.2pt 229.0pt 274.8pt 320.6pt 366.4pt 412.2pt 458.0pt 503.8pt 549.6pt 595.4pt 641.2pt 687.0pt 732.8pt;\"><span style=\"font-family: Verdana; color: navy; font-size: 10pt;\">\u00a0<\/span><\/p>\n","protected":false},"excerpt":{"rendered":"<p>\u00a0 \u00a0 Lettera informativa n. \u00a050\/15 del 12.03.2015 \u00a0 \u00a0 1. AVVISO ASL AVEZZANO-SULMONA-L\u2019AQUILA Si trasmette in allegato l\u2019Avviso dell\u2019Azienda Sanitaria Locale 1 Avezzano-Sulmona-L\u2019Aquila per l\u2019acquisizione di manifestazione di interesse per il conferimento di nr. 1 (uno) incarico di attivit\u00e0 legale stragiudiziale per la gestione dei sinistri di RCT\/O. Scadenza: 20 marzo 2015 ore 12.00. [&hellip;]<\/p>\n","protected":false},"author":3,"featured_media":0,"parent":0,"menu_order":0,"comment_status":"closed","ping_status":"closed","template":"","meta":[],"_links":{"self":[{"href":"https:\/\/www.ordineavvocatipescara.it\/index.php\/wp-json\/wp\/v2\/pages\/7561"}],"collection":[{"href":"https:\/\/www.ordineavvocatipescara.it\/index.php\/wp-json\/wp\/v2\/pages"}],"about":[{"href":"https:\/\/www.ordineavvocatipescara.it\/index.php\/wp-json\/wp\/v2\/types\/page"}],"author":[{"embeddable":true,"href":"https:\/\/www.ordineavvocatipescara.it\/index.php\/wp-json\/wp\/v2\/users\/3"}],"replies":[{"embeddable":true,"href":"https:\/\/www.ordineavvocatipescara.it\/index.php\/wp-json\/wp\/v2\/comments?post=7561"}],"version-history":[{"count":1,"href":"https:\/\/www.ordineavvocatipescara.it\/index.php\/wp-json\/wp\/v2\/pages\/7561\/revisions"}],"predecessor-version":[{"id":7563,"href":"https:\/\/www.ordineavvocatipescara.it\/index.php\/wp-json\/wp\/v2\/pages\/7561\/revisions\/7563"}],"wp:attachment":[{"href":"https:\/\/www.ordineavvocatipescara.it\/index.php\/wp-json\/wp\/v2\/media?parent=7561"}],"curies":[{"name":"wp","href":"https:\/\/api.w.org\/{rel}","templated":true}]}}