{"id":7680,"date":"2015-04-09T18:30:42","date_gmt":"2015-04-09T17:30:42","guid":{"rendered":"http:\/\/www.ordineavvocatipescara.it\/?page_id=7680"},"modified":"2015-04-09T18:30:42","modified_gmt":"2015-04-09T17:30:42","slug":"informativa-6815-garanzia-giovani","status":"publish","type":"page","link":"https:\/\/www.ordineavvocatipescara.it\/index.php\/informativa-6815-garanzia-giovani\/","title":{"rendered":"Informativa 68\/15 (GARANZIA GIOVANI)"},"content":{"rendered":"<p class=\"MsoNormal\" style=\"margin: 0cm 0cm 0pt;\"><strong style=\"mso-bidi-font-weight: normal;\"><span style=\"font-family: Verdana; color: navy; font-size: 10pt;\">\u00a0<\/span><\/strong><\/p>\n<p class=\"MsoNormal\" style=\"margin: 0cm 0cm 0pt;\"><strong><span style=\"font-family: Verdana; color: navy; font-size: 10pt; mso-bidi-font-weight: normal;\">Lettera informativa n. 68\/15 del 09.04.2015<\/span><\/strong><\/p>\n<p class=\"MsoNormal\" style=\"margin: 0cm 0cm 0pt;\"><span style=\"color: black;\"><span style=\"font-family: Times New Roman; font-size: small;\">\u00a0<\/span><\/span><\/p>\n<p class=\"MsoNormal\" style=\"margin: 0cm 0cm 0pt;\"><span style=\"color: black;\"><span style=\"font-family: Times New Roman; font-size: small;\">\u00a0<\/span><\/span><\/p>\n<p class=\"MsoNormal\" style=\"margin: 0cm 0cm 0pt;\"><strong style=\"mso-bidi-font-weight: normal;\"><span style=\"font-family: Verdana; color: red; font-size: 10pt;\">1. REGIONE ABRUZZO &#8211; PROGRAMMA \u201cGARANZIA GIOVANI\u201d <\/span><\/strong><\/p>\n<p class=\"MsoNormal\" style=\"margin: 0cm 0cm 0pt;\"><span style=\"font-family: Verdana; color: navy; font-size: 10pt;\">Si segnala agli iscritti che nell\u2019ambito del piano nazionale &#8220;Garanzia Giovani&#8221;, attivato dal Ministero del lavoro e delle politiche sociali per favorire l&#8217;inserimento dei giovani nel mondo del lavoro, \u00e8 possibile il finanziamento di tirocini formativi. Il programma \u00e8 rivolto anche a studi professionali interessati ad attivarsi per offrire possibilit\u00e0 concrete di lavoro e formazione. <\/span><\/p>\n<ul style=\"margin-top: 0cm;\" type=\"disc\">\n<li class=\"MsoNormal\" style=\"margin: 0cm 0cm 0pt; color: navy; tab-stops: list 36.0pt; mso-list: l0 level1 lfo1;\"><span style=\"font-family: Verdana; font-size: 10pt;\">TIROCINI FORMATIVI EXTRACURRICULARI<\/span><\/li>\n<\/ul>\n<p class=\"MsoNormal\" style=\"margin: 0cm 0cm 0pt;\"><span style=\"font-family: Verdana; color: navy; font-size: 10pt;\">L\u2019intervento, previsto dal piano di attuazione regionale, riguarda il finanziamento di tirocini formativi della durata di 6 mesi, da svolgersi presso Soggetti Ospitanti pubblici o privati aventi sede operativa nel territorio della Regione Abruzzo. (<strong><a href=\"http:\/\/www.ordineavvocatipescara.it\/wp-content\/uploads\/2015\/04\/GARANZIA-GIOVANI-AVVISO-PUBBLICO.pdf\">CLICCA QUI<\/a><\/strong>)<\/span><\/p>\n<p class=\"MsoNormal\" style=\"margin: 0cm 0cm 0pt;\"><span style=\"font-family: Verdana; color: navy; font-size: 10pt;\">Beneficiari dell\u2019intervento sono giovani di et\u00e0 inferiore a 30 anni, iscritti al programma Garanzia Giovani, <span style=\"mso-spacerun: yes;\">\u00a0<\/span>che abbiano sottoscritto il patto di attivazione con il competente Centro per l&#8217;impiego scegliendo la misura del tirocinio,<span style=\"mso-spacerun: yes;\">\u00a0 <\/span>e che non siano gi\u00e0 impegnati in un\u2019attivit\u00e0 lavorativa, n\u00e9 inseriti in un corso scolastico o formativo.<span style=\"mso-spacerun: yes;\">\u00a0 <\/span><\/span><\/p>\n<p class=\"MsoNormal\" style=\"margin: 0cm 0cm 0pt;\"><span style=\"font-family: Verdana; color: navy; font-size: 10pt;\">Ai tirocinanti \u00e8 riconosciuta una indennit\u00e0 mensile netta pari ad \u20ac 600,00. <\/span><\/p>\n<p class=\"MsoNormal\" style=\"margin: 0cm 0cm 0pt; mso-pagination: widow-orphan; mso-layout-grid-align: none;\"><span style=\"font-family: Verdana; color: navy; font-size: 10pt;\">Gli studi professionali che, in qualit\u00e0 di Soggetti Ospitanti, intendono offrire un&#8217;esperienza di tirocinio, devono inviare la Manifestazione di Interesse, redatta secondo il modello allegato, <\/span><span style=\"font-family: Verdana; color: navy; font-size: 10pt; mso-bidi-font-family: Georgia;\">esclusivamente a mezzo <\/span><span style=\"font-family: Verdana; color: navy; font-size: 10pt; mso-bidi-font-family: 'Georgia,Bold'; mso-bidi-font-weight: bold;\">Raccomandata A\/R delle Poste Italiane, ovvero a mezzo corriere o poste private con prova di consegna, al seguente indirizzo: Regione Abruzzo \u2013 Direzione Politiche Attive del Lavoro, Formazione ed Istruzione, Politiche Sociali \u2013 Viale Bovio nr. 425 \u2013 65124 Pescara (PE),<\/span><span style=\"font-family: Verdana; color: navy; font-size: 10pt;\"> <strong style=\"mso-bidi-font-weight: normal;\">entro e non oltre il 3 ottobre 2015.<\/strong> (<strong><a href=\"http:\/\/www.ordineavvocatipescara.it\/wp-content\/uploads\/2015\/04\/MANIFESTAZIONE-DI-INTERESSE.pdf\">CLICCA QUI<\/a><\/strong>)<\/span><\/p>\n<p class=\"MsoNormal\" style=\"margin: 0cm 0cm 0pt;\"><span style=\"font-family: Verdana; color: navy; font-size: 10pt;\">Tutte le informazioni e la documentazione di riferimento sono disponibili sul sito: www.garanziagiovani.regione.abruzzo.it<\/span><\/p>\n<p class=\"MsoNormal\" style=\"margin: 0cm 0cm 0pt;\"><span style=\"color: black;\"><span style=\"font-family: Times New Roman; font-size: small;\">\u00a0<\/span><\/span><\/p>\n","protected":false},"excerpt":{"rendered":"<p>\u00a0 Lettera informativa n. 68\/15 del 09.04.2015 \u00a0 \u00a0 1. REGIONE ABRUZZO &#8211; PROGRAMMA \u201cGARANZIA GIOVANI\u201d Si segnala agli iscritti che nell\u2019ambito del piano nazionale &#8220;Garanzia Giovani&#8221;, attivato dal Ministero del lavoro e delle politiche sociali per favorire l&#8217;inserimento dei giovani nel mondo del lavoro, \u00e8 possibile il finanziamento di tirocini formativi. Il programma \u00e8 [&hellip;]<\/p>\n","protected":false},"author":3,"featured_media":0,"parent":0,"menu_order":0,"comment_status":"closed","ping_status":"closed","template":"","meta":[],"_links":{"self":[{"href":"https:\/\/www.ordineavvocatipescara.it\/index.php\/wp-json\/wp\/v2\/pages\/7680"}],"collection":[{"href":"https:\/\/www.ordineavvocatipescara.it\/index.php\/wp-json\/wp\/v2\/pages"}],"about":[{"href":"https:\/\/www.ordineavvocatipescara.it\/index.php\/wp-json\/wp\/v2\/types\/page"}],"author":[{"embeddable":true,"href":"https:\/\/www.ordineavvocatipescara.it\/index.php\/wp-json\/wp\/v2\/users\/3"}],"replies":[{"embeddable":true,"href":"https:\/\/www.ordineavvocatipescara.it\/index.php\/wp-json\/wp\/v2\/comments?post=7680"}],"version-history":[{"count":1,"href":"https:\/\/www.ordineavvocatipescara.it\/index.php\/wp-json\/wp\/v2\/pages\/7680\/revisions"}],"predecessor-version":[{"id":7683,"href":"https:\/\/www.ordineavvocatipescara.it\/index.php\/wp-json\/wp\/v2\/pages\/7680\/revisions\/7683"}],"wp:attachment":[{"href":"https:\/\/www.ordineavvocatipescara.it\/index.php\/wp-json\/wp\/v2\/media?parent=7680"}],"curies":[{"name":"wp","href":"https:\/\/api.w.org\/{rel}","templated":true}]}}