{"id":8148,"date":"2015-07-21T12:30:17","date_gmt":"2015-07-21T11:30:17","guid":{"rendered":"http:\/\/www.ordineavvocatipescara.it\/?page_id=8148"},"modified":"2015-07-21T12:30:59","modified_gmt":"2015-07-21T11:30:59","slug":"informativa-12915-monitoraggio-pct","status":"publish","type":"page","link":"https:\/\/www.ordineavvocatipescara.it\/index.php\/informativa-12915-monitoraggio-pct\/","title":{"rendered":"Informativa 129\/15 (MONITORAGGIO PCT)"},"content":{"rendered":"<p><span style=\"color: #000080;\"><strong>\u00a0<\/strong><\/span><\/p>\n<p><span style=\"color: #000080;\"><strong>Lettera informativa n. 129\/15 del 21.07.2015<\/strong><\/span><\/p>\n<p><span style=\"color: #000080;\">\u00a0<\/span><\/p>\n<p><span style=\"color: #000080;\">\u00a0<\/span><span style=\"color: #000080;\">\u00a0<\/span><br \/>\n<span style=\"color: #ff0000;\"><strong>1. CNF &#8211; MONITORAGGIO PROGETTO GIUSTIZIA ON LINE PCT SUD<\/strong><\/span><\/p>\n<p style=\"text-align: justify;\"><span style=\"color: #000080;\">Si informano gli iscritti che il CNF sta collaborando con il Dipartimento della Funzione Pubblica per il monitoraggio, valutazione e disseminazione dei risultati del progetto Giustizia On Line PCT Sud.<\/span><\/p>\n<p style=\"text-align: justify;\"><span style=\"color: #000080;\">Tale progetto, realizzato, nel periodo compreso tra ottobre 2013 e giugno 2014, a cura del Ministero della Giustizia, ha comportato il potenziamento tecnologico e azioni di formazione, affiancamento e consulenza al personale degli Uffici Giudiziari beneficiari, sia amministrativo sia di magistratura, ed all\u2019avvocatura, attraverso gli Ordini.<\/span><\/p>\n<p style=\"text-align: justify;\"><span style=\"color: #000080;\">In questo ambito \u00e8 stato predisposto un <strong>questionario di rilevazione della <em>customer satisfaction<\/em> dei servizi erogati con il Processo Civile Telematico, della qualit\u00e0 dell\u2019interazione in modalit\u00e0 telematica con gli Uffici Giudiziari e pi\u00f9 in generale dei benefici, criticit\u00e0 ed opportunit\u00e0 dell\u2019innovazione tecnologica in atto, dal punto di vista dell\u2019Avvocatura.<\/strong><\/span><\/p>\n<p style=\"text-align: justify;\"><span style=\"color: #000080;\">Il questionario, che sar\u00e0 compilato in forma anonima, \u00e8 accessibile tramite il seguente link: <a style=\"color: #000080;\" href=\"https:\/\/it.surveymonkey.com\/r\/avvocatiCS\">https:\/\/it.surveymonkey.com\/r\/avvocatiCS<\/a>. Per consentire l\u2019elaborazione dei risultati in tempi contenuti, il questionario dovr\u00e0 essere compilato <strong>entro il 31 Luglio 2015<\/strong>.<\/span><\/p>\n<p style=\"text-align: justify;\"><span style=\"color: #000080;\">\u00a0<\/span><\/p>\n","protected":false},"excerpt":{"rendered":"<p>\u00a0 Lettera informativa n. 129\/15 del 21.07.2015 \u00a0 \u00a0\u00a0 1. CNF &#8211; MONITORAGGIO PROGETTO GIUSTIZIA ON LINE PCT SUD Si informano gli iscritti che il CNF sta collaborando con il Dipartimento della Funzione Pubblica per il monitoraggio, valutazione e disseminazione dei risultati del progetto Giustizia On Line PCT Sud. Tale progetto, realizzato, nel periodo compreso [&hellip;]<\/p>\n","protected":false},"author":3,"featured_media":0,"parent":0,"menu_order":0,"comment_status":"closed","ping_status":"closed","template":"","meta":[],"_links":{"self":[{"href":"https:\/\/www.ordineavvocatipescara.it\/index.php\/wp-json\/wp\/v2\/pages\/8148"}],"collection":[{"href":"https:\/\/www.ordineavvocatipescara.it\/index.php\/wp-json\/wp\/v2\/pages"}],"about":[{"href":"https:\/\/www.ordineavvocatipescara.it\/index.php\/wp-json\/wp\/v2\/types\/page"}],"author":[{"embeddable":true,"href":"https:\/\/www.ordineavvocatipescara.it\/index.php\/wp-json\/wp\/v2\/users\/3"}],"replies":[{"embeddable":true,"href":"https:\/\/www.ordineavvocatipescara.it\/index.php\/wp-json\/wp\/v2\/comments?post=8148"}],"version-history":[{"count":2,"href":"https:\/\/www.ordineavvocatipescara.it\/index.php\/wp-json\/wp\/v2\/pages\/8148\/revisions"}],"predecessor-version":[{"id":8150,"href":"https:\/\/www.ordineavvocatipescara.it\/index.php\/wp-json\/wp\/v2\/pages\/8148\/revisions\/8150"}],"wp:attachment":[{"href":"https:\/\/www.ordineavvocatipescara.it\/index.php\/wp-json\/wp\/v2\/media?parent=8148"}],"curies":[{"name":"wp","href":"https:\/\/api.w.org\/{rel}","templated":true}]}}