{"id":8366,"date":"2015-10-29T19:37:03","date_gmt":"2015-10-29T18:37:03","guid":{"rendered":"http:\/\/www.ordineavvocatipescara.it\/?page_id=8366"},"modified":"2015-10-30T10:07:43","modified_gmt":"2015-10-30T09:07:43","slug":"informativa-15515-interruzione-servizi-informatici-settore-civile-rinvii-gdp-atri","status":"publish","type":"page","link":"https:\/\/www.ordineavvocatipescara.it\/index.php\/informativa-15515-interruzione-servizi-informatici-settore-civile-rinvii-gdp-atri\/","title":{"rendered":"Informativa 155\/15 (INTERRUZIONE SERVIZI INFORMATICI SETTORE CIVILE &#8211; RINVII GDP ATRI)"},"content":{"rendered":"<p>&nbsp;<\/p>\n<p><strong><span style=\"color: #000080;\">Lettera informativa n. 155\/15 del 30.10.2015<\/span><\/strong><\/p>\n<p style=\"text-align: justify;\">\u00a0<\/p>\n<p style=\"text-align: justify;\"><span style=\"color: #ff0000;\"><strong>1. PCT \u2013 INTERRUZIONE SERVIZI INFORMATICI SETTORE CIVILE<\/strong><\/span><br \/>\n<span style=\"color: #000080;\">Si trasmette in allegato la nota della Direzione generale per i servizi informativi automatizzati- DGSIA- del Ministero della Giustizia (<em>pubblicata sul portale http:\/\/pst.giustizia.it<\/em>), inerente alla <strong>interruzione dei servizi informatici del settore civile a partire dalle ore 17.00 di oggi, 30 ottobre.<\/strong> <\/span><br \/>\n<span style=\"color: #000080;\">Si segnala che, durante l &#8216;interruzione, i depositi telematici potranno essere ugualmente effettuati, ma non sar\u00e0, ovviamente, possibile la preventiva consultazione del fascicolo telematico.<\/span><br \/>\n<strong><span style=\"color: #000080;\">Il ripristino di tutti i sistemi \u00e8 previsto a partire dalle ore 24.00 del 31 ottobre e sino (al pi\u00f9 tardi) alle ore 8.00 di luned\u00ec 2 novembre.<\/span><\/strong><br \/>\n<span style=\"color: #000080;\">La circolare contiene l&#8217;indicazione dei servizi resi indisponibili nonch\u00e9 la descrizione sommaria delle principali funzionalit\u00e0 oggetto di intervento. (<a href=\"http:\/\/www.ordineavvocatipescara.it\/wp-content\/uploads\/2015\/10\/interruzione_servizi_informatici.pdf\">CLICCA QUI<\/a>)<\/span><\/p>\n<p style=\"text-align: justify;\">\u00a0<\/p>\n<p style=\"text-align: justify;\"><strong><span style=\"color: #ff0000;\">2. GDP ATRI \u2013 RINVIO UDIENZE CIVILI 2.11.2015<\/span><\/strong><br \/>\n<span style=\"color: #000080;\">Si trasmette in allegato la nota 27.10.2015 del Giudice di Pace di Atri relativa al rinvio d\u2019ufficio al 14 dicembre 2015 delle cause civili fissate ed iscritte al ruolo per l\u2019udienza del 2 novembre 2015. (<a href=\"http:\/\/www.ordineavvocatipescara.it\/wp-content\/uploads\/2015\/10\/RINVIO-GDP-ATRI-2.11.15.pdf\">CLICCA QUI<\/a>)<\/span><\/p>\n","protected":false},"excerpt":{"rendered":"<p>&nbsp; Lettera informativa n. 155\/15 del 30.10.2015 \u00a0 1. PCT \u2013 INTERRUZIONE SERVIZI INFORMATICI SETTORE CIVILE Si trasmette in allegato la nota della Direzione generale per i servizi informativi automatizzati- DGSIA- del Ministero della Giustizia (pubblicata sul portale http:\/\/pst.giustizia.it), inerente alla interruzione dei servizi informatici del settore civile a partire dalle ore 17.00 di oggi, [&hellip;]<\/p>\n","protected":false},"author":3,"featured_media":0,"parent":0,"menu_order":0,"comment_status":"closed","ping_status":"closed","template":"","meta":[],"_links":{"self":[{"href":"https:\/\/www.ordineavvocatipescara.it\/index.php\/wp-json\/wp\/v2\/pages\/8366"}],"collection":[{"href":"https:\/\/www.ordineavvocatipescara.it\/index.php\/wp-json\/wp\/v2\/pages"}],"about":[{"href":"https:\/\/www.ordineavvocatipescara.it\/index.php\/wp-json\/wp\/v2\/types\/page"}],"author":[{"embeddable":true,"href":"https:\/\/www.ordineavvocatipescara.it\/index.php\/wp-json\/wp\/v2\/users\/3"}],"replies":[{"embeddable":true,"href":"https:\/\/www.ordineavvocatipescara.it\/index.php\/wp-json\/wp\/v2\/comments?post=8366"}],"version-history":[{"count":3,"href":"https:\/\/www.ordineavvocatipescara.it\/index.php\/wp-json\/wp\/v2\/pages\/8366\/revisions"}],"predecessor-version":[{"id":8371,"href":"https:\/\/www.ordineavvocatipescara.it\/index.php\/wp-json\/wp\/v2\/pages\/8366\/revisions\/8371"}],"wp:attachment":[{"href":"https:\/\/www.ordineavvocatipescara.it\/index.php\/wp-json\/wp\/v2\/media?parent=8366"}],"curies":[{"name":"wp","href":"https:\/\/api.w.org\/{rel}","templated":true}]}}