{"id":8984,"date":"2016-03-09T16:17:34","date_gmt":"2016-03-09T15:17:34","guid":{"rendered":"http:\/\/www.ordineavvocatipescara.it\/?page_id=8984"},"modified":"2016-03-09T16:20:04","modified_gmt":"2016-03-09T15:20:04","slug":"informativa-3516-ruoli-corte-saluto-a-schiro-rinvio-gdp-pe-10-3-16-dm-23-2016-corso-cassazionisti","status":"publish","type":"page","link":"https:\/\/www.ordineavvocatipescara.it\/index.php\/informativa-3516-ruoli-corte-saluto-a-schiro-rinvio-gdp-pe-10-3-16-dm-23-2016-corso-cassazionisti\/","title":{"rendered":"Informativa 35\/16 (RUOLI CORTE &#8211; SALUTO A SCHIRO&#8217; &#8211; RINVIO GDP PE 10.3.16 &#8211; DM 23 2016 &#8211; CORSO CASSAZIONISTI)"},"content":{"rendered":"<p><strong><span style=\"color: #000080;\">Lettera informativa n. 35\/16 del 09.03.2016<\/span><\/strong><\/p>\n<p><span style=\"color: #ff0000;\"><strong>1.CORTE D\u2019APPELLO L\u2019AQUILA \u2013 RUOLO UDIENZA LAVORO 10 MARZO 2016<\/strong><\/span><br \/>\n<span style=\"color: #000080;\">Con riferimento all\u2019udienza in oggetto, si trasmette il documento allegato. (<a href=\"http:\/\/www.ordineavvocatipescara.it\/wp-content\/uploads\/2016\/03\/r-lavoro-10.3.pdf\" rel=\"\">clicca qui<\/a>)<\/span><br \/>\n<span style=\"color: #000080;\">Per ragioni di tutela della privacy, i nomi delle parti sono stati oscurati.<\/span><\/p>\n<p><strong><span style=\"color: #ff0000;\">2.CORTE D\u2019APPELLO L\u2019AQUILA \u2013 SALUTO AL PRESIDENTE SCHIRO\u2019<\/span><\/strong><br \/>\n<span style=\"color: #000080;\">Si trasmette in allegato la nota inviata dal COA di L\u2019Aquila in data 08.03.16, relativa all\u2019incontro conviviale in onore del Presidente della Corte d\u2019Appello, Dr. Stefano Schir\u00f2, che si terr\u00e0 marted\u00ec 15 marzo 2016, aperto alla partecipazione di Magistrati e Avvocati del Distretto. <\/span><br \/>\n<span style=\"color: #000080;\">Le adesioni sono raccolte presso la Corte di Appello. (<a href=\"http:\/\/www.ordineavvocatipescara.it\/wp-content\/uploads\/2016\/03\/15-marzo-2016-saluto-Presidente-Schir\u00f2.pdf\" rel=\"\">CLICCA QUI<\/a>)<\/span><\/p>\n<p><strong><span style=\"color: #ff0000;\">3. GDP PE \u2013 RINVIO UDIENZA 10.3.16<\/span><\/strong><br \/>\n<span style=\"color: #000080;\">Si trasmette in allegato la nota 8.3.16 dell\u2019Ufficio del Giudice di Pace di Pescara relativa al rinvio d\u2019ufficio <strong>al 07.04.2016<\/strong> dell\u2019udienza fissata per il giorno 10 marzo 2016. (<a href=\"http:\/\/www.ordineavvocatipescara.it\/wp-content\/uploads\/2016\/03\/rinvio-gdp-pe-10.3.pdf\" rel=\"\">CLICCA QUI<\/a>)<\/span><\/p>\n<p><strong><span style=\"color: #ff0000;\">3. DM 23\/16 ASSOCIAZIONI MULTIDISCIPLINARI<\/span><\/strong><br \/>\n<span style=\"color: #000080;\">Si segnala agli iscritti la pubblicazione in G.U. 01.03.2016 n. 50 del DM 23\/16 \u201cRegolamento recante norme di attuazione dell\u2019art. 4, comma 2, della legge 31 dicembre 2012, n. 247, per l\u2019individuazione delle <strong>categorie di liberi professionisti che possono partecipare alle associazioni tra avvocati<\/strong>\u201d. In vigore dal 16.03.2016. (<a href=\"http:\/\/www.ordineavvocatipescara.it\/wp-content\/uploads\/2016\/03\/DECRETO-23-16-ASS.-AVVOCATI.pdf\" rel=\"\">CLICCA QUI<\/a>)<\/span><\/p>\n<p><strong><span style=\"color: #000080;\"><span style=\"color: #ff0000;\">4. CNF \u2013 BANDO CORSO CASSAZIONISTI<\/span> <\/span><\/strong><br \/>\n<span style=\"color: #000080;\">Si segnala agli iscritti la pubblicazione sul sito www.consiglionazionaleforense.it, sezione Bandi Concorsi e Avvisi, del provvedimento 03.03.16 con il quale il Consiglio Nazionale Forense ha disposto la <strong>riapertura del termine<\/strong> per la presentazione delle domande di ammissione al corso propedeutico all\u2019iscrizione all\u2019Albo Cassazionisti ai sensi dell\u2019art. 22 co. 2 L. 247\/12 (in G. U. 4^ Serie speciale Concorsi n. 3 del 12.01.2016) <strong>sino al 19 marzo 2016, consentendo la presentazione della domanda ad aspiranti che maturino i requisiti entro il termine dell\u20198 aprile 2016<\/strong>. (<em>Art. 22 co. 2. L\u2019iscrizione pu\u00f2 essere richiesta anche da chi, avendo maturato una<strong> anzianit\u00e0 di iscrizione all\u2019albo di otto anni<\/strong>, successivamente abbia lodevolmente e proficuamente frequentato la Scuola superiore dell\u2019avvocatura, istituita e disciplinata con regolamento dal CNF.<\/em>)<\/span><\/p>\n","protected":false},"excerpt":{"rendered":"<p>Lettera informativa n. 35\/16 del 09.03.2016 1.CORTE D\u2019APPELLO L\u2019AQUILA \u2013 RUOLO UDIENZA LAVORO 10 MARZO 2016 Con riferimento all\u2019udienza in oggetto, si trasmette il documento allegato. (clicca qui) Per ragioni di tutela della privacy, i nomi delle parti sono stati oscurati. 2.CORTE D\u2019APPELLO L\u2019AQUILA \u2013 SALUTO AL PRESIDENTE SCHIRO\u2019 Si trasmette in allegato la nota [&hellip;]<\/p>\n","protected":false},"author":3,"featured_media":0,"parent":0,"menu_order":0,"comment_status":"closed","ping_status":"closed","template":"","meta":[],"_links":{"self":[{"href":"https:\/\/www.ordineavvocatipescara.it\/index.php\/wp-json\/wp\/v2\/pages\/8984"}],"collection":[{"href":"https:\/\/www.ordineavvocatipescara.it\/index.php\/wp-json\/wp\/v2\/pages"}],"about":[{"href":"https:\/\/www.ordineavvocatipescara.it\/index.php\/wp-json\/wp\/v2\/types\/page"}],"author":[{"embeddable":true,"href":"https:\/\/www.ordineavvocatipescara.it\/index.php\/wp-json\/wp\/v2\/users\/3"}],"replies":[{"embeddable":true,"href":"https:\/\/www.ordineavvocatipescara.it\/index.php\/wp-json\/wp\/v2\/comments?post=8984"}],"version-history":[{"count":2,"href":"https:\/\/www.ordineavvocatipescara.it\/index.php\/wp-json\/wp\/v2\/pages\/8984\/revisions"}],"predecessor-version":[{"id":8990,"href":"https:\/\/www.ordineavvocatipescara.it\/index.php\/wp-json\/wp\/v2\/pages\/8984\/revisions\/8990"}],"wp:attachment":[{"href":"https:\/\/www.ordineavvocatipescara.it\/index.php\/wp-json\/wp\/v2\/media?parent=8984"}],"curies":[{"name":"wp","href":"https:\/\/api.w.org\/{rel}","templated":true}]}}